{"id":395,"date":"2020-06-14T22:51:39","date_gmt":"2020-06-14T20:51:39","guid":{"rendered":"https:\/\/wp.wieseneck-hiddensee.de\/?page_id=395"},"modified":"2025-08-01T08:07:21","modified_gmt":"2025-08-01T06:07:21","slug":"das-wieseneck","status":"publish","type":"page","link":"https:\/\/wieseneck-hiddensee.de\/es\/das-wieseneck\/","title":{"rendered":"El rinc\u00f3n de la pradera"},"content":{"rendered":"\t\t<div data-elementor-type=\"wp-page\" data-elementor-id=\"395\" class=\"elementor elementor-395\">\n\t\t\t\t\t\t<section class=\"elementor-section elementor-top-section elementor-element elementor-element-5b7eaffa elementor-section-full_width elementor-section-height-min-height elementor-section-height-default elementor-section-items-middle\" data-id=\"5b7eaffa\" data-element_type=\"section\" data-e-type=\"section\" data-settings=\"{&quot;background_background&quot;:&quot;slideshow&quot;,&quot;background_slideshow_gallery&quot;:[{&quot;id&quot;:681,&quot;url&quot;:&quot;https:\\\/\\\/wieseneck-hiddensee.de\\\/wp-content\\\/uploads\\\/2020\\\/06\\\/WieseneckSommer.jpg&quot;},{&quot;id&quot;:159,&quot;url&quot;:&quot;https:\\\/\\\/wieseneck-hiddensee.de\\\/wp-content\\\/uploads\\\/2020\\\/06\\\/fruehstueck.jpg&quot;},{&quot;id&quot;:151,&quot;url&quot;:&quot;https:\\\/\\\/wieseneck-hiddensee.de\\\/wp-content\\\/uploads\\\/2020\\\/06\\\/Wieseneck_nachts.jpg&quot;},{&quot;id&quot;:172,&quot;url&quot;:&quot;https:\\\/\\\/wieseneck-hiddensee.de\\\/wp-content\\\/uploads\\\/2020\\\/06\\\/20150609-_DSC1113.jpg&quot;},{&quot;id&quot;:129,&quot;url&quot;:&quot;https:\\\/\\\/wieseneck-hiddensee.de\\\/wp-content\\\/uploads\\\/2020\\\/06\\\/20150607-_DSC8938-Panorama.jpg&quot;},{&quot;id&quot;:156,&quot;url&quot;:&quot;https:\\\/\\\/wieseneck-hiddensee.de\\\/wp-content\\\/uploads\\\/2020\\\/06\\\/wieseneck_pension.jpg&quot;}],&quot;background_slideshow_transition_duration&quot;:8000,&quot;background_slideshow_loop&quot;:&quot;yes&quot;,&quot;background_slideshow_slide_duration&quot;:5000,&quot;background_slideshow_slide_transition&quot;:&quot;fade&quot;}\">\n\t\t\t\t\t\t<div class=\"elementor-container elementor-column-gap-no\">\n\t\t\t\t\t<div class=\"elementor-column elementor-col-100 elementor-top-column elementor-element elementor-element-26bfbdb0\" data-id=\"26bfbdb0\" data-element_type=\"column\" data-e-type=\"column\">\n\t\t\t<div class=\"elementor-widget-wrap\">\n\t\t\t\t\t\t\t<\/div>\n\t\t<\/div>\n\t\t\t\t\t<\/div>\n\t\t<\/section>\n\t\t\t\t<section class=\"elementor-section elementor-top-section elementor-element elementor-element-afb397b elementor-section-boxed elementor-section-height-default elementor-section-height-default\" data-id=\"afb397b\" data-element_type=\"section\" data-e-type=\"section\">\n\t\t\t\t\t\t<div class=\"elementor-container elementor-column-gap-default\">\n\t\t\t\t\t<div class=\"elementor-column elementor-col-100 elementor-top-column elementor-element elementor-element-15efc90\" data-id=\"15efc90\" data-element_type=\"column\" data-e-type=\"column\">\n\t\t\t<div class=\"elementor-widget-wrap elementor-element-populated\">\n\t\t\t\t\t\t<div class=\"elementor-element elementor-element-3fd3b4a elementor-widget-divider--view-line elementor-widget elementor-widget-divider\" data-id=\"3fd3b4a\" data-element_type=\"widget\" data-e-type=\"widget\" data-widget_type=\"divider.default\">\n\t\t\t\t<div class=\"elementor-widget-container\">\n\t\t\t\t\t\t\t<div class=\"elementor-divider\">\n\t\t\t<span class=\"elementor-divider-separator\">\n\t\t\t\t\t\t<\/span>\n\t\t<\/div>\n\t\t\t\t\t\t<\/div>\n\t\t\t\t<\/div>\n\t\t\t\t\t<\/div>\n\t\t<\/div>\n\t\t\t\t\t<\/div>\n\t\t<\/section>\n\t\t\t\t<section class=\"elementor-section elementor-top-section elementor-element elementor-element-6ced450e elementor-section-boxed elementor-section-height-default elementor-section-height-default\" data-id=\"6ced450e\" data-element_type=\"section\" data-e-type=\"section\">\n\t\t\t\t\t\t<div class=\"elementor-container elementor-column-gap-default\">\n\t\t\t\t\t<div class=\"elementor-column elementor-col-33 elementor-top-column elementor-element elementor-element-2fbb045e\" data-id=\"2fbb045e\" data-element_type=\"column\" data-e-type=\"column\">\n\t\t\t<div class=\"elementor-widget-wrap elementor-element-populated\">\n\t\t\t\t\t\t<div class=\"elementor-element elementor-element-78887b44 elementor-widget elementor-widget-heading\" data-id=\"78887b44\" data-element_type=\"widget\" data-e-type=\"widget\" data-widget_type=\"heading.default\">\n\t\t\t\t<div class=\"elementor-widget-container\">\n\t\t\t\t\t<h5 class=\"elementor-heading-title elementor-size-default\">\u00d6ffnungszeiten<\/h5>\t\t\t\t<\/div>\n\t\t\t\t<\/div>\n\t\t\t\t<div class=\"elementor-element elementor-element-1c768062 elementor-widget-divider--view-line elementor-widget elementor-widget-divider\" data-id=\"1c768062\" data-element_type=\"widget\" data-e-type=\"widget\" data-widget_type=\"divider.default\">\n\t\t\t\t<div class=\"elementor-widget-container\">\n\t\t\t\t\t\t\t<div class=\"elementor-divider\">\n\t\t\t<span class=\"elementor-divider-separator\">\n\t\t\t\t\t\t<\/span>\n\t\t<\/div>\n\t\t\t\t\t\t<\/div>\n\t\t\t\t<\/div>\n\t\t\t\t<div class=\"elementor-element elementor-element-4082242 elementor-widget elementor-widget-text-editor\" data-id=\"4082242\" data-element_type=\"widget\" data-e-type=\"widget\" data-widget_type=\"text-editor.default\">\n\t\t\t\t<div class=\"elementor-widget-container\">\n\t\t\t\t\t\t\t\t\t<p>Montag bis Samstag ab 12.00 Uhr<\/p><p>Warme K\u00fcche bis 21.00 Uhr<\/p><p>Sonntags haben wir Ruhetag<\/p><p>Wir freuen uns auf Ihren Besuch!<\/p><p>Wenn m\u00f6glich,\u00a0 reservieren Sie bitte unter 038 300 316.<\/p>\t\t\t\t\t\t\t\t<\/div>\n\t\t\t\t<\/div>\n\t\t\t\t<div class=\"elementor-element elementor-element-637c3a9 elementor-widget elementor-widget-image\" data-id=\"637c3a9\" data-element_type=\"widget\" data-e-type=\"widget\" data-widget_type=\"image.default\">\n\t\t\t\t<div class=\"elementor-widget-container\">\n\t\t\t\t\t\t\t\t\t\t\t\t\t\t\t\t<a href=\"https:\/\/wieseneck-hiddensee.de\/wieseneck-hausprospekt\/\">\n\t\t\t\t\t\t\t<img decoding=\"async\" src=\"https:\/\/wieseneck-hiddensee.de\/wp-content\/uploads\/2020\/08\/Wieseneckflyer_titelklweb-e1754028275654.jpg\" title=\"Wieseneckflyer\" alt=\"Unser Hausprospekt\" loading=\"lazy\" \/>\t\t\t\t\t\t\t\t<\/a>\n\t\t\t\t\t\t\t\t\t\t\t\t\t\t\t<\/div>\n\t\t\t\t<\/div>\n\t\t\t\t<div class=\"elementor-element elementor-element-1772b49 elementor-widget elementor-widget-text-editor\" data-id=\"1772b49\" data-element_type=\"widget\" data-e-type=\"widget\" data-widget_type=\"text-editor.default\">\n\t\t\t\t<div class=\"elementor-widget-container\">\n\t\t\t\t\t\t\t\t\t<p><a href=\"https:\/\/wieseneck-hiddensee.de\/wieseneck-hausprospekt\/\" data-wplink-edit=\"true\">Hausprospekt -&gt; Zum Download<\/a><\/p>\t\t\t\t\t\t\t\t<\/div>\n\t\t\t\t<\/div>\n\t\t\t\t<div class=\"elementor-element elementor-element-eaabb84 elementor-widget-divider--view-line elementor-widget elementor-widget-divider\" data-id=\"eaabb84\" data-element_type=\"widget\" data-e-type=\"widget\" data-widget_type=\"divider.default\">\n\t\t\t\t<div class=\"elementor-widget-container\">\n\t\t\t\t\t\t\t<div class=\"elementor-divider\">\n\t\t\t<span class=\"elementor-divider-separator\">\n\t\t\t\t\t\t<\/span>\n\t\t<\/div>\n\t\t\t\t\t\t<\/div>\n\t\t\t\t<\/div>\n\t\t\t\t<div class=\"elementor-element elementor-element-12505df2 elementor-widget elementor-widget-heading\" data-id=\"12505df2\" data-element_type=\"widget\" data-e-type=\"widget\" data-widget_type=\"heading.default\">\n\t\t\t\t<div class=\"elementor-widget-container\">\n\t\t\t\t\t<h5 class=\"elementor-heading-title elementor-size-default\">Kontakt:<\/h5>\t\t\t\t<\/div>\n\t\t\t\t<\/div>\n\t\t\t\t<div class=\"elementor-element elementor-element-4eb6e10 elementor-widget elementor-widget-text-editor\" data-id=\"4eb6e10\" data-element_type=\"widget\" data-e-type=\"widget\" data-widget_type=\"text-editor.default\">\n\t\t\t\t<div class=\"elementor-widget-container\">\n\t\t\t\t\t\t\t\t\t<p>Kirchweg 18 | D-18565 | Kloster \/ Hiddensee | Germany<br \/>Phone: <a href=\"tel:+4938300316\">+49 (0)38300 316<\/a> | Fax: +49 (0)38300 68024<br \/><a href=\"mailto:info@wieseneck-hiddensee.de\">info@wieseneck-hiddensee.de<\/a> | <a title=\"Hiddensee - Pension Wieseneck\" href=\"https:\/\/www.wieseneck-hiddensee.de\" target=\"_blank\" rel=\"noopener\">www.wieseneck-hiddensee.de<\/a><\/p>\t\t\t\t\t\t\t\t<\/div>\n\t\t\t\t<\/div>\n\t\t\t\t<div class=\"elementor-element elementor-element-251b952 elementor-widget-divider--view-line elementor-widget elementor-widget-divider\" data-id=\"251b952\" data-element_type=\"widget\" data-e-type=\"widget\" data-widget_type=\"divider.default\">\n\t\t\t\t<div class=\"elementor-widget-container\">\n\t\t\t\t\t\t\t<div class=\"elementor-divider\">\n\t\t\t<span class=\"elementor-divider-separator\">\n\t\t\t\t\t\t<\/span>\n\t\t<\/div>\n\t\t\t\t\t\t<\/div>\n\t\t\t\t<\/div>\n\t\t\t\t<div class=\"elementor-element elementor-element-46a3b1a elementor-widget elementor-widget-heading\" data-id=\"46a3b1a\" data-element_type=\"widget\" data-e-type=\"widget\" data-widget_type=\"heading.default\">\n\t\t\t\t<div class=\"elementor-widget-container\">\n\t\t\t\t\t<h5 class=\"elementor-heading-title elementor-size-default\">Jobangebote:<\/h5>\t\t\t\t<\/div>\n\t\t\t\t<\/div>\n\t\t\t\t<div class=\"elementor-element elementor-element-e2692ee elementor-widget elementor-widget-text-editor\" data-id=\"e2692ee\" data-element_type=\"widget\" data-e-type=\"widget\" data-widget_type=\"text-editor.default\">\n\t\t\t\t<div class=\"elementor-widget-container\">\n\t\t\t\t\t\t\t\t\t<p>Wir suchen ab Juni oder sp\u00e4ter zur Verst\u00e4rkung\u00a0unsers Team:<br \/>Servicemitarbeiter und K\u00f6che<br \/>Kontakt: \u00a0 038300 316\u00a0 \u00a0 info@wieseneck-hiddensee.de<\/p>\t\t\t\t\t\t\t\t<\/div>\n\t\t\t\t<\/div>\n\t\t\t\t\t<\/div>\n\t\t<\/div>\n\t\t\t\t<div class=\"elementor-column elementor-col-33 elementor-top-column elementor-element elementor-element-79267a43\" data-id=\"79267a43\" data-element_type=\"column\" data-e-type=\"column\">\n\t\t\t<div class=\"elementor-widget-wrap elementor-element-populated\">\n\t\t\t\t\t\t<div class=\"elementor-element elementor-element-5bb394e5 elementor-widget elementor-widget-text-editor\" data-id=\"5bb394e5\" data-element_type=\"widget\" data-e-type=\"widget\" data-widget_type=\"text-editor.default\">\n\t\t\t\t<div class=\"elementor-widget-container\">\n\t\t\t\t\t\t\t\t\t<h4>Wieseneck-Newsletter<\/h4><p>Aktuelle Infos<br \/>Kurzfristig freie Zimmer \u00ad<br \/>Kultur-Tips<\/p>\t\t\t\t\t\t\t\t<\/div>\n\t\t\t\t<\/div>\n\t\t\t\t<div class=\"elementor-element elementor-element-96283bc elementor-widget-divider--view-line elementor-widget elementor-widget-divider\" data-id=\"96283bc\" data-element_type=\"widget\" data-e-type=\"widget\" data-widget_type=\"divider.default\">\n\t\t\t\t<div class=\"elementor-widget-container\">\n\t\t\t\t\t\t\t<div class=\"elementor-divider\">\n\t\t\t<span class=\"elementor-divider-separator\">\n\t\t\t\t\t\t<\/span>\n\t\t<\/div>\n\t\t\t\t\t\t<\/div>\n\t\t\t\t<\/div>\n\t\t\t\t<div class=\"elementor-element elementor-element-8ad2a73 elementor-widget elementor-widget-heading\" data-id=\"8ad2a73\" data-element_type=\"widget\" data-e-type=\"widget\" data-widget_type=\"heading.default\">\n\t\t\t\t<div class=\"elementor-widget-container\">\n\t\t\t\t\t<h5 class=\"elementor-heading-title elementor-size-default\">Anfahrt:<\/h5>\t\t\t\t<\/div>\n\t\t\t\t<\/div>\n\t\t\t\t<div class=\"elementor-element elementor-element-816e158 elementor-widget elementor-widget-text-editor\" data-id=\"816e158\" data-element_type=\"widget\" data-e-type=\"widget\" data-widget_type=\"text-editor.default\">\n\t\t\t\t<div class=\"elementor-widget-container\">\n\t\t\t\t\t\t\t\t\t<h5>Bahn<\/h5><div>\u00a0<\/div><div>Direkteverbindung IC, IR, von K\u00f6ln, Hamburg, Berlin, Basel bis Bergen auf R\u00fcgen &#8211; Anschlu\u00df mit dem Linienbus nach Schaprode<\/div><div>\u00a0<\/div><h5>Auto<\/h5><div>\u00a0<\/div><div>auf der B96 \u00fcber Stralsund (R\u00fcgendamm) bis Samtens danach die Landstra\u00dfe Gingst &#8211; Schaprode<\/div><div><span style=\"color: #008000;\"><strong>Die Insel ist autofrei!<\/strong><strong> (Parkplatz in Schaprode)<\/strong><\/span><\/div><div>\u00a0<\/div><h5>F\u00e4hrenanbindung<\/h5><div>\u00a0<\/div><div>zwischen Stralsund, Schaprode und Kloster\/Hiddensee besteht F\u00e4hrverbindung oder ein Wassertaxi kann genutzt werden.<\/div><div>R\u00fcgenanbindung \u00fcber die F\u00e4hre Stahlbrode-Glewitz!<\/div><div>\u00a0<\/div><h5><strong><span style=\"color: #008000;\"><a style=\"color: #008000;\" href=\"https:\/\/www.reederei-hiddensee.de\/\" target=\"_blank\" rel=\"noopener\">Link: F\u00e4hrverbindungen | Fahrpl\u00e4ne<\/a><\/span><\/strong><\/h5>\t\t\t\t\t\t\t\t<\/div>\n\t\t\t\t<\/div>\n\t\t\t\t\t<\/div>\n\t\t<\/div>\n\t\t\t\t<div class=\"elementor-column elementor-col-33 elementor-top-column elementor-element elementor-element-418d7978\" data-id=\"418d7978\" data-element_type=\"column\" data-e-type=\"column\">\n\t\t\t<div class=\"elementor-widget-wrap elementor-element-populated\">\n\t\t\t\t\t\t<div class=\"elementor-element elementor-element-c81b74b elementor-widget elementor-widget-heading\" data-id=\"c81b74b\" data-element_type=\"widget\" data-e-type=\"widget\" data-widget_type=\"heading.default\">\n\t\t\t\t<div class=\"elementor-widget-container\">\n\t\t\t\t\t<h5 class=\"elementor-heading-title elementor-size-default\">Die Insel Hiddensee<\/h5>\t\t\t\t<\/div>\n\t\t\t\t<\/div>\n\t\t\t\t<div class=\"elementor-element elementor-element-fa1d780 elementor-widget-divider--view-line elementor-widget elementor-widget-divider\" data-id=\"fa1d780\" data-element_type=\"widget\" data-e-type=\"widget\" data-widget_type=\"divider.default\">\n\t\t\t\t<div class=\"elementor-widget-container\">\n\t\t\t\t\t\t\t<div class=\"elementor-divider\">\n\t\t\t<span class=\"elementor-divider-separator\">\n\t\t\t\t\t\t<\/span>\n\t\t<\/div>\n\t\t\t\t\t\t<\/div>\n\t\t\t\t<\/div>\n\t\t\t\t<div class=\"elementor-element elementor-element-254706bc elementor-widget elementor-widget-text-editor\" data-id=\"254706bc\" data-element_type=\"widget\" data-e-type=\"widget\" data-widget_type=\"text-editor.default\">\n\t\t\t\t<div class=\"elementor-widget-container\">\n\t\t\t\t\t\t\t\t\t<p>Die Insel <acronym lang=\"de\" title=\"Auch bekannt durch den Hit &quot;Du hast den Farbfilm vergessen&quot; von Nina Hagen.\">Hiddensee<\/acronym> geh\u00f6rt zum Naturschutzpark Vorpommersche Boddenlandschaft und liegt westlich von R\u00fcgen in der Ostsee. Hiddensee hat eine Gr\u00f6\u00dfe von 18 km\u00b2, ist 17 km lang und an ihrer breitesten Stelle 3,7 km. Zu erreichen vom Festland \/ Stralsund mit Passagierschiffen (Reisezeit ca. 2 h) und von der Insel R\u00fcgen\/Schaprode mit Passagierschiffen (Reisezeit 45 min) bzw. Wassertaxen (Reisezeit 15 min).<\/p>\t\t\t\t\t\t\t\t<\/div>\n\t\t\t\t<\/div>\n\t\t\t\t<div class=\"elementor-element elementor-element-da4f10f elementor-widget elementor-widget-text-editor\" data-id=\"da4f10f\" data-element_type=\"widget\" data-e-type=\"widget\" data-widget_type=\"text-editor.default\">\n\t\t\t\t<div class=\"elementor-widget-container\">\n\t\t\t\t\t\t\t\t\t<p><a href=\"https:\/\/www.google.com\/maps\/place\/Pension+Wieseneck\/@54.5852898,13.105595,15z\/data=!4m9!3m8!1s0x47aca7c6679d0efd:0x1864112782f7b2d8!5m2!4m1!1i2!8m2!3d54.5852898!4d13.105595!16s%2Fg%2F1trvkgqr\" target=\"_blank\" rel=\"noopener\">Hier ein Link zu Google-Maps<\/a><\/p>\t\t\t\t\t\t\t\t<\/div>\n\t\t\t\t<\/div>\n\t\t\t\t<div class=\"elementor-element elementor-element-b42988b elementor-widget-divider--view-line elementor-widget elementor-widget-divider\" data-id=\"b42988b\" data-element_type=\"widget\" data-e-type=\"widget\" data-widget_type=\"divider.default\">\n\t\t\t\t<div class=\"elementor-widget-container\">\n\t\t\t\t\t\t\t<div class=\"elementor-divider\">\n\t\t\t<span class=\"elementor-divider-separator\">\n\t\t\t\t\t\t<\/span>\n\t\t<\/div>\n\t\t\t\t\t\t<\/div>\n\t\t\t\t<\/div>\n\t\t\t\t<div class=\"elementor-element elementor-element-a352ff4 elementor-widget elementor-widget-text-editor\" data-id=\"a352ff4\" data-element_type=\"widget\" data-e-type=\"widget\" data-widget_type=\"text-editor.default\">\n\t\t\t\t<div class=\"elementor-widget-container\">\n\t\t\t\t\t\t\t\t\t<p><span style=\"color: #ffffff;\"><a style=\"color: #ffffff;\" href=\"https:\/\/wieseneck-hiddensee.de\/historie\/\">Historie vom Wieseneck<\/a><\/span><\/p>\t\t\t\t\t\t\t\t<\/div>\n\t\t\t\t<\/div>\n\t\t\t\t\t<\/div>\n\t\t<\/div>\n\t\t\t\t\t<\/div>\n\t\t<\/section>\n\t\t\t\t<\/div>\n\t\t","protected":false},"excerpt":{"rendered":"<p>Horario de apertura De lunes a s\u00e1bado a partir de las 12.00 horas Comidas calientes hasta las 21.00 horas Los domingos est\u00e1 cerrado \u00a1Esperamos su visita! Si es posible, haga una reserva en el 038 300 316. Folleto de la casa -&gt; Descargar ...<\/p>","protected":false},"author":3,"featured_media":0,"parent":0,"menu_order":0,"comment_status":"closed","ping_status":"closed","template":"elementor_header_footer","meta":{"footnotes":""},"folder":[],"class_list":["post-395","page","type-page","status-publish","hentry"],"yoast_head":"<!-- This site is optimized with the Yoast SEO plugin v27.4 - https:\/\/yoast.com\/product\/yoast-seo-wordpress\/ -->\n<title>Das Wieseneck - wieseneck-hiddensee<\/title>\n<meta name=\"robots\" content=\"index, follow, max-snippet:-1, max-image-preview:large, max-video-preview:-1\" \/>\n<link rel=\"canonical\" href=\"https:\/\/wieseneck-hiddensee.de\/es\/das-wieseneck\/\" \/>\n<meta property=\"og:locale\" content=\"es_ES\" \/>\n<meta property=\"og:type\" content=\"article\" \/>\n<meta property=\"og:title\" content=\"Das Wieseneck - wieseneck-hiddensee\" \/>\n<meta property=\"og:description\" content=\"\u00d6ffnungszeiten Montag bis Samstag ab 12.00 Uhr Warme K\u00fcche bis 21.00 Uhr Sonntags haben wir Ruhetag Wir freuen uns auf Ihren Besuch! Wenn m\u00f6glich,\u00a0 reservieren Sie bitte unter 038 300 316. Hausprospekt -&gt; Zum Download &hellip;\" \/>\n<meta property=\"og:url\" content=\"https:\/\/wieseneck-hiddensee.de\/es\/das-wieseneck\/\" \/>\n<meta property=\"og:site_name\" content=\"wieseneck-hiddensee\" \/>\n<meta property=\"article:modified_time\" content=\"2025-08-01T06:07:21+00:00\" \/>\n<meta property=\"og:image\" content=\"https:\/\/wieseneck-hiddensee.de\/wp-content\/uploads\/2020\/08\/Wieseneckflyer_titelklweb-e1754028275654.jpg\" \/>\n<meta name=\"twitter:card\" content=\"summary_large_image\" \/>\n<meta name=\"twitter:label1\" content=\"Tiempo de lectura\" \/>\n\t<meta name=\"twitter:data1\" content=\"2 minutos\" \/>\n<script type=\"application\/ld+json\" class=\"yoast-schema-graph\">{\"@context\":\"https:\\\/\\\/schema.org\",\"@graph\":[{\"@type\":\"WebPage\",\"@id\":\"https:\\\/\\\/wieseneck-hiddensee.de\\\/das-wieseneck\\\/\",\"url\":\"https:\\\/\\\/wieseneck-hiddensee.de\\\/das-wieseneck\\\/\",\"name\":\"Das Wieseneck - wieseneck-hiddensee\",\"isPartOf\":{\"@id\":\"https:\\\/\\\/wieseneck-hiddensee.de\\\/#website\"},\"primaryImageOfPage\":{\"@id\":\"https:\\\/\\\/wieseneck-hiddensee.de\\\/das-wieseneck\\\/#primaryimage\"},\"image\":{\"@id\":\"https:\\\/\\\/wieseneck-hiddensee.de\\\/das-wieseneck\\\/#primaryimage\"},\"thumbnailUrl\":\"https:\\\/\\\/wieseneck-hiddensee.de\\\/wp-content\\\/uploads\\\/2020\\\/08\\\/Wieseneckflyer_titelklweb-e1754028275654.jpg\",\"datePublished\":\"2020-06-14T20:51:39+00:00\",\"dateModified\":\"2025-08-01T06:07:21+00:00\",\"breadcrumb\":{\"@id\":\"https:\\\/\\\/wieseneck-hiddensee.de\\\/das-wieseneck\\\/#breadcrumb\"},\"inLanguage\":\"es\",\"potentialAction\":[{\"@type\":\"ReadAction\",\"target\":[\"https:\\\/\\\/wieseneck-hiddensee.de\\\/das-wieseneck\\\/\"]}]},{\"@type\":\"ImageObject\",\"inLanguage\":\"es\",\"@id\":\"https:\\\/\\\/wieseneck-hiddensee.de\\\/das-wieseneck\\\/#primaryimage\",\"url\":\"https:\\\/\\\/wieseneck-hiddensee.de\\\/wp-content\\\/uploads\\\/2020\\\/08\\\/Wieseneckflyer_titelklweb-e1754028275654.jpg\",\"contentUrl\":\"https:\\\/\\\/wieseneck-hiddensee.de\\\/wp-content\\\/uploads\\\/2020\\\/08\\\/Wieseneckflyer_titelklweb-e1754028275654.jpg\"},{\"@type\":\"BreadcrumbList\",\"@id\":\"https:\\\/\\\/wieseneck-hiddensee.de\\\/das-wieseneck\\\/#breadcrumb\",\"itemListElement\":[{\"@type\":\"ListItem\",\"position\":1,\"name\":\"Startseite\",\"item\":\"https:\\\/\\\/wieseneck-hiddensee.de\\\/\"},{\"@type\":\"ListItem\",\"position\":2,\"name\":\"Das Wieseneck\"}]},{\"@type\":\"WebSite\",\"@id\":\"https:\\\/\\\/wieseneck-hiddensee.de\\\/#website\",\"url\":\"https:\\\/\\\/wieseneck-hiddensee.de\\\/\",\"name\":\"wieseneck-hiddensee\",\"description\":\"\",\"publisher\":{\"@id\":\"https:\\\/\\\/wieseneck-hiddensee.de\\\/#organization\"},\"potentialAction\":[{\"@type\":\"SearchAction\",\"target\":{\"@type\":\"EntryPoint\",\"urlTemplate\":\"https:\\\/\\\/wieseneck-hiddensee.de\\\/?s={search_term_string}\"},\"query-input\":{\"@type\":\"PropertyValueSpecification\",\"valueRequired\":true,\"valueName\":\"search_term_string\"}}],\"inLanguage\":\"es\"},{\"@type\":\"Organization\",\"@id\":\"https:\\\/\\\/wieseneck-hiddensee.de\\\/#organization\",\"name\":\"wieseneck-hiddensee\",\"url\":\"https:\\\/\\\/wieseneck-hiddensee.de\\\/\",\"logo\":{\"@type\":\"ImageObject\",\"inLanguage\":\"es\",\"@id\":\"https:\\\/\\\/wieseneck-hiddensee.de\\\/#\\\/schema\\\/logo\\\/image\\\/\",\"url\":\"https:\\\/\\\/wieseneck-hiddensee.de\\\/wp-content\\\/uploads\\\/2020\\\/06\\\/cropped-wieseneckillu-3web.jpg\",\"contentUrl\":\"https:\\\/\\\/wieseneck-hiddensee.de\\\/wp-content\\\/uploads\\\/2020\\\/06\\\/cropped-wieseneckillu-3web.jpg\",\"width\":563,\"height\":300,\"caption\":\"wieseneck-hiddensee\"},\"image\":{\"@id\":\"https:\\\/\\\/wieseneck-hiddensee.de\\\/#\\\/schema\\\/logo\\\/image\\\/\"}}]}<\/script>\n<!-- \/ Yoast SEO plugin. -->","yoast_head_json":{"title":"El Wieseneck - wieseneck-hiddensee","robots":{"index":"index","follow":"follow","max-snippet":"max-snippet:-1","max-image-preview":"max-image-preview:large","max-video-preview":"max-video-preview:-1"},"canonical":"https:\/\/wieseneck-hiddensee.de\/es\/das-wieseneck\/","og_locale":"es_ES","og_type":"article","og_title":"Das Wieseneck - wieseneck-hiddensee","og_description":"\u00d6ffnungszeiten Montag bis Samstag ab 12.00 Uhr Warme K\u00fcche bis 21.00 Uhr Sonntags haben wir Ruhetag Wir freuen uns auf Ihren Besuch! Wenn m\u00f6glich,\u00a0 reservieren Sie bitte unter 038 300 316. Hausprospekt -&gt; Zum Download &hellip;","og_url":"https:\/\/wieseneck-hiddensee.de\/es\/das-wieseneck\/","og_site_name":"wieseneck-hiddensee","article_modified_time":"2025-08-01T06:07:21+00:00","og_image":[{"url":"https:\/\/wieseneck-hiddensee.de\/wp-content\/uploads\/2020\/08\/Wieseneckflyer_titelklweb-e1754028275654.jpg","type":"","width":"","height":""}],"twitter_card":"summary_large_image","twitter_misc":{"Tiempo de lectura":"2 minutos"},"schema":{"@context":"https:\/\/schema.org","@graph":[{"@type":"WebPage","@id":"https:\/\/wieseneck-hiddensee.de\/das-wieseneck\/","url":"https:\/\/wieseneck-hiddensee.de\/das-wieseneck\/","name":"El Wieseneck - wieseneck-hiddensee","isPartOf":{"@id":"https:\/\/wieseneck-hiddensee.de\/#website"},"primaryImageOfPage":{"@id":"https:\/\/wieseneck-hiddensee.de\/das-wieseneck\/#primaryimage"},"image":{"@id":"https:\/\/wieseneck-hiddensee.de\/das-wieseneck\/#primaryimage"},"thumbnailUrl":"https:\/\/wieseneck-hiddensee.de\/wp-content\/uploads\/2020\/08\/Wieseneckflyer_titelklweb-e1754028275654.jpg","datePublished":"2020-06-14T20:51:39+00:00","dateModified":"2025-08-01T06:07:21+00:00","breadcrumb":{"@id":"https:\/\/wieseneck-hiddensee.de\/das-wieseneck\/#breadcrumb"},"inLanguage":"es","potentialAction":[{"@type":"ReadAction","target":["https:\/\/wieseneck-hiddensee.de\/das-wieseneck\/"]}]},{"@type":"ImageObject","inLanguage":"es","@id":"https:\/\/wieseneck-hiddensee.de\/das-wieseneck\/#primaryimage","url":"https:\/\/wieseneck-hiddensee.de\/wp-content\/uploads\/2020\/08\/Wieseneckflyer_titelklweb-e1754028275654.jpg","contentUrl":"https:\/\/wieseneck-hiddensee.de\/wp-content\/uploads\/2020\/08\/Wieseneckflyer_titelklweb-e1754028275654.jpg"},{"@type":"BreadcrumbList","@id":"https:\/\/wieseneck-hiddensee.de\/das-wieseneck\/#breadcrumb","itemListElement":[{"@type":"ListItem","position":1,"name":"Startseite","item":"https:\/\/wieseneck-hiddensee.de\/"},{"@type":"ListItem","position":2,"name":"Das Wieseneck"}]},{"@type":"WebSite","@id":"https:\/\/wieseneck-hiddensee.de\/#website","url":"https:\/\/wieseneck-hiddensee.de\/","name":"wieseneck-hiddensee","description":"","publisher":{"@id":"https:\/\/wieseneck-hiddensee.de\/#organization"},"potentialAction":[{"@type":"SearchAction","target":{"@type":"EntryPoint","urlTemplate":"https:\/\/wieseneck-hiddensee.de\/?s={search_term_string}"},"query-input":{"@type":"PropertyValueSpecification","valueRequired":true,"valueName":"search_term_string"}}],"inLanguage":"es"},{"@type":"Organization","@id":"https:\/\/wieseneck-hiddensee.de\/#organization","name":"wieseneck-hiddensee","url":"https:\/\/wieseneck-hiddensee.de\/","logo":{"@type":"ImageObject","inLanguage":"es","@id":"https:\/\/wieseneck-hiddensee.de\/#\/schema\/logo\/image\/","url":"https:\/\/wieseneck-hiddensee.de\/wp-content\/uploads\/2020\/06\/cropped-wieseneckillu-3web.jpg","contentUrl":"https:\/\/wieseneck-hiddensee.de\/wp-content\/uploads\/2020\/06\/cropped-wieseneckillu-3web.jpg","width":563,"height":300,"caption":"wieseneck-hiddensee"},"image":{"@id":"https:\/\/wieseneck-hiddensee.de\/#\/schema\/logo\/image\/"}}]}},"_links":{"self":[{"href":"https:\/\/wieseneck-hiddensee.de\/es\/wp-json\/wp\/v2\/pages\/395","targetHints":{"allow":["GET"]}}],"collection":[{"href":"https:\/\/wieseneck-hiddensee.de\/es\/wp-json\/wp\/v2\/pages"}],"about":[{"href":"https:\/\/wieseneck-hiddensee.de\/es\/wp-json\/wp\/v2\/types\/page"}],"author":[{"embeddable":true,"href":"https:\/\/wieseneck-hiddensee.de\/es\/wp-json\/wp\/v2\/users\/3"}],"replies":[{"embeddable":true,"href":"https:\/\/wieseneck-hiddensee.de\/es\/wp-json\/wp\/v2\/comments?post=395"}],"version-history":[{"count":62,"href":"https:\/\/wieseneck-hiddensee.de\/es\/wp-json\/wp\/v2\/pages\/395\/revisions"}],"predecessor-version":[{"id":3964,"href":"https:\/\/wieseneck-hiddensee.de\/es\/wp-json\/wp\/v2\/pages\/395\/revisions\/3964"}],"wp:attachment":[{"href":"https:\/\/wieseneck-hiddensee.de\/es\/wp-json\/wp\/v2\/media?parent=395"}],"wp:term":[{"taxonomy":"folder","embeddable":true,"href":"https:\/\/wieseneck-hiddensee.de\/es\/wp-json\/wp\/v2\/folder?post=395"}],"curies":[{"name":"wp","href":"https:\/\/api.w.org\/{rel}","templated":true}]}}