{"id":586,"date":"2020-06-16T23:38:42","date_gmt":"2020-06-16T21:38:42","guid":{"rendered":"https:\/\/wp.wieseneck-hiddensee.de\/?page_id=586"},"modified":"2025-01-06T14:57:27","modified_gmt":"2025-01-06T13:57:27","slug":"platzreservierung","status":"publish","type":"page","link":"https:\/\/wieseneck-hiddensee.de\/en\/platzreservierung\/","title":{"rendered":"Seat Reservation"},"content":{"rendered":"<div data-elementor-type=\"wp-page\" data-elementor-id=\"586\" class=\"elementor elementor-586\">\n\t\t\t\t\t\t<section class=\"elementor-section elementor-top-section elementor-element elementor-element-1b214929 elementor-section-boxed elementor-section-height-default elementor-section-height-default\" data-id=\"1b214929\" data-element_type=\"section\" data-e-type=\"section\">\n\t\t\t\t\t\t<div class=\"elementor-container elementor-column-gap-no\">\n\t\t\t\t\t<div class=\"elementor-column elementor-col-100 elementor-top-column elementor-element elementor-element-576152bb\" data-id=\"576152bb\" data-element_type=\"column\" data-e-type=\"column\">\n\t\t\t<div class=\"elementor-widget-wrap elementor-element-populated\">\n\t\t\t\t\t\t<div class=\"elementor-element elementor-element-7e634b08 elementor-widget elementor-widget-image\" data-id=\"7e634b08\" data-element_type=\"widget\" data-e-type=\"widget\" data-widget_type=\"image.default\">\n\t\t\t\t<div class=\"elementor-widget-container\">\n\t\t\t\t\t\t\t\t\t\t\t\t\t\t\t<img fetchpriority=\"high\" decoding=\"async\" width=\"1600\" height=\"500\" src=\"https:\/\/wieseneck-hiddensee.de\/wp-content\/uploads\/2020\/06\/20150609-_DSC1140-1.jpg\" class=\"attachment-full size-full wp-image-591\" alt=\"\" srcset=\"https:\/\/wieseneck-hiddensee.de\/wp-content\/uploads\/2020\/06\/20150609-_DSC1140-1.jpg 1600w, https:\/\/wieseneck-hiddensee.de\/wp-content\/uploads\/2020\/06\/20150609-_DSC1140-1-300x94.jpg 300w, https:\/\/wieseneck-hiddensee.de\/wp-content\/uploads\/2020\/06\/20150609-_DSC1140-1-1024x320.jpg 1024w, https:\/\/wieseneck-hiddensee.de\/wp-content\/uploads\/2020\/06\/20150609-_DSC1140-1-768x240.jpg 768w, https:\/\/wieseneck-hiddensee.de\/wp-content\/uploads\/2020\/06\/20150609-_DSC1140-1-1536x480.jpg 1536w, https:\/\/wieseneck-hiddensee.de\/wp-content\/uploads\/2020\/06\/20150609-_DSC1140-1-512x160.jpg 512w\" sizes=\"(max-width: 1600px) 100vw, 1600px\" \/>\t\t\t\t\t\t\t\t\t\t\t\t\t\t\t<\/div>\n\t\t\t\t<\/div>\n\t\t\t\t<div class=\"elementor-element elementor-element-e87560d elementor-widget-divider--view-line elementor-widget elementor-widget-divider\" data-id=\"e87560d\" data-element_type=\"widget\" data-e-type=\"widget\" data-widget_type=\"divider.default\">\n\t\t\t\t<div class=\"elementor-widget-container\">\n\t\t\t\t\t\t\t<div class=\"elementor-divider\">\n\t\t\t<span class=\"elementor-divider-separator\">\n\t\t\t\t\t\t<\/span>\n\t\t<\/div>\n\t\t\t\t\t\t<\/div>\n\t\t\t\t<\/div>\n\t\t\t\t\t<\/div>\n\t\t<\/div>\n\t\t\t\t\t<\/div>\n\t\t<\/section>\n\t\t\t\t<section class=\"elementor-section elementor-top-section elementor-element elementor-element-4906f096 elementor-section-boxed elementor-section-height-default elementor-section-height-default\" data-id=\"4906f096\" data-element_type=\"section\" data-e-type=\"section\">\n\t\t\t\t\t\t<div class=\"elementor-container elementor-column-gap-default\">\n\t\t\t\t\t<div class=\"elementor-column elementor-col-66 elementor-top-column elementor-element elementor-element-41ebe328\" data-id=\"41ebe328\" data-element_type=\"column\" data-e-type=\"column\">\n\t\t\t<div class=\"elementor-widget-wrap elementor-element-populated\">\n\t\t\t\t\t\t<div class=\"elementor-element elementor-element-e214182 elementor-widget elementor-widget-heading\" data-id=\"e214182\" data-element_type=\"widget\" data-e-type=\"widget\" data-widget_type=\"heading.default\">\n\t\t\t\t<div class=\"elementor-widget-container\">\n\t\t\t\t\t<h5 class=\"elementor-heading-title elementor-size-default\">Seat reservation (request):<\/h5>\t\t\t\t<\/div>\n\t\t\t\t<\/div>\n\t\t\t\t<div class=\"elementor-element elementor-element-cb9c1d7 elementor-widget elementor-widget-text-editor\" data-id=\"cb9c1d7\" data-element_type=\"widget\" data-e-type=\"widget\" data-widget_type=\"text-editor.default\">\n\t\t\t\t<div class=\"elementor-widget-container\">\n\t\t\t\t\t\t\t\t\t<p style=\"text-align: left;\"><span style=\"color: #ff0000;\">We recommend that you make reservations for the <strong>same day <\/strong>by telephone on: 038300 316.<\/span><\/p>\t\t\t\t\t\t\t\t<\/div>\n\t\t\t\t<\/div>\n\t\t\t\t<div class=\"elementor-element elementor-element-b51f714 elementor-widget elementor-widget-shortcode\" data-id=\"b51f714\" data-element_type=\"widget\" data-e-type=\"widget\" data-widget_type=\"shortcode.default\">\n\t\t\t\t<div class=\"elementor-widget-container\">\n\t\t\t\t\t\t\t<div class=\"elementor-shortcode\"><div class=\"forminator-ui forminator-custom-form forminator-custom-form-3094 forminator-design--default  forminator_ajax\" data-forminator-render=\"0\" data-form=\"forminator-module-3094\" data-uid=\"69dae20b705fb\"><br\/><\/div><form\n\t\t\t\tid=\"forminator-module-3094\"\n\t\t\t\tclass=\"forminator-ui forminator-custom-form forminator-custom-form-3094 forminator-design--default  forminator_ajax\"\n\t\t\t\tmethod=\"post\"\n\t\t\t\tdata-forminator-render=\"0\"\n\t\t\t\tdata-form-id=\"3094\"\n\t\t\t\t data-color-option=\"default\" data-design=\"default\" data-grid=\"open\" style=\"display: none;\"\n\t\t\t\tdata-uid=\"69dae20b705fb\" action=\"\"\n\t\t\t><div role=\"alert\" aria-live=\"polite\" class=\"forminator-response-message forminator-error\" aria-hidden=\"true\"><\/div><div class=\"forminator-row\"><div id=\"date-1\" class=\"forminator-field-date forminator-col forminator-col-12\"><div class=\"forminator-field\"><label for=\"forminator-field-date-1-picker_69dae20b705fb\" id=\"forminator-field-date-1-picker_69dae20b705fb-label\" class=\"forminator-label\">On which day <span class=\"forminator-required\">*<\/span><\/label><div class=\"forminator-input-with-icon\"><span class=\"forminator-icon-calendar\" aria-hidden=\"true\"><\/span><input autocomplete=\"off\" type=\"text\" size=\"1\" name=\"date-1\" value=\"\" placeholder=\"Select date\" id=\"forminator-field-date-1-picker_69dae20b705fb\" class=\"forminator-input forminator-datepicker\" data-required=\"1\" data-format=\"dd-mm-yy\" data-restrict-type=\"week\" data-restrict=\"\" data-start-year=\"1926\" data-end-year=\"2126\" data-past-dates=\"enable\" data-start-of-week=\"1\" data-start-date=\"\" data-end-date=\"\" data-start-field=\"\" data-end-field=\"\" data-start-offset=\"\" data-end-offset=\"\" data-disable-date=\"\" data-disable-range=\"\" \/><\/div><\/div><\/div><\/div><div class=\"forminator-row\"><div id=\"time-1\" class=\"forminator-field-time forminator-col forminator-col-12\"><label for=\"forminator-field-time-1\" id=\"forminator-field-time-1-label\" class=\"forminator-label\">At what time <span class=\"forminator-required\">*<\/span><\/label><div class=\"forminator-timepicker\" ><div class=\"forminator-row\" data-multiple=\"true\"><div id=\"time-1-hours\" class=\"forminator-col forminator-col-6\"><div class=\"forminator-field\"><label for=\"forminator-field-3094__field--time-1-hours_69dae20b705fb\" id=\"forminator-field-3094__field--time-1-hours_69dae20b705fb-label\" class=\"forminator-label\">Hours<\/label><select name=\"time-1-hours\" id=\"forminator-field-3094__field--time-1-hours_69dae20b705fb\" class=\"forminator-select2 time-hours has-time-limiter\" data-field=\"hours\" data-placeholder=\"Select\" aria-labelledby=\"forminator-field-3094__field--time-1-hours_69dae20b705fb-label\" data-default-value=\"\"><option value=\"\" selected=\"selected\">-<\/option><option value=\"13\" >13<\/option><option value=\"14\" >14<\/option><option value=\"15\" >15<\/option><option value=\"16\" >16<\/option><option value=\"17\" >17<\/option><option value=\"18\" >18<\/option><option value=\"19\" >19<\/option><option value=\"20\" >20<\/option><\/select><\/div><\/div><div id=\"time-1-minutes\" class=\"forminator-col forminator-col-6\"><div class=\"forminator-field\"><label for=\"forminator-field-3094__field--time-1-minutes_69dae20b705fb\" id=\"forminator-field-3094__field--time-1-minutes_69dae20b705fb-label\" class=\"forminator-label\">minutes<\/label><select name=\"time-1-minutes\" id=\"forminator-field-3094__field--time-1-minutes_69dae20b705fb\" class=\"forminator-select2 time-minutes has-time-limiter\" data-field=\"minutes\" data-placeholder=\"Select\" aria-labelledby=\"forminator-field-3094__field--time-1-minutes_69dae20b705fb-label\" data-default-value=\"\"><option value=\"\" selected=\"selected\">-<\/option><option value=\"0\" >00<\/option><option value=\"15\" >15<\/option><option value=\"30\" >30<\/option><option value=\"45\" >45<\/option><\/select><\/div><\/div><\/div><\/div><\/div><\/div><div class=\"forminator-row\"><div id=\"number-1\" class=\"forminator-field-number forminator-col forminator-col-12\"><div class=\"forminator-field\"><label for=\"forminator-field-number-1_69dae20b705fb\" id=\"forminator-field-number-1_69dae20b705fb-label\" class=\"forminator-label\">How many people? <span class=\"forminator-required\">*<\/span><\/label><input name=\"number-1\" value=\"\" placeholder=\"z. B. 2\" id=\"forminator-field-number-1_69dae20b705fb\" class=\"forminator-input forminator-number--field\" inputmode=\"decimal\" data-required=\"1\" data-decimals=\"0\" aria-required=\"true\" data-inputmask=\"&#039;groupSeparator&#039;: &#039;&#039;, &#039;radixPoint&#039;: &#039;&#039;, &#039;digits&#039;: &#039;0&#039;\" data-hidden-behavior=\"zero\" type=\"number\" step=\"any\" min=\"1\" max=\"150\" \/><\/div><\/div><\/div><div class=\"forminator-row\"><div id=\"name-1\" class=\"forminator-field-name forminator-col forminator-col-12\"><div class=\"forminator-field\"><label for=\"forminator-field-name-1_69dae20b705fb\" id=\"forminator-field-name-1_69dae20b705fb-label\" class=\"forminator-label\">Name <span class=\"forminator-required\">*<\/span><\/label><input type=\"text\" name=\"name-1\" value=\"\" placeholder=\"z. e.g. Max Mustermann\" id=\"forminator-field-name-1_69dae20b705fb\" class=\"forminator-input forminator-name--field\" aria-required=\"true\" autocomplete=\"name\" \/><\/div><\/div><\/div><div class=\"forminator-row\"><div id=\"email-1\" class=\"forminator-field-email forminator-col forminator-col-12\"><div class=\"forminator-field\"><label for=\"forminator-field-email-1_69dae20b705fb\" id=\"forminator-field-email-1_69dae20b705fb-label\" class=\"forminator-label\">E-mail address <span class=\"forminator-required\">*<\/span><\/label><input type=\"email\" name=\"email-1\" value=\"\" placeholder=\"z. E.G. max@mustermann.de\" id=\"forminator-field-email-1_69dae20b705fb\" class=\"forminator-input forminator-email--field\" data-required=\"1\" aria-required=\"true\" autocomplete=\"email\" \/><\/div><\/div><\/div><div class=\"forminator-row\"><div id=\"phone-1\" class=\"forminator-field-phone forminator-col forminator-col-12\"><div class=\"forminator-field\"><label for=\"forminator-field-phone-1_69dae20b705fb\" id=\"forminator-field-phone-1_69dae20b705fb-label\" class=\"forminator-label\">Telephone <span class=\"forminator-required\">*<\/span><\/label><input type=\"text\" name=\"phone-1\" value=\"\" placeholder=\"z. B.: +49 123 4567 89\" id=\"forminator-field-phone-1_69dae20b705fb\" class=\"forminator-input forminator-field--phone\" data-required=\"1\" aria-required=\"true\" autocomplete=\"off\" \/><\/div><\/div><\/div><div class=\"forminator-row\"><div id=\"textarea-1\" class=\"forminator-field-textarea forminator-col forminator-col-12\"><div class=\"forminator-field\"><label for=\"forminator-field-textarea-1_69dae20b705fb\" id=\"forminator-field-textarea-1_69dae20b705fb-label\" class=\"forminator-label\">Wishes\/comments<\/label><textarea name=\"textarea-1\" placeholder=\"z. e.g. text placeholderYou can add a new line\" id=\"forminator-field-textarea-1_69dae20b705fb\" class=\"forminator-textarea\" rows=\"6\" style=\"min-height:140px;\" ><\/textarea><\/div><\/div><\/div><div class=\"forminator-row\"><div id=\"consent-1\" class=\"forminator-field-consent forminator-col forminator-col-12\"><div class=\"forminator-field\"><label for=\"forminator-field-consent-1_69dae20b705fb\" id=\"forminator-field-consent-1_69dae20b705fb-label\" class=\"forminator-label\">Data protection <span class=\"forminator-required\">*<\/span><\/label><div class=\"forminator-checkbox__wrapper\"><label id=\"forminator-field-consent-1_69dae20b705fb__label\" class=\"forminator-checkbox forminator-consent\"><input type=\"checkbox\" name=\"consent-1\" id=\"forminator-field-consent-1_69dae20b705fb\" value=\"checked\" aria-labelledby=\"forminator-field-consent-1_69dae20b705fb-label\" aria-describedby=\"forminator-field-consent-1_69dae20b705fb__description\" data-required=\"true\" aria-required=\"true\" \/><span class=\"forminator-checkbox-box\" aria-hidden=\"true\"><\/span><\/label><div id=\"forminator-field-consent-1_69dae20b705fb__description\" class=\"forminator-checkbox__label forminator-consent__label\"><p>I agree to the storage of my data for the purpose of processing my reservation. <br>It will not be passed on to third parties!<\/p><\/div><\/div><\/div><\/div><\/div><input type=\"hidden\" name=\"referer_url\" value=\"\" \/><div class=\"forminator-row forminator-row-last\"><div class=\"forminator-col\"><div class=\"forminator-field\"><button class=\"forminator-button forminator-button-submit\">Send message<\/button><\/div><\/div><\/div><input type=\"hidden\" id=\"forminator_nonce\" name=\"forminator_nonce\" value=\"0140e57d0f\" \/><input type=\"hidden\" name=\"_wp_http_referer\" value=\"\/en\/wp-json\/wp\/v2\/pages\/586\" \/><input type=\"hidden\" name=\"form_id\" value=\"3094\"><input type=\"hidden\" name=\"page_id\" value=\"586\"><input type=\"hidden\" name=\"form_type\" value=\"default\"><input type=\"hidden\" name=\"current_url\" value=\"https:\/\/wieseneck-hiddensee.de\/en\/platzreservierung\/\"><input type=\"hidden\" name=\"render_id\" value=\"0\"><input type=\"hidden\" name=\"action\" value=\"forminator_submit_form_custom-forms\"><input type=\"hidden\" name=\"trp-form-language\" value=\"en\"\/><\/form><\/div>\n\t\t\t\t\t\t<\/div>\n\t\t\t\t<\/div>\n\t\t\t\t<div class=\"elementor-element elementor-element-c42331e elementor-widget elementor-widget-text-editor\" data-id=\"c42331e\" data-element_type=\"widget\" data-e-type=\"widget\" data-widget_type=\"text-editor.default\">\n\t\t\t\t<div class=\"elementor-widget-container\">\n\t\t\t\t\t\t\t\t\t<p>Note: We offer heat kitchen from 12:00 to 21:30 o'clock!<\/p><p>\u00a0<\/p>\t\t\t\t\t\t\t\t<\/div>\n\t\t\t\t<\/div>\n\t\t\t\t\t<\/div>\n\t\t<\/div>\n\t\t\t\t<div class=\"elementor-column elementor-col-33 elementor-top-column elementor-element elementor-element-65286535 elementor-invisible\" data-id=\"65286535\" data-element_type=\"column\" data-e-type=\"column\" data-settings=\"{&quot;animation&quot;:&quot;fadeInRight&quot;}\">\n\t\t\t<div class=\"elementor-widget-wrap elementor-element-populated\">\n\t\t\t\t\t\t<div class=\"elementor-element elementor-element-96dd5d6 elementor-widget elementor-widget-text-editor\" data-id=\"96dd5d6\" data-element_type=\"widget\" data-e-type=\"widget\" data-widget_type=\"text-editor.default\">\n\t\t\t\t<div class=\"elementor-widget-container\">\n\t\t\t\t\t\t\t\t\t<p><span style=\"color: #ffffff;\"><a style=\"color: #ffffff;\" href=\"https:\/\/wieseneck-hiddensee.de\/en\/speisekarte\/\">Food &amp; Drinks<\/a><br \/><\/span><\/p>\t\t\t\t\t\t\t\t<\/div>\n\t\t\t\t<\/div>\n\t\t\t\t\t<\/div>\n\t\t<\/div>\n\t\t\t\t\t<\/div>\n\t\t<\/section>\n\t\t\t\t<section class=\"elementor-section elementor-top-section elementor-element elementor-element-6d819c7 elementor-section-boxed elementor-section-height-default elementor-section-height-default\" data-id=\"6d819c7\" data-element_type=\"section\" data-e-type=\"section\">\n\t\t\t\t\t\t<div class=\"elementor-container elementor-column-gap-default\">\n\t\t\t\t\t<div class=\"elementor-column elementor-col-100 elementor-top-column elementor-element elementor-element-163c713\" data-id=\"163c713\" data-element_type=\"column\" data-e-type=\"column\">\n\t\t\t<div class=\"elementor-widget-wrap\">\n\t\t\t\t\t\t\t<\/div>\n\t\t<\/div>\n\t\t\t\t\t<\/div>\n\t\t<\/section>\n\t\t\t\t<\/div>","protected":false},"excerpt":{"rendered":"<p>Seat reservation (request): We recommend that you make reservations for the same day by calling 038300 316. Note: We offer hot food from 12:00 to 21:30!   Food &amp; Drinks<\/p>","protected":false},"author":3,"featured_media":0,"parent":0,"menu_order":0,"comment_status":"closed","ping_status":"closed","template":"elementor_header_footer","meta":{"footnotes":""},"folder":[],"class_list":["post-586","page","type-page","status-publish","hentry"],"yoast_head":"<!-- This site is optimized with the Yoast SEO plugin v27.3 - https:\/\/yoast.com\/product\/yoast-seo-wordpress\/ -->\n<title>Platzreservierung - wieseneck-hiddensee<\/title>\n<meta name=\"robots\" content=\"index, follow, max-snippet:-1, max-image-preview:large, max-video-preview:-1\" \/>\n<link rel=\"canonical\" href=\"https:\/\/wieseneck-hiddensee.de\/en\/platzreservierung\/\" \/>\n<meta property=\"og:locale\" content=\"en_GB\" \/>\n<meta property=\"og:type\" content=\"article\" \/>\n<meta property=\"og:title\" content=\"Platzreservierung - wieseneck-hiddensee\" \/>\n<meta property=\"og:description\" content=\"Platzreservierung (Anfrage): Wir empfehlen Ihnen, Reservierungen f\u00fcr den selben Tag telefonisch unter Tel.: 038300 316 vorzunehmen. Hinweis: Wir bieten W\u00e4rme K\u00fcche von 12:00 bis 21:30 Uhr an! \u00a0 Speisen &amp; Getr\u00e4nke\" \/>\n<meta property=\"og:url\" content=\"https:\/\/wieseneck-hiddensee.de\/en\/platzreservierung\/\" \/>\n<meta property=\"og:site_name\" content=\"wieseneck-hiddensee\" \/>\n<meta property=\"article:modified_time\" content=\"2025-01-06T13:57:27+00:00\" \/>\n<meta property=\"og:image\" content=\"https:\/\/wieseneck-hiddensee.de\/wp-content\/uploads\/2020\/06\/20150609-_DSC1140-1.jpg\" \/>\n\t<meta property=\"og:image:width\" content=\"1600\" \/>\n\t<meta property=\"og:image:height\" content=\"500\" \/>\n\t<meta property=\"og:image:type\" content=\"image\/jpeg\" \/>\n<meta name=\"twitter:card\" content=\"summary_large_image\" \/>\n<meta name=\"twitter:label1\" content=\"Estimated reading time\" \/>\n\t<meta name=\"twitter:data1\" content=\"1 minute\" \/>\n<script type=\"application\/ld+json\" class=\"yoast-schema-graph\">{\"@context\":\"https:\\\/\\\/schema.org\",\"@graph\":[{\"@type\":\"WebPage\",\"@id\":\"https:\\\/\\\/wieseneck-hiddensee.de\\\/platzreservierung\\\/\",\"url\":\"https:\\\/\\\/wieseneck-hiddensee.de\\\/platzreservierung\\\/\",\"name\":\"Platzreservierung - wieseneck-hiddensee\",\"isPartOf\":{\"@id\":\"https:\\\/\\\/wieseneck-hiddensee.de\\\/#website\"},\"primaryImageOfPage\":{\"@id\":\"https:\\\/\\\/wieseneck-hiddensee.de\\\/platzreservierung\\\/#primaryimage\"},\"image\":{\"@id\":\"https:\\\/\\\/wieseneck-hiddensee.de\\\/platzreservierung\\\/#primaryimage\"},\"thumbnailUrl\":\"https:\\\/\\\/wieseneck-hiddensee.de\\\/wp-content\\\/uploads\\\/2020\\\/06\\\/20150609-_DSC1140-1.jpg\",\"datePublished\":\"2020-06-16T21:38:42+00:00\",\"dateModified\":\"2025-01-06T13:57:27+00:00\",\"breadcrumb\":{\"@id\":\"https:\\\/\\\/wieseneck-hiddensee.de\\\/platzreservierung\\\/#breadcrumb\"},\"inLanguage\":\"en-GB\",\"potentialAction\":[{\"@type\":\"ReadAction\",\"target\":[\"https:\\\/\\\/wieseneck-hiddensee.de\\\/platzreservierung\\\/\"]}]},{\"@type\":\"ImageObject\",\"inLanguage\":\"en-GB\",\"@id\":\"https:\\\/\\\/wieseneck-hiddensee.de\\\/platzreservierung\\\/#primaryimage\",\"url\":\"https:\\\/\\\/wieseneck-hiddensee.de\\\/wp-content\\\/uploads\\\/2020\\\/06\\\/20150609-_DSC1140-1.jpg\",\"contentUrl\":\"https:\\\/\\\/wieseneck-hiddensee.de\\\/wp-content\\\/uploads\\\/2020\\\/06\\\/20150609-_DSC1140-1.jpg\"},{\"@type\":\"BreadcrumbList\",\"@id\":\"https:\\\/\\\/wieseneck-hiddensee.de\\\/platzreservierung\\\/#breadcrumb\",\"itemListElement\":[{\"@type\":\"ListItem\",\"position\":1,\"name\":\"Startseite\",\"item\":\"https:\\\/\\\/wieseneck-hiddensee.de\\\/\"},{\"@type\":\"ListItem\",\"position\":2,\"name\":\"Platzreservierung\"}]},{\"@type\":\"WebSite\",\"@id\":\"https:\\\/\\\/wieseneck-hiddensee.de\\\/#website\",\"url\":\"https:\\\/\\\/wieseneck-hiddensee.de\\\/\",\"name\":\"wieseneck-hiddensee\",\"description\":\"\",\"publisher\":{\"@id\":\"https:\\\/\\\/wieseneck-hiddensee.de\\\/#organization\"},\"potentialAction\":[{\"@type\":\"SearchAction\",\"target\":{\"@type\":\"EntryPoint\",\"urlTemplate\":\"https:\\\/\\\/wieseneck-hiddensee.de\\\/?s={search_term_string}\"},\"query-input\":{\"@type\":\"PropertyValueSpecification\",\"valueRequired\":true,\"valueName\":\"search_term_string\"}}],\"inLanguage\":\"en-GB\"},{\"@type\":\"Organization\",\"@id\":\"https:\\\/\\\/wieseneck-hiddensee.de\\\/#organization\",\"name\":\"wieseneck-hiddensee\",\"url\":\"https:\\\/\\\/wieseneck-hiddensee.de\\\/\",\"logo\":{\"@type\":\"ImageObject\",\"inLanguage\":\"en-GB\",\"@id\":\"https:\\\/\\\/wieseneck-hiddensee.de\\\/#\\\/schema\\\/logo\\\/image\\\/\",\"url\":\"https:\\\/\\\/wieseneck-hiddensee.de\\\/wp-content\\\/uploads\\\/2020\\\/06\\\/cropped-wieseneckillu-3web.jpg\",\"contentUrl\":\"https:\\\/\\\/wieseneck-hiddensee.de\\\/wp-content\\\/uploads\\\/2020\\\/06\\\/cropped-wieseneckillu-3web.jpg\",\"width\":563,\"height\":300,\"caption\":\"wieseneck-hiddensee\"},\"image\":{\"@id\":\"https:\\\/\\\/wieseneck-hiddensee.de\\\/#\\\/schema\\\/logo\\\/image\\\/\"}}]}<\/script>\n<!-- \/ Yoast SEO plugin. -->","yoast_head_json":{"title":"Seat reservation - wieseneck-hiddensee","robots":{"index":"index","follow":"follow","max-snippet":"max-snippet:-1","max-image-preview":"max-image-preview:large","max-video-preview":"max-video-preview:-1"},"canonical":"https:\/\/wieseneck-hiddensee.de\/en\/platzreservierung\/","og_locale":"en_GB","og_type":"article","og_title":"Platzreservierung - wieseneck-hiddensee","og_description":"Platzreservierung (Anfrage): Wir empfehlen Ihnen, Reservierungen f\u00fcr den selben Tag telefonisch unter Tel.: 038300 316 vorzunehmen. Hinweis: Wir bieten W\u00e4rme K\u00fcche von 12:00 bis 21:30 Uhr an! \u00a0 Speisen &amp; Getr\u00e4nke","og_url":"https:\/\/wieseneck-hiddensee.de\/en\/platzreservierung\/","og_site_name":"wieseneck-hiddensee","article_modified_time":"2025-01-06T13:57:27+00:00","og_image":[{"width":1600,"height":500,"url":"https:\/\/wieseneck-hiddensee.de\/wp-content\/uploads\/2020\/06\/20150609-_DSC1140-1.jpg","type":"image\/jpeg"}],"twitter_card":"summary_large_image","twitter_misc":{"Estimated reading time":"1 minute"},"schema":{"@context":"https:\/\/schema.org","@graph":[{"@type":"WebPage","@id":"https:\/\/wieseneck-hiddensee.de\/platzreservierung\/","url":"https:\/\/wieseneck-hiddensee.de\/platzreservierung\/","name":"Seat reservation - wieseneck-hiddensee","isPartOf":{"@id":"https:\/\/wieseneck-hiddensee.de\/#website"},"primaryImageOfPage":{"@id":"https:\/\/wieseneck-hiddensee.de\/platzreservierung\/#primaryimage"},"image":{"@id":"https:\/\/wieseneck-hiddensee.de\/platzreservierung\/#primaryimage"},"thumbnailUrl":"https:\/\/wieseneck-hiddensee.de\/wp-content\/uploads\/2020\/06\/20150609-_DSC1140-1.jpg","datePublished":"2020-06-16T21:38:42+00:00","dateModified":"2025-01-06T13:57:27+00:00","breadcrumb":{"@id":"https:\/\/wieseneck-hiddensee.de\/platzreservierung\/#breadcrumb"},"inLanguage":"en-GB","potentialAction":[{"@type":"ReadAction","target":["https:\/\/wieseneck-hiddensee.de\/platzreservierung\/"]}]},{"@type":"ImageObject","inLanguage":"en-GB","@id":"https:\/\/wieseneck-hiddensee.de\/platzreservierung\/#primaryimage","url":"https:\/\/wieseneck-hiddensee.de\/wp-content\/uploads\/2020\/06\/20150609-_DSC1140-1.jpg","contentUrl":"https:\/\/wieseneck-hiddensee.de\/wp-content\/uploads\/2020\/06\/20150609-_DSC1140-1.jpg"},{"@type":"BreadcrumbList","@id":"https:\/\/wieseneck-hiddensee.de\/platzreservierung\/#breadcrumb","itemListElement":[{"@type":"ListItem","position":1,"name":"Startseite","item":"https:\/\/wieseneck-hiddensee.de\/"},{"@type":"ListItem","position":2,"name":"Platzreservierung"}]},{"@type":"WebSite","@id":"https:\/\/wieseneck-hiddensee.de\/#website","url":"https:\/\/wieseneck-hiddensee.de\/","name":"wieseneck-hiddensee","description":"","publisher":{"@id":"https:\/\/wieseneck-hiddensee.de\/#organization"},"potentialAction":[{"@type":"SearchAction","target":{"@type":"EntryPoint","urlTemplate":"https:\/\/wieseneck-hiddensee.de\/?s={search_term_string}"},"query-input":{"@type":"PropertyValueSpecification","valueRequired":true,"valueName":"search_term_string"}}],"inLanguage":"en-GB"},{"@type":"Organization","@id":"https:\/\/wieseneck-hiddensee.de\/#organization","name":"wieseneck-hiddensee","url":"https:\/\/wieseneck-hiddensee.de\/","logo":{"@type":"ImageObject","inLanguage":"en-GB","@id":"https:\/\/wieseneck-hiddensee.de\/#\/schema\/logo\/image\/","url":"https:\/\/wieseneck-hiddensee.de\/wp-content\/uploads\/2020\/06\/cropped-wieseneckillu-3web.jpg","contentUrl":"https:\/\/wieseneck-hiddensee.de\/wp-content\/uploads\/2020\/06\/cropped-wieseneckillu-3web.jpg","width":563,"height":300,"caption":"wieseneck-hiddensee"},"image":{"@id":"https:\/\/wieseneck-hiddensee.de\/#\/schema\/logo\/image\/"}}]}},"_links":{"self":[{"href":"https:\/\/wieseneck-hiddensee.de\/en\/wp-json\/wp\/v2\/pages\/586","targetHints":{"allow":["GET"]}}],"collection":[{"href":"https:\/\/wieseneck-hiddensee.de\/en\/wp-json\/wp\/v2\/pages"}],"about":[{"href":"https:\/\/wieseneck-hiddensee.de\/en\/wp-json\/wp\/v2\/types\/page"}],"author":[{"embeddable":true,"href":"https:\/\/wieseneck-hiddensee.de\/en\/wp-json\/wp\/v2\/users\/3"}],"replies":[{"embeddable":true,"href":"https:\/\/wieseneck-hiddensee.de\/en\/wp-json\/wp\/v2\/comments?post=586"}],"version-history":[{"count":48,"href":"https:\/\/wieseneck-hiddensee.de\/en\/wp-json\/wp\/v2\/pages\/586\/revisions"}],"predecessor-version":[{"id":3677,"href":"https:\/\/wieseneck-hiddensee.de\/en\/wp-json\/wp\/v2\/pages\/586\/revisions\/3677"}],"wp:attachment":[{"href":"https:\/\/wieseneck-hiddensee.de\/en\/wp-json\/wp\/v2\/media?parent=586"}],"wp:term":[{"taxonomy":"folder","embeddable":true,"href":"https:\/\/wieseneck-hiddensee.de\/en\/wp-json\/wp\/v2\/folder?post=586"}],"curies":[{"name":"wp","href":"https:\/\/api.w.org\/{rel}","templated":true}]}}