{"id":58,"date":"2020-06-13T11:37:47","date_gmt":"2020-06-13T09:37:47","guid":{"rendered":"https:\/\/wp.wieseneck-hiddensee.de\/?page_id=58"},"modified":"2025-01-06T14:55:57","modified_gmt":"2025-01-06T13:55:57","slug":"pension-wieseneck","status":"publish","type":"page","link":"https:\/\/wieseneck-hiddensee.de\/en\/pension-wieseneck\/","title":{"rendered":"Pension Wieseneck"},"content":{"rendered":"\t\t<div data-elementor-type=\"wp-page\" data-elementor-id=\"58\" class=\"elementor elementor-58\">\n\t\t\t\t\t\t<section class=\"elementor-section elementor-top-section elementor-element elementor-element-c88fc3e elementor-section-height-min-height elementor-section-content-middle elementor-section-boxed elementor-section-height-default elementor-section-items-middle\" data-id=\"c88fc3e\" data-element_type=\"section\" data-e-type=\"section\" data-settings=\"{&quot;background_background&quot;:&quot;slideshow&quot;,&quot;background_slideshow_gallery&quot;:[{&quot;id&quot;:136,&quot;url&quot;:&quot;https:\\\/\\\/wieseneck-hiddensee.de\\\/wp-content\\\/uploads\\\/2020\\\/06\\\/20150607-_DSC9341-Panorama.jpg&quot;},{&quot;id&quot;:138,&quot;url&quot;:&quot;https:\\\/\\\/wieseneck-hiddensee.de\\\/wp-content\\\/uploads\\\/2020\\\/06\\\/20150607-_DSC9429-Panorama.jpg&quot;},{&quot;id&quot;:108,&quot;url&quot;:&quot;https:\\\/\\\/wieseneck-hiddensee.de\\\/wp-content\\\/uploads\\\/2020\\\/06\\\/20150402-_DSC2006-Panorama2.jpg&quot;},{&quot;id&quot;:114,&quot;url&quot;:&quot;https:\\\/\\\/wieseneck-hiddensee.de\\\/wp-content\\\/uploads\\\/2020\\\/06\\\/20150402-_DSC2047.jpg&quot;},{&quot;id&quot;:98,&quot;url&quot;:&quot;https:\\\/\\\/wieseneck-hiddensee.de\\\/wp-content\\\/uploads\\\/2020\\\/06\\\/20150331-_DSC0456.jpg&quot;},{&quot;id&quot;:109,&quot;url&quot;:&quot;https:\\\/\\\/wieseneck-hiddensee.de\\\/wp-content\\\/uploads\\\/2020\\\/06\\\/20150402-_DSC2029-Panorama2.jpg&quot;},{&quot;id&quot;:122,&quot;url&quot;:&quot;https:\\\/\\\/wieseneck-hiddensee.de\\\/wp-content\\\/uploads\\\/2020\\\/06\\\/20150402-_DSC2093.jpg&quot;},{&quot;id&quot;:129,&quot;url&quot;:&quot;https:\\\/\\\/wieseneck-hiddensee.de\\\/wp-content\\\/uploads\\\/2020\\\/06\\\/20150607-_DSC8938-Panorama.jpg&quot;},{&quot;id&quot;:117,&quot;url&quot;:&quot;https:\\\/\\\/wieseneck-hiddensee.de\\\/wp-content\\\/uploads\\\/2020\\\/06\\\/20150402-_DSC2058.jpg&quot;}],&quot;background_slideshow_transition_duration&quot;:8000,&quot;background_slideshow_lazyload&quot;:&quot;yes&quot;,&quot;background_slideshow_loop&quot;:&quot;yes&quot;,&quot;background_slideshow_slide_duration&quot;:5000,&quot;background_slideshow_slide_transition&quot;:&quot;fade&quot;}\">\n\t\t\t\t\t\t<div class=\"elementor-container elementor-column-gap-no\">\n\t\t\t\t\t<div class=\"elementor-column elementor-col-100 elementor-top-column elementor-element elementor-element-4992664b\" data-id=\"4992664b\" data-element_type=\"column\" data-e-type=\"column\">\n\t\t\t<div class=\"elementor-widget-wrap\">\n\t\t\t\t\t\t\t<\/div>\n\t\t<\/div>\n\t\t\t\t\t<\/div>\n\t\t<\/section>\n\t\t\t\t<section class=\"elementor-section elementor-top-section elementor-element elementor-element-45c7a5b elementor-section-boxed elementor-section-height-default elementor-section-height-default\" data-id=\"45c7a5b\" data-element_type=\"section\" data-e-type=\"section\">\n\t\t\t\t\t\t<div class=\"elementor-container elementor-column-gap-default\">\n\t\t\t\t\t<div class=\"elementor-column elementor-col-33 elementor-top-column elementor-element elementor-element-733e101 elementor-invisible\" data-id=\"733e101\" data-element_type=\"column\" data-e-type=\"column\" data-settings=\"{&quot;animation&quot;:&quot;fadeInLeft&quot;}\">\n\t\t\t<div class=\"elementor-widget-wrap elementor-element-populated\">\n\t\t\t\t\t\t<div class=\"elementor-element elementor-element-4105d28 elementor-widget elementor-widget-text-editor\" data-id=\"4105d28\" data-element_type=\"widget\" data-e-type=\"widget\" data-widget_type=\"text-editor.default\">\n\t\t\t\t<div class=\"elementor-widget-container\">\n\t\t\t\t\t\t\t\t\t<p><span style=\"color: #ffffff;\"><a style=\"color: #ffffff;\" href=\"https:\/\/wieseneck-hiddensee.de\/resevierunganfrage\/\">Reservierungsanfrage<\/a><\/span><\/p>\t\t\t\t\t\t\t\t<\/div>\n\t\t\t\t<\/div>\n\t\t\t\t<div class=\"elementor-element elementor-element-b94a975 elementor-widget elementor-widget-heading\" data-id=\"b94a975\" data-element_type=\"widget\" data-e-type=\"widget\" data-widget_type=\"heading.default\">\n\t\t\t\t<div class=\"elementor-widget-container\">\n\t\t\t\t\t<h2 class=\"elementor-heading-title elementor-size-default\">Preise (Hauptsaison)<\/h2>\t\t\t\t<\/div>\n\t\t\t\t<\/div>\n\t\t\t\t<div class=\"elementor-element elementor-element-eb2480e elementor-widget-divider--view-line elementor-widget elementor-widget-divider\" data-id=\"eb2480e\" data-element_type=\"widget\" data-e-type=\"widget\" data-widget_type=\"divider.default\">\n\t\t\t\t<div class=\"elementor-widget-container\">\n\t\t\t\t\t\t\t<div class=\"elementor-divider\">\n\t\t\t<span class=\"elementor-divider-separator\">\n\t\t\t\t\t\t<\/span>\n\t\t<\/div>\n\t\t\t\t\t\t<\/div>\n\t\t\t\t<\/div>\n\t\t\t\t<div class=\"elementor-element elementor-element-4117c5d elementor-widget elementor-widget-text-editor\" data-id=\"4117c5d\" data-element_type=\"widget\" data-e-type=\"widget\" data-widget_type=\"text-editor.default\">\n\t\t\t\t<div class=\"elementor-widget-container\">\n\t\t\t\t\t\t\t\t\t<table border=\"0\" width=\"600\"><tbody><tr><td align=\"left\"><span style=\"font-family: Arial;\">Einzelzimmer \u00dcF<\/span><\/td><td style=\"text-align: right;\" align=\"right\"><span style=\"font-family: Arial;\">50 &#8211; 80 Euro<\/span><\/td><\/tr><tr><td align=\"left\"><span style=\"font-family: Arial;\">Doppelzimmer \u00dcF<\/span><\/td><td style=\"text-align: right;\" align=\"right\"><span style=\"font-family: Arial;\">90 &#8211; 150 Euro<\/span><\/td><\/tr><tr><td align=\"left\"><span style=\"font-family: Arial;\">Einzelbelegung im<br \/>Doppelzimmer \u00dcF<\/span><\/td><td style=\"text-align: right;\" align=\"right\"><span style=\"font-family: Arial;\">75 &#8211; 135 Euro<\/span><\/td><\/tr><tr><td align=\"left\"><span style=\"font-family: Arial;\">Kinder &#8211; bis 2 Jahre<\/span><\/td><td style=\"text-align: right;\" align=\"right\"><span style=\"font-family: Arial;\">0 Euro<\/span><\/td><\/tr><tr><td align=\"left\"><span style=\"font-family: Arial;\">Kinder &#8211; bis 3 Jahre\u00a0 \u00a0 \u00a0 Kinderbett<\/span><\/td><td style=\"text-align: right;\" align=\"right\"><span style=\"font-family: Arial;\">10 Euro<\/span><\/td><\/tr><tr><td align=\"left\"><span style=\"font-family: Arial;\">Aufbettung im Zimmer<\/span><\/td><td style=\"text-align: right;\" align=\"right\"><span style=\"font-family: Arial;\">30 Euro<\/span><\/td><\/tr><tr><td align=\"left\">\u00a0<\/td><td style=\"text-align: right;\" align=\"right\">\u00a0<\/td><\/tr><tr><td align=\"left\">\u00a0<\/td><td style=\"text-align: right;\" align=\"right\">\u00a0<\/td><\/tr><tr><td align=\"left\"><span style=\"font-family: Arial;\">\u00a0<\/span><\/td><td align=\"right\">\u00a0<\/td><\/tr><tr><td>\u00a0<\/td><td>\u00a0<\/td><\/tr><\/tbody><\/table><p>Alle Preise verstehen sich je Tag incl. Fr\u00fchst\u00fcck\/Service und gesetzlicher Mehrwertsteuer.<\/p><p>\u00c4nderungen vorbehalten.<\/p>\t\t\t\t\t\t\t\t<\/div>\n\t\t\t\t<\/div>\n\t\t\t\t<div class=\"elementor-element elementor-element-a97fd44 elementor-widget elementor-widget-text-editor\" data-id=\"a97fd44\" data-element_type=\"widget\" data-e-type=\"widget\" data-widget_type=\"text-editor.default\">\n\t\t\t\t<div class=\"elementor-widget-container\">\n\t\t\t\t\t\t\t\t\t<h5><span style=\"color: #008000;\">Nutzen Sie auch den Preisvorteil von November bis M\u00e4rz.<\/span><\/h5>\t\t\t\t\t\t\t\t<\/div>\n\t\t\t\t<\/div>\n\t\t\t\t<div class=\"elementor-element elementor-element-a54f802 elementor-widget elementor-widget-text-editor\" data-id=\"a54f802\" data-element_type=\"widget\" data-e-type=\"widget\" data-widget_type=\"text-editor.default\">\n\t\t\t\t<div class=\"elementor-widget-container\">\n\t\t\t\t\t\t\t\t\t<p><span style=\"color: #ffffff;\"><a style=\"color: #ffffff;\" href=\"https:\/\/wieseneck-hiddensee.de\/angebote\/\">Herbst | Winter | Fr\u00fchjahr &#8211; Angebote<\/a><\/span><\/p>\t\t\t\t\t\t\t\t<\/div>\n\t\t\t\t<\/div>\n\t\t\t\t<div class=\"elementor-element elementor-element-0460f24 elementor-widget elementor-widget-text-editor\" data-id=\"0460f24\" data-element_type=\"widget\" data-e-type=\"widget\" data-widget_type=\"text-editor.default\">\n\t\t\t\t<div class=\"elementor-widget-container\">\n\t\t\t\t\t\t\t\t\t<p><span style=\"color: #ffffff;\"><a style=\"color: #ffffff;\" href=\"https:\/\/wieseneck-hiddensee.de\/hochzeiten-jubilaeen\/\">Hochzeiten &amp; Feste<\/a><\/span><\/p>\t\t\t\t\t\t\t\t<\/div>\n\t\t\t\t<\/div>\n\t\t\t\t<div class=\"elementor-element elementor-element-fe3e545 elementor-widget elementor-widget-text-editor\" data-id=\"fe3e545\" data-element_type=\"widget\" data-e-type=\"widget\" data-widget_type=\"text-editor.default\">\n\t\t\t\t<div class=\"elementor-widget-container\">\n\t\t\t\t\t\t\t\t\t<p><span style=\"color: #ffffff;\"><a style=\"color: #ffffff;\" href=\"https:\/\/wieseneck-hiddensee.de\/reisegruppen-tagungen\/\">Reisegruppen- &amp; Tagungs-Service<\/a><\/span><\/p>\t\t\t\t\t\t\t\t<\/div>\n\t\t\t\t<\/div>\n\t\t\t\t\t<\/div>\n\t\t<\/div>\n\t\t\t\t<div class=\"elementor-column elementor-col-66 elementor-top-column elementor-element elementor-element-dde6ae4\" data-id=\"dde6ae4\" data-element_type=\"column\" data-e-type=\"column\">\n\t\t\t<div class=\"elementor-widget-wrap elementor-element-populated\">\n\t\t\t\t\t\t<div class=\"elementor-element elementor-element-c6e4480 elementor-widget elementor-widget-heading\" data-id=\"c6e4480\" data-element_type=\"widget\" data-e-type=\"widget\" data-widget_type=\"heading.default\">\n\t\t\t\t<div class=\"elementor-widget-container\">\n\t\t\t\t\t<h2 class=\"elementor-heading-title elementor-size-default\">Liebevoll gestaltet, gem\u00fctlich und mit individuellem Flair ...<\/h2>\t\t\t\t<\/div>\n\t\t\t\t<\/div>\n\t\t\t\t<div class=\"elementor-element elementor-element-6edfdc1 elementor-widget elementor-widget-text-editor\" data-id=\"6edfdc1\" data-element_type=\"widget\" data-e-type=\"widget\" data-widget_type=\"text-editor.default\">\n\t\t\t\t<div class=\"elementor-widget-container\">\n\t\t\t\t\t\t\t\t\t<p>Die Gastst\u00e4tte und Pension Wieseneck befindet sich im Dorf Kloster, dem kulturellen Mittelpunkt der Insel Hiddensee.<\/p><p>Sie ist eine der \u00e4ltesten Gasth\u00e4user auf Hiddensee und wurde phantasievoll und unkonventionell restauriert.<\/p><p>Die Pension verf\u00fcgt \u00fcber 13 Zimmer mit Dusche\/WC, TV und wifi\/W-Lan sowie einem Restaurant mit mediterranem Ambiente und sch\u00f6ner Au\u00dfenterrasse.<\/p><p>Die regionale und \u00fcberregionale K\u00fcche bietet viel Abwechslung f\u00fcr eine gesunde Ern\u00e4hrung im Urlaub.<\/p><p>Unser Haus liegt ca. 5 min Fu\u00dfweg vom 15 km langen Sandstrand entfernt.<\/p><p>Von Herbst bis Fr\u00fchjahr nehmen wir auch gern Gruppen- und Seminarbuchungen entgegen und bieten daf\u00fcr technischen und r\u00e4umlichen Voraussetzungen.<\/p>\t\t\t\t\t\t\t\t<\/div>\n\t\t\t\t<\/div>\n\t\t\t\t<div class=\"elementor-element elementor-element-299266b elementor-widget elementor-widget-heading\" data-id=\"299266b\" data-element_type=\"widget\" data-e-type=\"widget\" data-widget_type=\"heading.default\">\n\t\t\t\t<div class=\"elementor-widget-container\">\n\t\t\t\t\t<h2 class=\"elementor-heading-title elementor-size-default\">... wir sind f\u00fcr Sie da.<\/h2>\t\t\t\t<\/div>\n\t\t\t\t<\/div>\n\t\t\t\t\t<\/div>\n\t\t<\/div>\n\t\t\t\t\t<\/div>\n\t\t<\/section>\n\t\t\t\t<section class=\"elementor-section elementor-top-section elementor-element elementor-element-a46a61c elementor-section-boxed elementor-section-height-default elementor-section-height-default\" data-id=\"a46a61c\" data-element_type=\"section\" data-e-type=\"section\">\n\t\t\t\t\t\t<div class=\"elementor-container elementor-column-gap-default\">\n\t\t\t\t\t<div class=\"elementor-column elementor-col-100 elementor-top-column elementor-element elementor-element-2489360\" data-id=\"2489360\" data-element_type=\"column\" data-e-type=\"column\">\n\t\t\t<div class=\"elementor-widget-wrap elementor-element-populated\">\n\t\t\t\t\t\t<div class=\"elementor-element elementor-element-6709160 elementor-widget-divider--view-line elementor-widget elementor-widget-divider\" data-id=\"6709160\" data-element_type=\"widget\" data-e-type=\"widget\" data-widget_type=\"divider.default\">\n\t\t\t\t<div class=\"elementor-widget-container\">\n\t\t\t\t\t\t\t<div class=\"elementor-divider\">\n\t\t\t<span class=\"elementor-divider-separator\">\n\t\t\t\t\t\t<\/span>\n\t\t<\/div>\n\t\t\t\t\t\t<\/div>\n\t\t\t\t<\/div>\n\t\t\t\t\t<\/div>\n\t\t<\/div>\n\t\t\t\t\t<\/div>\n\t\t<\/section>\n\t\t\t\t<\/div>\n\t\t","protected":false},"excerpt":{"rendered":"<p>Reservation request Prices (high season) Single room \u00dcF 50 - 80 Euro Double room \u00dcF 90 - 150 Euro Single occupancy in double room \u00dcF 75 - 135 Euro Children - up to 2 years 0 Euro Children - up to 3 years ...<\/p>","protected":false},"author":3,"featured_media":0,"parent":0,"menu_order":0,"comment_status":"closed","ping_status":"closed","template":"elementor_header_footer","meta":{"footnotes":""},"folder":[],"class_list":["post-58","page","type-page","status-publish","hentry"],"yoast_head":"<!-- This site is optimized with the Yoast SEO plugin v27.3 - https:\/\/yoast.com\/product\/yoast-seo-wordpress\/ -->\n<title>Pension Wieseneck - wieseneck-hiddensee<\/title>\n<meta name=\"robots\" content=\"index, follow, max-snippet:-1, max-image-preview:large, max-video-preview:-1\" \/>\n<link rel=\"canonical\" href=\"https:\/\/wieseneck-hiddensee.de\/en\/pension-wieseneck\/\" \/>\n<meta property=\"og:locale\" content=\"en_GB\" \/>\n<meta property=\"og:type\" content=\"article\" \/>\n<meta property=\"og:title\" content=\"Pension Wieseneck - wieseneck-hiddensee\" \/>\n<meta property=\"og:description\" content=\"Reservierungsanfrage Preise (Hauptsaison) Einzelzimmer \u00dcF 50 &#8211; 80 Euro Doppelzimmer \u00dcF 90 &#8211; 150 Euro Einzelbelegung imDoppelzimmer \u00dcF 75 &#8211; 135 Euro Kinder &#8211; bis 2 Jahre 0 Euro Kinder &#8211; bis 3 Jahre\u00a0 \u00a0 &hellip;\" \/>\n<meta property=\"og:url\" content=\"https:\/\/wieseneck-hiddensee.de\/en\/pension-wieseneck\/\" \/>\n<meta property=\"og:site_name\" content=\"wieseneck-hiddensee\" \/>\n<meta property=\"article:modified_time\" content=\"2025-01-06T13:55:57+00:00\" \/>\n<meta name=\"twitter:card\" content=\"summary_large_image\" \/>\n<meta name=\"twitter:label1\" content=\"Estimated reading time\" \/>\n\t<meta name=\"twitter:data1\" content=\"1 minute\" \/>\n<script type=\"application\/ld+json\" class=\"yoast-schema-graph\">{\"@context\":\"https:\\\/\\\/schema.org\",\"@graph\":[{\"@type\":\"WebPage\",\"@id\":\"https:\\\/\\\/wieseneck-hiddensee.de\\\/pension-wieseneck\\\/\",\"url\":\"https:\\\/\\\/wieseneck-hiddensee.de\\\/pension-wieseneck\\\/\",\"name\":\"Pension Wieseneck - wieseneck-hiddensee\",\"isPartOf\":{\"@id\":\"https:\\\/\\\/wieseneck-hiddensee.de\\\/#website\"},\"datePublished\":\"2020-06-13T09:37:47+00:00\",\"dateModified\":\"2025-01-06T13:55:57+00:00\",\"breadcrumb\":{\"@id\":\"https:\\\/\\\/wieseneck-hiddensee.de\\\/pension-wieseneck\\\/#breadcrumb\"},\"inLanguage\":\"en-GB\",\"potentialAction\":[{\"@type\":\"ReadAction\",\"target\":[\"https:\\\/\\\/wieseneck-hiddensee.de\\\/pension-wieseneck\\\/\"]}]},{\"@type\":\"BreadcrumbList\",\"@id\":\"https:\\\/\\\/wieseneck-hiddensee.de\\\/pension-wieseneck\\\/#breadcrumb\",\"itemListElement\":[{\"@type\":\"ListItem\",\"position\":1,\"name\":\"Startseite\",\"item\":\"https:\\\/\\\/wieseneck-hiddensee.de\\\/\"},{\"@type\":\"ListItem\",\"position\":2,\"name\":\"Pension Wieseneck\"}]},{\"@type\":\"WebSite\",\"@id\":\"https:\\\/\\\/wieseneck-hiddensee.de\\\/#website\",\"url\":\"https:\\\/\\\/wieseneck-hiddensee.de\\\/\",\"name\":\"wieseneck-hiddensee\",\"description\":\"\",\"publisher\":{\"@id\":\"https:\\\/\\\/wieseneck-hiddensee.de\\\/#organization\"},\"potentialAction\":[{\"@type\":\"SearchAction\",\"target\":{\"@type\":\"EntryPoint\",\"urlTemplate\":\"https:\\\/\\\/wieseneck-hiddensee.de\\\/?s={search_term_string}\"},\"query-input\":{\"@type\":\"PropertyValueSpecification\",\"valueRequired\":true,\"valueName\":\"search_term_string\"}}],\"inLanguage\":\"en-GB\"},{\"@type\":\"Organization\",\"@id\":\"https:\\\/\\\/wieseneck-hiddensee.de\\\/#organization\",\"name\":\"wieseneck-hiddensee\",\"url\":\"https:\\\/\\\/wieseneck-hiddensee.de\\\/\",\"logo\":{\"@type\":\"ImageObject\",\"inLanguage\":\"en-GB\",\"@id\":\"https:\\\/\\\/wieseneck-hiddensee.de\\\/#\\\/schema\\\/logo\\\/image\\\/\",\"url\":\"https:\\\/\\\/wieseneck-hiddensee.de\\\/wp-content\\\/uploads\\\/2020\\\/06\\\/cropped-wieseneckillu-3web.jpg\",\"contentUrl\":\"https:\\\/\\\/wieseneck-hiddensee.de\\\/wp-content\\\/uploads\\\/2020\\\/06\\\/cropped-wieseneckillu-3web.jpg\",\"width\":563,\"height\":300,\"caption\":\"wieseneck-hiddensee\"},\"image\":{\"@id\":\"https:\\\/\\\/wieseneck-hiddensee.de\\\/#\\\/schema\\\/logo\\\/image\\\/\"}}]}<\/script>\n<!-- \/ Yoast SEO plugin. -->","yoast_head_json":{"title":"Pension Wieseneck - wieseneck-hiddensee","robots":{"index":"index","follow":"follow","max-snippet":"max-snippet:-1","max-image-preview":"max-image-preview:large","max-video-preview":"max-video-preview:-1"},"canonical":"https:\/\/wieseneck-hiddensee.de\/en\/pension-wieseneck\/","og_locale":"en_GB","og_type":"article","og_title":"Pension Wieseneck - wieseneck-hiddensee","og_description":"Reservierungsanfrage Preise (Hauptsaison) Einzelzimmer \u00dcF 50 &#8211; 80 Euro Doppelzimmer \u00dcF 90 &#8211; 150 Euro Einzelbelegung imDoppelzimmer \u00dcF 75 &#8211; 135 Euro Kinder &#8211; bis 2 Jahre 0 Euro Kinder &#8211; bis 3 Jahre\u00a0 \u00a0 &hellip;","og_url":"https:\/\/wieseneck-hiddensee.de\/en\/pension-wieseneck\/","og_site_name":"wieseneck-hiddensee","article_modified_time":"2025-01-06T13:55:57+00:00","twitter_card":"summary_large_image","twitter_misc":{"Estimated reading time":"1 minute"},"schema":{"@context":"https:\/\/schema.org","@graph":[{"@type":"WebPage","@id":"https:\/\/wieseneck-hiddensee.de\/pension-wieseneck\/","url":"https:\/\/wieseneck-hiddensee.de\/pension-wieseneck\/","name":"Pension Wieseneck - wieseneck-hiddensee","isPartOf":{"@id":"https:\/\/wieseneck-hiddensee.de\/#website"},"datePublished":"2020-06-13T09:37:47+00:00","dateModified":"2025-01-06T13:55:57+00:00","breadcrumb":{"@id":"https:\/\/wieseneck-hiddensee.de\/pension-wieseneck\/#breadcrumb"},"inLanguage":"en-GB","potentialAction":[{"@type":"ReadAction","target":["https:\/\/wieseneck-hiddensee.de\/pension-wieseneck\/"]}]},{"@type":"BreadcrumbList","@id":"https:\/\/wieseneck-hiddensee.de\/pension-wieseneck\/#breadcrumb","itemListElement":[{"@type":"ListItem","position":1,"name":"Startseite","item":"https:\/\/wieseneck-hiddensee.de\/"},{"@type":"ListItem","position":2,"name":"Pension Wieseneck"}]},{"@type":"WebSite","@id":"https:\/\/wieseneck-hiddensee.de\/#website","url":"https:\/\/wieseneck-hiddensee.de\/","name":"wieseneck-hiddensee","description":"","publisher":{"@id":"https:\/\/wieseneck-hiddensee.de\/#organization"},"potentialAction":[{"@type":"SearchAction","target":{"@type":"EntryPoint","urlTemplate":"https:\/\/wieseneck-hiddensee.de\/?s={search_term_string}"},"query-input":{"@type":"PropertyValueSpecification","valueRequired":true,"valueName":"search_term_string"}}],"inLanguage":"en-GB"},{"@type":"Organization","@id":"https:\/\/wieseneck-hiddensee.de\/#organization","name":"wieseneck-hiddensee","url":"https:\/\/wieseneck-hiddensee.de\/","logo":{"@type":"ImageObject","inLanguage":"en-GB","@id":"https:\/\/wieseneck-hiddensee.de\/#\/schema\/logo\/image\/","url":"https:\/\/wieseneck-hiddensee.de\/wp-content\/uploads\/2020\/06\/cropped-wieseneckillu-3web.jpg","contentUrl":"https:\/\/wieseneck-hiddensee.de\/wp-content\/uploads\/2020\/06\/cropped-wieseneckillu-3web.jpg","width":563,"height":300,"caption":"wieseneck-hiddensee"},"image":{"@id":"https:\/\/wieseneck-hiddensee.de\/#\/schema\/logo\/image\/"}}]}},"_links":{"self":[{"href":"https:\/\/wieseneck-hiddensee.de\/en\/wp-json\/wp\/v2\/pages\/58","targetHints":{"allow":["GET"]}}],"collection":[{"href":"https:\/\/wieseneck-hiddensee.de\/en\/wp-json\/wp\/v2\/pages"}],"about":[{"href":"https:\/\/wieseneck-hiddensee.de\/en\/wp-json\/wp\/v2\/types\/page"}],"author":[{"embeddable":true,"href":"https:\/\/wieseneck-hiddensee.de\/en\/wp-json\/wp\/v2\/users\/3"}],"replies":[{"embeddable":true,"href":"https:\/\/wieseneck-hiddensee.de\/en\/wp-json\/wp\/v2\/comments?post=58"}],"version-history":[{"count":126,"href":"https:\/\/wieseneck-hiddensee.de\/en\/wp-json\/wp\/v2\/pages\/58\/revisions"}],"predecessor-version":[{"id":3674,"href":"https:\/\/wieseneck-hiddensee.de\/en\/wp-json\/wp\/v2\/pages\/58\/revisions\/3674"}],"wp:attachment":[{"href":"https:\/\/wieseneck-hiddensee.de\/en\/wp-json\/wp\/v2\/media?parent=58"}],"wp:term":[{"taxonomy":"folder","embeddable":true,"href":"https:\/\/wieseneck-hiddensee.de\/en\/wp-json\/wp\/v2\/folder?post=58"}],"curies":[{"name":"wp","href":"https:\/\/api.w.org\/{rel}","templated":true}]}}