{"id":64,"date":"2020-06-13T11:42:01","date_gmt":"2020-06-13T09:42:01","guid":{"rendered":"https:\/\/wp.wieseneck-hiddensee.de\/?page_id=64"},"modified":"2020-06-19T16:26:52","modified_gmt":"2020-06-19T14:26:52","slug":"impressum","status":"publish","type":"page","link":"https:\/\/wieseneck-hiddensee.de\/fr\/impressum\/","title":{"rendered":"Mentions l\u00e9gales"},"content":{"rendered":"<div data-elementor-type=\"wp-page\" data-elementor-id=\"64\" class=\"elementor elementor-64\">\n\t\t\t\t\t\t<section class=\"elementor-section elementor-top-section elementor-element elementor-element-a009c3a elementor-section-boxed elementor-section-height-default elementor-section-height-default\" data-id=\"a009c3a\" data-element_type=\"section\" data-e-type=\"section\">\n\t\t\t\t\t\t<div class=\"elementor-container elementor-column-gap-default\">\n\t\t\t\t\t<div class=\"elementor-column elementor-col-33 elementor-top-column elementor-element elementor-element-13a3405\" data-id=\"13a3405\" data-element_type=\"column\" data-e-type=\"column\">\n\t\t\t<div class=\"elementor-widget-wrap elementor-element-populated\">\n\t\t\t\t\t\t<div class=\"elementor-element elementor-element-42700c1 elementor-widget elementor-widget-text-editor\" data-id=\"42700c1\" data-element_type=\"widget\" data-e-type=\"widget\" data-widget_type=\"text-editor.default\">\n\t\t\t\t<div class=\"elementor-widget-container\">\n\t\t\t\t\t\t\t\t\t<h5>Op\u00e9rateur<\/h5><p>DUWENO Restaurant and Hotel Management GmbH<br \/>Gro\u00dfe Hamburger Strasse 37<br \/>10115 Berlin<br \/>Allemagne<\/p><p>T\u00e9l\u00e9phone : +49 (0)30 282 2109<br \/>Fax : +49 (0)30 285 99 860<br \/>e-mail : info@sophieneck-berlin.de<br \/>Repr\u00e9sentants l\u00e9gaux<br \/>Henrik Nowack - Directeur g\u00e9n\u00e9ral<br \/>Responsable du contenu<br \/>Henrik Nowack - Directeur g\u00e9n\u00e9ral<br \/>D\u00e9l\u00e9gu\u00e9 \u00e0 la protection des donn\u00e9es<br \/>Henrik Nowack - Directeur g\u00e9n\u00e9ral<\/p><p>S'inscrire<br \/>Tribunal d'instance de Berlin, HR B 59562<\/p><p>N\u00b0 d'identification TVA CE DE 179 720 531<\/p><p>Clause de non-responsabilit\u00e9<br \/>Malgr\u00e9 un contr\u00f4le minutieux du contenu, nous n'assumons aucune responsabilit\u00e9 quant au contenu des liens externes. Les exploitants des pages li\u00e9es sont seuls responsables du contenu de leurs pages.<\/p><p>WIESENECK Lac Hiddden<br \/>Pension | Caf\u00e9 | Restaurant<br \/>Kirchweg 18 | D-18565 | Monast\u00e8re \/ Hiddensee | Allemagne<br \/>T\u00e9l\u00e9phone : +49 (0)38300 316 | Fax : +49 (0)38300 68024<br \/>info@wieseneck-hiddensee.de | www.wieseneck-hiddensee.de<br \/>GPS : 54 585192.13 105402<\/p>\t\t\t\t\t\t\t\t<\/div>\n\t\t\t\t<\/div>\n\t\t\t\t\t<\/div>\n\t\t<\/div>\n\t\t\t\t<div class=\"elementor-column elementor-col-33 elementor-top-column elementor-element elementor-element-b6d863f\" data-id=\"b6d863f\" data-element_type=\"column\" data-e-type=\"column\">\n\t\t\t<div class=\"elementor-widget-wrap\">\n\t\t\t\t\t\t\t<\/div>\n\t\t<\/div>\n\t\t\t\t<div class=\"elementor-column elementor-col-33 elementor-top-column elementor-element elementor-element-f4cd42f\" data-id=\"f4cd42f\" data-element_type=\"column\" data-e-type=\"column\">\n\t\t\t<div class=\"elementor-widget-wrap elementor-element-populated\">\n\t\t\t\t\t\t<div class=\"elementor-element elementor-element-d3f9948 elementor-widget elementor-widget-text-editor\" data-id=\"d3f9948\" data-element_type=\"widget\" data-e-type=\"widget\" data-widget_type=\"text-editor.default\">\n\t\t\t\t<div class=\"elementor-widget-container\">\n\t\t\t\t\t\t\t\t\t<p>PHOTO + GRAPHISME + WEBDESIGN<\/p><p>Torsten Elger<br \/>photographie+conception graphique <br \/>scientifique culturel dipl\u00f4m\u00e9<\/p><p><span style=\"color: #008000;\"><a style=\"color: #008000;\" href=\"https:\/\/elgerart.de\" target=\"_blank\" rel=\"noopener\">elgerart.com<\/a><\/span><\/p>\t\t\t\t\t\t\t\t<\/div>\n\t\t\t\t<\/div>\n\t\t\t\t\t<\/div>\n\t\t<\/div>\n\t\t\t\t\t<\/div>\n\t\t<\/section>\n\t\t\t\t<\/div>","protected":false},"excerpt":{"rendered":"<p>Op\u00e9rateur DUWENO Gastst\u00e4tten- und Hotelbetriebs GmbHGro\u00dfe Hamburger Stra\u00dfe 3710115 BerlinAllemagne T\u00e9l\u00e9phone : +49 (0)30 282 2109Fax : +49 (0)30 285 99 860E-Mail : info@sophieneck-berlin.deGesetzliche Repr\u00e9sentantHenrik Nowack - Directeur g\u00e9n\u00e9ralResponsable du contenuHenrik Nowack - Directeur g\u00e9n\u00e9ralResponsable de la confidentialit\u00e9Henrik Nowack - Directeur g\u00e9n\u00e9ral RegisterAmtsgericht Berlin, HR ...<\/p>","protected":false},"author":3,"featured_media":0,"parent":0,"menu_order":0,"comment_status":"closed","ping_status":"closed","template":"","meta":{"footnotes":""},"folder":[],"class_list":["post-64","page","type-page","status-publish","hentry"],"yoast_head":"<!-- This site is optimized with the Yoast SEO plugin v27.5 - https:\/\/yoast.com\/product\/yoast-seo-wordpress\/ -->\n<title>Impressum - wieseneck-hiddensee<\/title>\n<meta name=\"robots\" content=\"index, follow, max-snippet:-1, max-image-preview:large, max-video-preview:-1\" \/>\n<link rel=\"canonical\" href=\"https:\/\/wieseneck-hiddensee.de\/fr\/impressum\/\" \/>\n<meta property=\"og:locale\" content=\"fr_FR\" \/>\n<meta property=\"og:type\" content=\"article\" \/>\n<meta property=\"og:title\" content=\"Impressum - wieseneck-hiddensee\" \/>\n<meta property=\"og:description\" content=\"Betreiber DUWENO Gastst\u00e4tten- und Hotelbetriebs GmbHGro\u00dfe Hamburger Stra\u00dfe 3710115 BerlinGermany Phone: +49 (0)30 282 2109Fax: +49 (0)30 285 99 860E-Mail: info@sophieneck-berlin.deGesetzliche VertreterHenrik Nowack &#8211; Gesch\u00e4ftsf\u00fchrerInhaltlich VerantwortlichHenrik Nowack &#8211; Gesch\u00e4ftsf\u00fchrerDatenschutzverantwortlicherHenrik Nowack &#8211; Gesch\u00e4ftsf\u00fchrer RegisterAmtsgericht Berlin, HR &hellip;\" \/>\n<meta property=\"og:url\" content=\"https:\/\/wieseneck-hiddensee.de\/fr\/impressum\/\" \/>\n<meta property=\"og:site_name\" content=\"wieseneck-hiddensee\" \/>\n<meta property=\"article:modified_time\" content=\"2020-06-19T14:26:52+00:00\" \/>\n<meta name=\"twitter:card\" content=\"summary_large_image\" \/>\n<script type=\"application\/ld+json\" class=\"yoast-schema-graph\">{\"@context\":\"https:\\\/\\\/schema.org\",\"@graph\":[{\"@type\":\"WebPage\",\"@id\":\"https:\\\/\\\/wieseneck-hiddensee.de\\\/impressum\\\/\",\"url\":\"https:\\\/\\\/wieseneck-hiddensee.de\\\/impressum\\\/\",\"name\":\"Impressum - wieseneck-hiddensee\",\"isPartOf\":{\"@id\":\"https:\\\/\\\/wieseneck-hiddensee.de\\\/#website\"},\"datePublished\":\"2020-06-13T09:42:01+00:00\",\"dateModified\":\"2020-06-19T14:26:52+00:00\",\"breadcrumb\":{\"@id\":\"https:\\\/\\\/wieseneck-hiddensee.de\\\/impressum\\\/#breadcrumb\"},\"inLanguage\":\"fr-FR\",\"potentialAction\":[{\"@type\":\"ReadAction\",\"target\":[\"https:\\\/\\\/wieseneck-hiddensee.de\\\/impressum\\\/\"]}]},{\"@type\":\"BreadcrumbList\",\"@id\":\"https:\\\/\\\/wieseneck-hiddensee.de\\\/impressum\\\/#breadcrumb\",\"itemListElement\":[{\"@type\":\"ListItem\",\"position\":1,\"name\":\"Startseite\",\"item\":\"https:\\\/\\\/wieseneck-hiddensee.de\\\/\"},{\"@type\":\"ListItem\",\"position\":2,\"name\":\"Impressum\"}]},{\"@type\":\"WebSite\",\"@id\":\"https:\\\/\\\/wieseneck-hiddensee.de\\\/#website\",\"url\":\"https:\\\/\\\/wieseneck-hiddensee.de\\\/\",\"name\":\"wieseneck-hiddensee\",\"description\":\"\",\"publisher\":{\"@id\":\"https:\\\/\\\/wieseneck-hiddensee.de\\\/#organization\"},\"potentialAction\":[{\"@type\":\"SearchAction\",\"target\":{\"@type\":\"EntryPoint\",\"urlTemplate\":\"https:\\\/\\\/wieseneck-hiddensee.de\\\/?s={search_term_string}\"},\"query-input\":{\"@type\":\"PropertyValueSpecification\",\"valueRequired\":true,\"valueName\":\"search_term_string\"}}],\"inLanguage\":\"fr-FR\"},{\"@type\":\"Organization\",\"@id\":\"https:\\\/\\\/wieseneck-hiddensee.de\\\/#organization\",\"name\":\"wieseneck-hiddensee\",\"url\":\"https:\\\/\\\/wieseneck-hiddensee.de\\\/\",\"logo\":{\"@type\":\"ImageObject\",\"inLanguage\":\"fr-FR\",\"@id\":\"https:\\\/\\\/wieseneck-hiddensee.de\\\/#\\\/schema\\\/logo\\\/image\\\/\",\"url\":\"https:\\\/\\\/wieseneck-hiddensee.de\\\/wp-content\\\/uploads\\\/2020\\\/06\\\/cropped-wieseneckillu-3web.jpg\",\"contentUrl\":\"https:\\\/\\\/wieseneck-hiddensee.de\\\/wp-content\\\/uploads\\\/2020\\\/06\\\/cropped-wieseneckillu-3web.jpg\",\"width\":563,\"height\":300,\"caption\":\"wieseneck-hiddensee\"},\"image\":{\"@id\":\"https:\\\/\\\/wieseneck-hiddensee.de\\\/#\\\/schema\\\/logo\\\/image\\\/\"}}]}<\/script>\n<!-- \/ Yoast SEO plugin. -->","yoast_head_json":{"title":"Mentions l\u00e9gales - wieseneck-hiddensee","robots":{"index":"index","follow":"follow","max-snippet":"max-snippet:-1","max-image-preview":"max-image-preview:large","max-video-preview":"max-video-preview:-1"},"canonical":"https:\/\/wieseneck-hiddensee.de\/fr\/impressum\/","og_locale":"fr_FR","og_type":"article","og_title":"Impressum - wieseneck-hiddensee","og_description":"Betreiber DUWENO Gastst\u00e4tten- und Hotelbetriebs GmbHGro\u00dfe Hamburger Stra\u00dfe 3710115 BerlinGermany Phone: +49 (0)30 282 2109Fax: +49 (0)30 285 99 860E-Mail: info@sophieneck-berlin.deGesetzliche VertreterHenrik Nowack &#8211; Gesch\u00e4ftsf\u00fchrerInhaltlich VerantwortlichHenrik Nowack &#8211; Gesch\u00e4ftsf\u00fchrerDatenschutzverantwortlicherHenrik Nowack &#8211; Gesch\u00e4ftsf\u00fchrer RegisterAmtsgericht Berlin, HR &hellip;","og_url":"https:\/\/wieseneck-hiddensee.de\/fr\/impressum\/","og_site_name":"wieseneck-hiddensee","article_modified_time":"2020-06-19T14:26:52+00:00","twitter_card":"summary_large_image","schema":{"@context":"https:\/\/schema.org","@graph":[{"@type":"WebPage","@id":"https:\/\/wieseneck-hiddensee.de\/impressum\/","url":"https:\/\/wieseneck-hiddensee.de\/impressum\/","name":"Mentions l\u00e9gales - wieseneck-hiddensee","isPartOf":{"@id":"https:\/\/wieseneck-hiddensee.de\/#website"},"datePublished":"2020-06-13T09:42:01+00:00","dateModified":"2020-06-19T14:26:52+00:00","breadcrumb":{"@id":"https:\/\/wieseneck-hiddensee.de\/impressum\/#breadcrumb"},"inLanguage":"fr-FR","potentialAction":[{"@type":"ReadAction","target":["https:\/\/wieseneck-hiddensee.de\/impressum\/"]}]},{"@type":"BreadcrumbList","@id":"https:\/\/wieseneck-hiddensee.de\/impressum\/#breadcrumb","itemListElement":[{"@type":"ListItem","position":1,"name":"Startseite","item":"https:\/\/wieseneck-hiddensee.de\/"},{"@type":"ListItem","position":2,"name":"Impressum"}]},{"@type":"WebSite","@id":"https:\/\/wieseneck-hiddensee.de\/#website","url":"https:\/\/wieseneck-hiddensee.de\/","name":"wieseneck-hiddensee","description":"","publisher":{"@id":"https:\/\/wieseneck-hiddensee.de\/#organization"},"potentialAction":[{"@type":"SearchAction","target":{"@type":"EntryPoint","urlTemplate":"https:\/\/wieseneck-hiddensee.de\/?s={search_term_string}"},"query-input":{"@type":"PropertyValueSpecification","valueRequired":true,"valueName":"search_term_string"}}],"inLanguage":"fr-FR"},{"@type":"Organization","@id":"https:\/\/wieseneck-hiddensee.de\/#organization","name":"wieseneck-hiddensee","url":"https:\/\/wieseneck-hiddensee.de\/","logo":{"@type":"ImageObject","inLanguage":"fr-FR","@id":"https:\/\/wieseneck-hiddensee.de\/#\/schema\/logo\/image\/","url":"https:\/\/wieseneck-hiddensee.de\/wp-content\/uploads\/2020\/06\/cropped-wieseneckillu-3web.jpg","contentUrl":"https:\/\/wieseneck-hiddensee.de\/wp-content\/uploads\/2020\/06\/cropped-wieseneckillu-3web.jpg","width":563,"height":300,"caption":"wieseneck-hiddensee"},"image":{"@id":"https:\/\/wieseneck-hiddensee.de\/#\/schema\/logo\/image\/"}}]}},"_links":{"self":[{"href":"https:\/\/wieseneck-hiddensee.de\/fr\/wp-json\/wp\/v2\/pages\/64","targetHints":{"allow":["GET"]}}],"collection":[{"href":"https:\/\/wieseneck-hiddensee.de\/fr\/wp-json\/wp\/v2\/pages"}],"about":[{"href":"https:\/\/wieseneck-hiddensee.de\/fr\/wp-json\/wp\/v2\/types\/page"}],"author":[{"embeddable":true,"href":"https:\/\/wieseneck-hiddensee.de\/fr\/wp-json\/wp\/v2\/users\/3"}],"replies":[{"embeddable":true,"href":"https:\/\/wieseneck-hiddensee.de\/fr\/wp-json\/wp\/v2\/comments?post=64"}],"version-history":[{"count":6,"href":"https:\/\/wieseneck-hiddensee.de\/fr\/wp-json\/wp\/v2\/pages\/64\/revisions"}],"predecessor-version":[{"id":794,"href":"https:\/\/wieseneck-hiddensee.de\/fr\/wp-json\/wp\/v2\/pages\/64\/revisions\/794"}],"wp:attachment":[{"href":"https:\/\/wieseneck-hiddensee.de\/fr\/wp-json\/wp\/v2\/media?parent=64"}],"wp:term":[{"taxonomy":"folder","embeddable":true,"href":"https:\/\/wieseneck-hiddensee.de\/fr\/wp-json\/wp\/v2\/folder?post=64"}],"curies":[{"name":"wp","href":"https:\/\/api.w.org\/{rel}","templated":true}]}}