{"id":456,"date":"2020-06-15T17:11:20","date_gmt":"2020-06-15T15:11:20","guid":{"rendered":"https:\/\/wp.wieseneck-hiddensee.de\/?page_id=456"},"modified":"2025-03-28T06:47:06","modified_gmt":"2025-03-28T05:47:06","slug":"hochzeiten-jubilaeen","status":"publish","type":"page","link":"https:\/\/wieseneck-hiddensee.de\/fr\/hochzeiten-jubilaeen\/","title":{"rendered":"Mariages | Anniversaires"},"content":{"rendered":"<div data-elementor-type=\"wp-page\" data-elementor-id=\"456\" class=\"elementor elementor-456\">\n\t\t\t\t\t\t<section class=\"elementor-section elementor-top-section elementor-element elementor-element-283bfe72 elementor-section-boxed elementor-section-height-default elementor-section-height-default\" data-id=\"283bfe72\" data-element_type=\"section\" data-e-type=\"section\">\n\t\t\t\t\t\t<div class=\"elementor-container elementor-column-gap-no\">\n\t\t\t\t\t<div class=\"elementor-column elementor-col-100 elementor-top-column elementor-element elementor-element-62160d12\" data-id=\"62160d12\" data-element_type=\"column\" data-e-type=\"column\">\n\t\t\t<div class=\"elementor-widget-wrap elementor-element-populated\">\n\t\t\t\t\t\t<div class=\"elementor-element elementor-element-6aec9f1 elementor-widget elementor-widget-image\" data-id=\"6aec9f1\" data-element_type=\"widget\" data-e-type=\"widget\" data-widget_type=\"image.default\">\n\t\t\t\t<div class=\"elementor-widget-container\">\n\t\t\t\t\t\t\t\t\t\t\t\t\t\t\t<img fetchpriority=\"high\" decoding=\"async\" width=\"1600\" height=\"500\" src=\"https:\/\/wieseneck-hiddensee.de\/wp-content\/uploads\/2020\/06\/20150609-_DSC1069.jpg\" class=\"attachment-full size-full wp-image-481\" alt=\"\" srcset=\"https:\/\/wieseneck-hiddensee.de\/wp-content\/uploads\/2020\/06\/20150609-_DSC1069.jpg 1600w, https:\/\/wieseneck-hiddensee.de\/wp-content\/uploads\/2020\/06\/20150609-_DSC1069-300x94.jpg 300w, https:\/\/wieseneck-hiddensee.de\/wp-content\/uploads\/2020\/06\/20150609-_DSC1069-1024x320.jpg 1024w, https:\/\/wieseneck-hiddensee.de\/wp-content\/uploads\/2020\/06\/20150609-_DSC1069-768x240.jpg 768w, https:\/\/wieseneck-hiddensee.de\/wp-content\/uploads\/2020\/06\/20150609-_DSC1069-1536x480.jpg 1536w, https:\/\/wieseneck-hiddensee.de\/wp-content\/uploads\/2020\/06\/20150609-_DSC1069-512x160.jpg 512w\" sizes=\"(max-width: 1600px) 100vw, 1600px\" \/>\t\t\t\t\t\t\t\t\t\t\t\t\t\t\t<\/div>\n\t\t\t\t<\/div>\n\t\t\t\t<div class=\"elementor-element elementor-element-0b4ebd0 elementor-widget-divider--view-line elementor-widget elementor-widget-divider\" data-id=\"0b4ebd0\" data-element_type=\"widget\" data-e-type=\"widget\" data-widget_type=\"divider.default\">\n\t\t\t\t<div class=\"elementor-widget-container\">\n\t\t\t\t\t\t\t<div class=\"elementor-divider\">\n\t\t\t<span class=\"elementor-divider-separator\">\n\t\t\t\t\t\t<\/span>\n\t\t<\/div>\n\t\t\t\t\t\t<\/div>\n\t\t\t\t<\/div>\n\t\t\t\t\t<\/div>\n\t\t<\/div>\n\t\t\t\t\t<\/div>\n\t\t<\/section>\n\t\t\t\t<section class=\"elementor-section elementor-top-section elementor-element elementor-element-61abdce6 elementor-section-boxed elementor-section-height-default elementor-section-height-default\" data-id=\"61abdce6\" data-element_type=\"section\" data-e-type=\"section\">\n\t\t\t\t\t\t<div class=\"elementor-container elementor-column-gap-default\">\n\t\t\t\t\t<div class=\"elementor-column elementor-col-50 elementor-top-column elementor-element elementor-element-1f6db3f8\" data-id=\"1f6db3f8\" data-element_type=\"column\" data-e-type=\"column\">\n\t\t\t<div class=\"elementor-widget-wrap elementor-element-populated\">\n\t\t\t\t\t\t<div class=\"elementor-element elementor-element-73b21422 elementor-widget elementor-widget-heading\" data-id=\"73b21422\" data-element_type=\"widget\" data-e-type=\"widget\" data-widget_type=\"heading.default\">\n\t\t\t\t<div class=\"elementor-widget-container\">\n\t\t\t\t\t<h5 class=\"elementor-heading-title elementor-size-default\">Service de mariage | Anniversaires<\/h5>\t\t\t\t<\/div>\n\t\t\t\t<\/div>\n\t\t\t\t<div class=\"elementor-element elementor-element-1d80e038 elementor-widget-divider--view-line elementor-widget elementor-widget-divider\" data-id=\"1d80e038\" data-element_type=\"widget\" data-e-type=\"widget\" data-widget_type=\"divider.default\">\n\t\t\t\t<div class=\"elementor-widget-container\">\n\t\t\t\t\t\t\t<div class=\"elementor-divider\">\n\t\t\t<span class=\"elementor-divider-separator\">\n\t\t\t\t\t\t<\/span>\n\t\t<\/div>\n\t\t\t\t\t\t<\/div>\n\t\t\t\t<\/div>\n\t\t\t\t<div class=\"elementor-element elementor-element-16a317f0 elementor-widget elementor-widget-text-editor\" data-id=\"16a317f0\" data-element_type=\"widget\" data-e-type=\"widget\" data-widget_type=\"text-editor.default\">\n\t\t\t\t<div class=\"elementor-widget-container\">\n\t\t\t\t\t\t\t\t\t<p>Nous sommes heureux de vous conseiller pour la pr\u00e9paration de mariages ou d'autres occasions festives (par exemple, noces d'or ou anniversaires sp\u00e9ciaux) et de les concevoir selon vos souhaits et vos id\u00e9es.<\/p><p>Sur demande, nous vous enverrons notre menu et notre carte et \u00e9laborerons des propositions sp\u00e9ciales.<\/p>\t\t\t\t\t\t\t\t<\/div>\n\t\t\t\t<\/div>\n\t\t\t\t<div class=\"elementor-element elementor-element-423bc377 elementor-widget elementor-widget-text-editor\" data-id=\"423bc377\" data-element_type=\"widget\" data-e-type=\"widget\" data-widget_type=\"text-editor.default\">\n\t\t\t\t<div class=\"elementor-widget-container\">\n\t\t\t\t\t\t\t\t\t<p>La magnifique \u00e9glise de l'\u00eele de Kloster offre un cadre festif appropri\u00e9 pour chaque mariage.<\/p>\t\t\t\t\t\t\t\t<\/div>\n\t\t\t\t<\/div>\n\t\t\t\t<div class=\"elementor-element elementor-element-2c8a3f0 elementor-widget elementor-widget-image\" data-id=\"2c8a3f0\" data-element_type=\"widget\" data-e-type=\"widget\" data-widget_type=\"image.default\">\n\t\t\t\t<div class=\"elementor-widget-container\">\n\t\t\t\t\t\t\t\t\t\t\t\t\t\t\t<img decoding=\"async\" width=\"768\" height=\"240\" src=\"https:\/\/wieseneck-hiddensee.de\/wp-content\/uploads\/2020\/06\/KirchenNachts2-768x240.jpg\" class=\"attachment-medium_large size-medium_large wp-image-693\" alt=\"\" srcset=\"https:\/\/wieseneck-hiddensee.de\/wp-content\/uploads\/2020\/06\/KirchenNachts2-768x240.jpg 768w, https:\/\/wieseneck-hiddensee.de\/wp-content\/uploads\/2020\/06\/KirchenNachts2-300x94.jpg 300w, https:\/\/wieseneck-hiddensee.de\/wp-content\/uploads\/2020\/06\/KirchenNachts2-1024x320.jpg 1024w, https:\/\/wieseneck-hiddensee.de\/wp-content\/uploads\/2020\/06\/KirchenNachts2-1536x480.jpg 1536w, https:\/\/wieseneck-hiddensee.de\/wp-content\/uploads\/2020\/06\/KirchenNachts2-512x160.jpg 512w, https:\/\/wieseneck-hiddensee.de\/wp-content\/uploads\/2020\/06\/KirchenNachts2.jpg 1600w\" sizes=\"(max-width: 768px) 100vw, 768px\" \/>\t\t\t\t\t\t\t\t\t\t\t\t\t\t\t<\/div>\n\t\t\t\t<\/div>\n\t\t\t\t\t<\/div>\n\t\t<\/div>\n\t\t\t\t<div class=\"elementor-column elementor-col-50 elementor-top-column elementor-element elementor-element-a6753b7 elementor-invisible\" data-id=\"a6753b7\" data-element_type=\"column\" data-e-type=\"column\" data-settings=\"{&quot;animation&quot;:&quot;fadeInRight&quot;}\">\n\t\t\t<div class=\"elementor-widget-wrap elementor-element-populated\">\n\t\t\t\t\t\t<div class=\"elementor-element elementor-element-3c03dcb elementor-widget elementor-widget-text-editor\" data-id=\"3c03dcb\" data-element_type=\"widget\" data-e-type=\"widget\" data-widget_type=\"text-editor.default\">\n\t\t\t\t<div class=\"elementor-widget-container\">\n\t\t\t\t\t\t\t\t\t<p><span style=\"color: #ffffff;\"><a style=\"color: #ffffff;\" href=\"https:\/\/wieseneck-hiddensee.de\/fr\/reservierungsanfrage-gruppen\/\">R\u00e9servation de groupe<\/a><\/span><\/p>\t\t\t\t\t\t\t\t<\/div>\n\t\t\t\t<\/div>\n\t\t\t\t<div class=\"elementor-element elementor-element-5108211 elementor-widget elementor-widget-text-editor\" data-id=\"5108211\" data-element_type=\"widget\" data-e-type=\"widget\" data-widget_type=\"text-editor.default\">\n\t\t\t\t<div class=\"elementor-widget-container\">\n\t\t\t\t\t\t\t\t\t<p><span style=\"color: #ffffff;\"><a style=\"color: #ffffff;\" href=\"https:\/\/wieseneck-hiddensee.de\/fr\/speise-karte-wieseneck\/\">Plat<\/a>n &amp; boissons<\/span><\/p>\t\t\t\t\t\t\t\t<\/div>\n\t\t\t\t<\/div>\n\t\t\t\t\t<\/div>\n\t\t<\/div>\n\t\t\t\t\t<\/div>\n\t\t<\/section>\n\t\t\t\t<section class=\"elementor-section elementor-top-section elementor-element elementor-element-3379ccd elementor-section-boxed elementor-section-height-default elementor-section-height-default\" data-id=\"3379ccd\" data-element_type=\"section\" data-e-type=\"section\">\n\t\t\t\t\t\t<div class=\"elementor-container elementor-column-gap-default\">\n\t\t\t\t\t<div class=\"elementor-column elementor-col-100 elementor-top-column elementor-element elementor-element-559aaf0\" data-id=\"559aaf0\" data-element_type=\"column\" data-e-type=\"column\">\n\t\t\t<div class=\"elementor-widget-wrap\">\n\t\t\t\t\t\t\t<\/div>\n\t\t<\/div>\n\t\t\t\t\t<\/div>\n\t\t<\/section>\n\t\t\t\t<\/div>","protected":false},"excerpt":{"rendered":"<p>Service de mariage | Anniversaires Nous sommes heureux de vous conseiller sur la pr\u00e9paration de mariages ou d'autres occasions festives (par exemple, noces d'or ou anniversaires sp\u00e9ciaux) et de les concevoir selon vos souhaits et vos id\u00e9es. Sur demande, nous vous enverrons ...<\/p>","protected":false},"author":3,"featured_media":0,"parent":0,"menu_order":0,"comment_status":"closed","ping_status":"closed","template":"elementor_header_footer","meta":{"footnotes":""},"folder":[],"class_list":["post-456","page","type-page","status-publish","hentry"],"yoast_head":"<!-- This site is optimized with the Yoast SEO plugin v27.4 - https:\/\/yoast.com\/product\/yoast-seo-wordpress\/ -->\n<title>Hochzeiten | Jubil\u00e4en - wieseneck-hiddensee<\/title>\n<meta name=\"robots\" content=\"index, follow, max-snippet:-1, max-image-preview:large, max-video-preview:-1\" \/>\n<link rel=\"canonical\" href=\"https:\/\/wieseneck-hiddensee.de\/fr\/hochzeiten-jubilaeen\/\" \/>\n<meta property=\"og:locale\" content=\"fr_FR\" \/>\n<meta property=\"og:type\" content=\"article\" \/>\n<meta property=\"og:title\" content=\"Hochzeiten | Jubil\u00e4en - wieseneck-hiddensee\" \/>\n<meta property=\"og:description\" content=\"Hochzeits-Service | Jubil\u00e4en Wir beraten Sie gern bei der Vorbereitung von Hochzeiten oder anderen festlichen Anl\u00e4ssen (z.B. Goldene Hochzeit oder besondere Geburtstage) und gestalten diese nach Ihren W\u00fcnschen und Vorstellungen. Auf Wunsch senden wir Ihnen &hellip;\" \/>\n<meta property=\"og:url\" content=\"https:\/\/wieseneck-hiddensee.de\/fr\/hochzeiten-jubilaeen\/\" \/>\n<meta property=\"og:site_name\" content=\"wieseneck-hiddensee\" \/>\n<meta property=\"article:modified_time\" content=\"2025-03-28T05:47:06+00:00\" \/>\n<meta property=\"og:image\" content=\"https:\/\/wieseneck-hiddensee.de\/wp-content\/uploads\/2020\/06\/20150609-_DSC1069.jpg\" \/>\n\t<meta property=\"og:image:width\" content=\"1600\" \/>\n\t<meta property=\"og:image:height\" content=\"500\" \/>\n\t<meta property=\"og:image:type\" content=\"image\/jpeg\" \/>\n<meta name=\"twitter:card\" content=\"summary_large_image\" \/>\n<meta name=\"twitter:label1\" content=\"Dur\u00e9e de lecture estim\u00e9e\" \/>\n\t<meta name=\"twitter:data1\" content=\"1 minute\" \/>\n<script type=\"application\/ld+json\" class=\"yoast-schema-graph\">{\"@context\":\"https:\\\/\\\/schema.org\",\"@graph\":[{\"@type\":\"WebPage\",\"@id\":\"https:\\\/\\\/wieseneck-hiddensee.de\\\/hochzeiten-jubilaeen\\\/\",\"url\":\"https:\\\/\\\/wieseneck-hiddensee.de\\\/hochzeiten-jubilaeen\\\/\",\"name\":\"Hochzeiten | Jubil\u00e4en - wieseneck-hiddensee\",\"isPartOf\":{\"@id\":\"https:\\\/\\\/wieseneck-hiddensee.de\\\/#website\"},\"primaryImageOfPage\":{\"@id\":\"https:\\\/\\\/wieseneck-hiddensee.de\\\/hochzeiten-jubilaeen\\\/#primaryimage\"},\"image\":{\"@id\":\"https:\\\/\\\/wieseneck-hiddensee.de\\\/hochzeiten-jubilaeen\\\/#primaryimage\"},\"thumbnailUrl\":\"https:\\\/\\\/wieseneck-hiddensee.de\\\/wp-content\\\/uploads\\\/2020\\\/06\\\/20150609-_DSC1069.jpg\",\"datePublished\":\"2020-06-15T15:11:20+00:00\",\"dateModified\":\"2025-03-28T05:47:06+00:00\",\"breadcrumb\":{\"@id\":\"https:\\\/\\\/wieseneck-hiddensee.de\\\/hochzeiten-jubilaeen\\\/#breadcrumb\"},\"inLanguage\":\"fr-FR\",\"potentialAction\":[{\"@type\":\"ReadAction\",\"target\":[\"https:\\\/\\\/wieseneck-hiddensee.de\\\/hochzeiten-jubilaeen\\\/\"]}]},{\"@type\":\"ImageObject\",\"inLanguage\":\"fr-FR\",\"@id\":\"https:\\\/\\\/wieseneck-hiddensee.de\\\/hochzeiten-jubilaeen\\\/#primaryimage\",\"url\":\"https:\\\/\\\/wieseneck-hiddensee.de\\\/wp-content\\\/uploads\\\/2020\\\/06\\\/20150609-_DSC1069.jpg\",\"contentUrl\":\"https:\\\/\\\/wieseneck-hiddensee.de\\\/wp-content\\\/uploads\\\/2020\\\/06\\\/20150609-_DSC1069.jpg\"},{\"@type\":\"BreadcrumbList\",\"@id\":\"https:\\\/\\\/wieseneck-hiddensee.de\\\/hochzeiten-jubilaeen\\\/#breadcrumb\",\"itemListElement\":[{\"@type\":\"ListItem\",\"position\":1,\"name\":\"Startseite\",\"item\":\"https:\\\/\\\/wieseneck-hiddensee.de\\\/\"},{\"@type\":\"ListItem\",\"position\":2,\"name\":\"Hochzeiten | Jubil\u00e4en\"}]},{\"@type\":\"WebSite\",\"@id\":\"https:\\\/\\\/wieseneck-hiddensee.de\\\/#website\",\"url\":\"https:\\\/\\\/wieseneck-hiddensee.de\\\/\",\"name\":\"wieseneck-hiddensee\",\"description\":\"\",\"publisher\":{\"@id\":\"https:\\\/\\\/wieseneck-hiddensee.de\\\/#organization\"},\"potentialAction\":[{\"@type\":\"SearchAction\",\"target\":{\"@type\":\"EntryPoint\",\"urlTemplate\":\"https:\\\/\\\/wieseneck-hiddensee.de\\\/?s={search_term_string}\"},\"query-input\":{\"@type\":\"PropertyValueSpecification\",\"valueRequired\":true,\"valueName\":\"search_term_string\"}}],\"inLanguage\":\"fr-FR\"},{\"@type\":\"Organization\",\"@id\":\"https:\\\/\\\/wieseneck-hiddensee.de\\\/#organization\",\"name\":\"wieseneck-hiddensee\",\"url\":\"https:\\\/\\\/wieseneck-hiddensee.de\\\/\",\"logo\":{\"@type\":\"ImageObject\",\"inLanguage\":\"fr-FR\",\"@id\":\"https:\\\/\\\/wieseneck-hiddensee.de\\\/#\\\/schema\\\/logo\\\/image\\\/\",\"url\":\"https:\\\/\\\/wieseneck-hiddensee.de\\\/wp-content\\\/uploads\\\/2020\\\/06\\\/cropped-wieseneckillu-3web.jpg\",\"contentUrl\":\"https:\\\/\\\/wieseneck-hiddensee.de\\\/wp-content\\\/uploads\\\/2020\\\/06\\\/cropped-wieseneckillu-3web.jpg\",\"width\":563,\"height\":300,\"caption\":\"wieseneck-hiddensee\"},\"image\":{\"@id\":\"https:\\\/\\\/wieseneck-hiddensee.de\\\/#\\\/schema\\\/logo\\\/image\\\/\"}}]}<\/script>\n<!-- \/ Yoast SEO plugin. -->","yoast_head_json":{"title":"mariages | anniversaires - wieseneck-hiddensee","robots":{"index":"index","follow":"follow","max-snippet":"max-snippet:-1","max-image-preview":"max-image-preview:large","max-video-preview":"max-video-preview:-1"},"canonical":"https:\/\/wieseneck-hiddensee.de\/fr\/hochzeiten-jubilaeen\/","og_locale":"fr_FR","og_type":"article","og_title":"Hochzeiten | Jubil\u00e4en - wieseneck-hiddensee","og_description":"Hochzeits-Service | Jubil\u00e4en Wir beraten Sie gern bei der Vorbereitung von Hochzeiten oder anderen festlichen Anl\u00e4ssen (z.B. Goldene Hochzeit oder besondere Geburtstage) und gestalten diese nach Ihren W\u00fcnschen und Vorstellungen. Auf Wunsch senden wir Ihnen &hellip;","og_url":"https:\/\/wieseneck-hiddensee.de\/fr\/hochzeiten-jubilaeen\/","og_site_name":"wieseneck-hiddensee","article_modified_time":"2025-03-28T05:47:06+00:00","og_image":[{"width":1600,"height":500,"url":"https:\/\/wieseneck-hiddensee.de\/wp-content\/uploads\/2020\/06\/20150609-_DSC1069.jpg","type":"image\/jpeg"}],"twitter_card":"summary_large_image","twitter_misc":{"Dur\u00e9e de lecture estim\u00e9e":"1 minute"},"schema":{"@context":"https:\/\/schema.org","@graph":[{"@type":"WebPage","@id":"https:\/\/wieseneck-hiddensee.de\/hochzeiten-jubilaeen\/","url":"https:\/\/wieseneck-hiddensee.de\/hochzeiten-jubilaeen\/","name":"mariages | anniversaires - wieseneck-hiddensee","isPartOf":{"@id":"https:\/\/wieseneck-hiddensee.de\/#website"},"primaryImageOfPage":{"@id":"https:\/\/wieseneck-hiddensee.de\/hochzeiten-jubilaeen\/#primaryimage"},"image":{"@id":"https:\/\/wieseneck-hiddensee.de\/hochzeiten-jubilaeen\/#primaryimage"},"thumbnailUrl":"https:\/\/wieseneck-hiddensee.de\/wp-content\/uploads\/2020\/06\/20150609-_DSC1069.jpg","datePublished":"2020-06-15T15:11:20+00:00","dateModified":"2025-03-28T05:47:06+00:00","breadcrumb":{"@id":"https:\/\/wieseneck-hiddensee.de\/hochzeiten-jubilaeen\/#breadcrumb"},"inLanguage":"fr-FR","potentialAction":[{"@type":"ReadAction","target":["https:\/\/wieseneck-hiddensee.de\/hochzeiten-jubilaeen\/"]}]},{"@type":"ImageObject","inLanguage":"fr-FR","@id":"https:\/\/wieseneck-hiddensee.de\/hochzeiten-jubilaeen\/#primaryimage","url":"https:\/\/wieseneck-hiddensee.de\/wp-content\/uploads\/2020\/06\/20150609-_DSC1069.jpg","contentUrl":"https:\/\/wieseneck-hiddensee.de\/wp-content\/uploads\/2020\/06\/20150609-_DSC1069.jpg"},{"@type":"BreadcrumbList","@id":"https:\/\/wieseneck-hiddensee.de\/hochzeiten-jubilaeen\/#breadcrumb","itemListElement":[{"@type":"ListItem","position":1,"name":"Startseite","item":"https:\/\/wieseneck-hiddensee.de\/"},{"@type":"ListItem","position":2,"name":"Hochzeiten | Jubil\u00e4en"}]},{"@type":"WebSite","@id":"https:\/\/wieseneck-hiddensee.de\/#website","url":"https:\/\/wieseneck-hiddensee.de\/","name":"wieseneck-hiddensee","description":"","publisher":{"@id":"https:\/\/wieseneck-hiddensee.de\/#organization"},"potentialAction":[{"@type":"SearchAction","target":{"@type":"EntryPoint","urlTemplate":"https:\/\/wieseneck-hiddensee.de\/?s={search_term_string}"},"query-input":{"@type":"PropertyValueSpecification","valueRequired":true,"valueName":"search_term_string"}}],"inLanguage":"fr-FR"},{"@type":"Organization","@id":"https:\/\/wieseneck-hiddensee.de\/#organization","name":"wieseneck-hiddensee","url":"https:\/\/wieseneck-hiddensee.de\/","logo":{"@type":"ImageObject","inLanguage":"fr-FR","@id":"https:\/\/wieseneck-hiddensee.de\/#\/schema\/logo\/image\/","url":"https:\/\/wieseneck-hiddensee.de\/wp-content\/uploads\/2020\/06\/cropped-wieseneckillu-3web.jpg","contentUrl":"https:\/\/wieseneck-hiddensee.de\/wp-content\/uploads\/2020\/06\/cropped-wieseneckillu-3web.jpg","width":563,"height":300,"caption":"wieseneck-hiddensee"},"image":{"@id":"https:\/\/wieseneck-hiddensee.de\/#\/schema\/logo\/image\/"}}]}},"_links":{"self":[{"href":"https:\/\/wieseneck-hiddensee.de\/fr\/wp-json\/wp\/v2\/pages\/456","targetHints":{"allow":["GET"]}}],"collection":[{"href":"https:\/\/wieseneck-hiddensee.de\/fr\/wp-json\/wp\/v2\/pages"}],"about":[{"href":"https:\/\/wieseneck-hiddensee.de\/fr\/wp-json\/wp\/v2\/types\/page"}],"author":[{"embeddable":true,"href":"https:\/\/wieseneck-hiddensee.de\/fr\/wp-json\/wp\/v2\/users\/3"}],"replies":[{"embeddable":true,"href":"https:\/\/wieseneck-hiddensee.de\/fr\/wp-json\/wp\/v2\/comments?post=456"}],"version-history":[{"count":24,"href":"https:\/\/wieseneck-hiddensee.de\/fr\/wp-json\/wp\/v2\/pages\/456\/revisions"}],"predecessor-version":[{"id":3719,"href":"https:\/\/wieseneck-hiddensee.de\/fr\/wp-json\/wp\/v2\/pages\/456\/revisions\/3719"}],"wp:attachment":[{"href":"https:\/\/wieseneck-hiddensee.de\/fr\/wp-json\/wp\/v2\/media?parent=456"}],"wp:term":[{"taxonomy":"folder","embeddable":true,"href":"https:\/\/wieseneck-hiddensee.de\/fr\/wp-json\/wp\/v2\/folder?post=456"}],"curies":[{"name":"wp","href":"https:\/\/api.w.org\/{rel}","templated":true}]}}