{"id":1755,"date":"2022-09-30T09:35:14","date_gmt":"2022-09-30T07:35:14","guid":{"rendered":"https:\/\/wieseneck-hiddensee.de\/?page_id=1755"},"modified":"2022-09-30T09:42:06","modified_gmt":"2022-09-30T07:42:06","slug":"literatur-tip","status":"publish","type":"page","link":"https:\/\/wieseneck-hiddensee.de\/es\/literatur-tip\/","title":{"rendered":"Sugerencia literaria"},"content":{"rendered":"<div data-elementor-type=\"wp-page\" data-elementor-id=\"1755\" class=\"elementor elementor-1755\">\n\t\t\t\t\t\t<section class=\"elementor-section elementor-top-section elementor-element elementor-element-6f7fe307 elementor-section-boxed elementor-section-height-default elementor-section-height-default\" data-id=\"6f7fe307\" data-element_type=\"section\" data-e-type=\"section\">\n\t\t\t\t\t\t<div class=\"elementor-container elementor-column-gap-default\">\n\t\t\t\t\t<div class=\"elementor-column elementor-col-100 elementor-top-column elementor-element elementor-element-64c9630a\" data-id=\"64c9630a\" data-element_type=\"column\" data-e-type=\"column\">\n\t\t\t<div class=\"elementor-widget-wrap elementor-element-populated\">\n\t\t\t\t\t\t<div class=\"elementor-element elementor-element-38dc3aa2 elementor-widget-divider--view-line elementor-widget elementor-widget-divider\" data-id=\"38dc3aa2\" data-element_type=\"widget\" data-e-type=\"widget\" data-widget_type=\"divider.default\">\n\t\t\t\t<div class=\"elementor-widget-container\">\n\t\t\t\t\t\t\t<div class=\"elementor-divider\">\n\t\t\t<span class=\"elementor-divider-separator\">\n\t\t\t\t\t\t<\/span>\n\t\t<\/div>\n\t\t\t\t\t\t<\/div>\n\t\t\t\t<\/div>\n\t\t\t\t<section class=\"elementor-section elementor-inner-section elementor-element elementor-element-14a9cf73 elementor-section-boxed elementor-section-height-default elementor-section-height-default\" data-id=\"14a9cf73\" data-element_type=\"section\" data-e-type=\"section\">\n\t\t\t\t\t\t<div class=\"elementor-container elementor-column-gap-default\">\n\t\t\t\t\t<div class=\"elementor-column elementor-col-50 elementor-inner-column elementor-element elementor-element-67d3f75d\" data-id=\"67d3f75d\" data-element_type=\"column\" data-e-type=\"column\">\n\t\t\t<div class=\"elementor-widget-wrap elementor-element-populated\">\n\t\t\t\t\t\t<div class=\"elementor-element elementor-element-e8ec108 elementor-widget elementor-widget-text-editor\" data-id=\"e8ec108\" data-element_type=\"widget\" data-e-type=\"widget\" data-widget_type=\"text-editor.default\">\n\t\t\t\t<div class=\"elementor-widget-container\">\n\t\t\t\t\t\t\t\t\t<p><strong>Alma lavada - Hiddensee. Una memoria<\/strong><\/p><p>Cuarenta y cinco a\u00f1os despu\u00e9s de sus primeras visitas al <em>S\u00f6te L\u00e4nneken<\/em> autor Matt. M\u00fcncheberg, nacido en 1966 en Berl\u00edn-Friedrichshain, sube de nuevo al vapor que le llevar\u00e1 desde Stralsund, pasando por Neuendorf y Vitte, hasta Kloster. Es curioso y est\u00e1 lleno de expectaci\u00f3n infantil: \u00bfqu\u00e9 o a qui\u00e9n reconocer\u00e1, predominar\u00e1 lo familiar, lo conocido, o lo nuevo, lo extra\u00f1o? As\u00ed que se embarca en un viaje que, tras cuatro d\u00e9cadas y media de una vida a veces alocada pero b\u00e1sicamente feliz, le lleva de nuevo a la isla de Hiddensee, con la que siempre asocia los colores gris, verde, azul y naranja, y que para \u00e9l siempre hab\u00eda significado la presencia de gente guapa, tranquila e inteligente. En realidad, y se da cuenta de ello desde el momento en que sube por primera vez al transbordador y finalmente vuelve a tierra firme, se hab\u00eda embarcado, inconscientemente al principio, y luego de forma totalmente intencionada, en un viaje emocionante, intenso y muy personal hacia s\u00ed mismo, su pasado, sus amigos y su familia, que le llevar\u00eda hasta el a\u00f1o 1634. \u00bfQu\u00e9 mejor lugar podr\u00eda haber para hacerlo?<\/p><p>Tras cursar estudios en Leipzig, que no complet\u00f3 durante la \u00e9poca de la RDA, M\u00fcncheberg estudi\u00f3 derecho, periodismo y gesti\u00f3n de la comunicaci\u00f3n despu\u00e9s de la llamada Wende y lleva muchos a\u00f1os trabajando como periodista, autor y asesor de relaciones p\u00fablicas. Sus publicaciones anteriores en la edici\u00f3n Todome de la Mari-Team-Verlag de Berl\u00edn son: Roter Regen - Versuch, der Unf\u00e4higkeit eine Form zu geben, y Gauguin's Dog - Kreuzfahrt nach Hiva Oa, disponibles en librer\u00edas o directamente en la editorial: <em>todome@web.de<\/em>.\u00a0\u00a0<\/p><p><em>Matt. M\u00fcncheberg, Gewaschenes Seelchen - Hiddensee. Eine Erinnerung, paperback, todome-Edition des Mari Team-Verlages, Berlin. 122 p\u00e1ginas, con tres ilustraciones. Con un pr\u00f3logo de Thomas Kunst. ISBN 978-3-938513-08-8, precio 12,95 \u20ac (D), 13,40 \u20ac (AT), CHF 16,95. <\/em><\/p><p>\u00a0<\/p>\t\t\t\t\t\t\t\t<\/div>\n\t\t\t\t<\/div>\n\t\t\t\t\t<\/div>\n\t\t<\/div>\n\t\t\t\t<div class=\"elementor-column elementor-col-50 elementor-inner-column elementor-element elementor-element-3edeb32b\" data-id=\"3edeb32b\" data-element_type=\"column\" data-e-type=\"column\">\n\t\t\t<div class=\"elementor-widget-wrap elementor-element-populated\">\n\t\t\t\t\t\t<div class=\"elementor-element elementor-element-149ce2fe elementor-widget elementor-widget-image\" data-id=\"149ce2fe\" data-element_type=\"widget\" data-e-type=\"widget\" data-widget_type=\"image.default\">\n\t\t\t\t<div class=\"elementor-widget-container\">\n\t\t\t\t\t\t\t\t\t\t\t\t\t\t\t<img fetchpriority=\"high\" decoding=\"async\" width=\"439\" height=\"700\" src=\"https:\/\/wieseneck-hiddensee.de\/wp-content\/uploads\/2022\/09\/978-3-938513-08-8-72dpi.jpg\" class=\"attachment-large size-large wp-image-1751\" alt=\"\" srcset=\"https:\/\/wieseneck-hiddensee.de\/wp-content\/uploads\/2022\/09\/978-3-938513-08-8-72dpi.jpg 439w, https:\/\/wieseneck-hiddensee.de\/wp-content\/uploads\/2022\/09\/978-3-938513-08-8-72dpi-188x300.jpg 188w, https:\/\/wieseneck-hiddensee.de\/wp-content\/uploads\/2022\/09\/978-3-938513-08-8-72dpi-8x12.jpg 8w\" sizes=\"(max-width: 439px) 100vw, 439px\" \/>\t\t\t\t\t\t\t\t\t\t\t\t\t\t\t<\/div>\n\t\t\t\t<\/div>\n\t\t\t\t\t<\/div>\n\t\t<\/div>\n\t\t\t\t\t<\/div>\n\t\t<\/section>\n\t\t\t\t<div class=\"elementor-element elementor-element-134c4198 elementor-widget-divider--view-line elementor-widget elementor-widget-divider\" data-id=\"134c4198\" data-element_type=\"widget\" data-e-type=\"widget\" data-widget_type=\"divider.default\">\n\t\t\t\t<div class=\"elementor-widget-container\">\n\t\t\t\t\t\t\t<div class=\"elementor-divider\">\n\t\t\t<span class=\"elementor-divider-separator\">\n\t\t\t\t\t\t<\/span>\n\t\t<\/div>\n\t\t\t\t\t\t<\/div>\n\t\t\t\t<\/div>\n\t\t\t\t\t<\/div>\n\t\t<\/div>\n\t\t\t\t\t<\/div>\n\t\t<\/section>\n\t\t\t\t<\/div>","protected":false},"excerpt":{"rendered":"<p>Gewaschenes Seelchen - Hiddensee. Unas memorias Cuarenta y cinco a\u00f1os despu\u00e9s de sus primeras visitas a S\u00f6te L\u00e4nneken, el autor Matt. M\u00fcncheberg, nacido en 1966 en Berl\u00edn-Friedrichshain, vuelve a embarcar en el vapor que le llev\u00f3 desde Stralsund v\u00eda Neuendorf y Vitte ...<\/p>","protected":false},"author":3,"featured_media":0,"parent":0,"menu_order":0,"comment_status":"closed","ping_status":"closed","template":"","meta":{"footnotes":""},"folder":[],"class_list":["post-1755","page","type-page","status-publish","hentry"],"yoast_head":"<!-- This site is optimized with the Yoast SEO plugin v27.5 - https:\/\/yoast.com\/product\/yoast-seo-wordpress\/ -->\n<title>Literatur-Tip - wieseneck-hiddensee<\/title>\n<meta name=\"robots\" content=\"index, follow, max-snippet:-1, max-image-preview:large, max-video-preview:-1\" \/>\n<link rel=\"canonical\" href=\"https:\/\/wieseneck-hiddensee.de\/es\/literatur-tip\/\" \/>\n<meta property=\"og:locale\" content=\"es_ES\" \/>\n<meta property=\"og:type\" content=\"article\" \/>\n<meta property=\"og:title\" content=\"Literatur-Tip - wieseneck-hiddensee\" \/>\n<meta property=\"og:description\" content=\"Gewaschenes Seelchen &#8211; Hiddensee. Eine Erinnerung F\u00fcnfundvierzig Jahre nach seinen ersten Besuchen auf dem S\u00f6te L\u00e4nneken besteigt Autor Matt. M\u00fcncheberg, geboren 1966 in Berlin-Friedrichshain, erneut den Dampfer, der ihn von Stralsund \u00fcber Neuendorf und Vitte &hellip;\" \/>\n<meta property=\"og:url\" content=\"https:\/\/wieseneck-hiddensee.de\/es\/literatur-tip\/\" \/>\n<meta property=\"og:site_name\" content=\"wieseneck-hiddensee\" \/>\n<meta property=\"article:modified_time\" content=\"2022-09-30T07:42:06+00:00\" \/>\n<meta property=\"og:image\" content=\"https:\/\/wieseneck-hiddensee.de\/wp-content\/uploads\/2022\/09\/978-3-938513-08-8-72dpi.jpg\" \/>\n<meta name=\"twitter:card\" content=\"summary_large_image\" \/>\n<meta name=\"twitter:label1\" content=\"Tiempo de lectura\" \/>\n\t<meta name=\"twitter:data1\" content=\"2 minutos\" \/>\n<script type=\"application\/ld+json\" class=\"yoast-schema-graph\">{\"@context\":\"https:\\\/\\\/schema.org\",\"@graph\":[{\"@type\":\"WebPage\",\"@id\":\"https:\\\/\\\/wieseneck-hiddensee.de\\\/literatur-tip\\\/\",\"url\":\"https:\\\/\\\/wieseneck-hiddensee.de\\\/literatur-tip\\\/\",\"name\":\"Literatur-Tip - wieseneck-hiddensee\",\"isPartOf\":{\"@id\":\"https:\\\/\\\/wieseneck-hiddensee.de\\\/#website\"},\"primaryImageOfPage\":{\"@id\":\"https:\\\/\\\/wieseneck-hiddensee.de\\\/literatur-tip\\\/#primaryimage\"},\"image\":{\"@id\":\"https:\\\/\\\/wieseneck-hiddensee.de\\\/literatur-tip\\\/#primaryimage\"},\"thumbnailUrl\":\"https:\\\/\\\/wieseneck-hiddensee.de\\\/wp-content\\\/uploads\\\/2022\\\/09\\\/978-3-938513-08-8-72dpi.jpg\",\"datePublished\":\"2022-09-30T07:35:14+00:00\",\"dateModified\":\"2022-09-30T07:42:06+00:00\",\"breadcrumb\":{\"@id\":\"https:\\\/\\\/wieseneck-hiddensee.de\\\/literatur-tip\\\/#breadcrumb\"},\"inLanguage\":\"es\",\"potentialAction\":[{\"@type\":\"ReadAction\",\"target\":[\"https:\\\/\\\/wieseneck-hiddensee.de\\\/literatur-tip\\\/\"]}]},{\"@type\":\"ImageObject\",\"inLanguage\":\"es\",\"@id\":\"https:\\\/\\\/wieseneck-hiddensee.de\\\/literatur-tip\\\/#primaryimage\",\"url\":\"https:\\\/\\\/wieseneck-hiddensee.de\\\/wp-content\\\/uploads\\\/2022\\\/09\\\/978-3-938513-08-8-72dpi.jpg\",\"contentUrl\":\"https:\\\/\\\/wieseneck-hiddensee.de\\\/wp-content\\\/uploads\\\/2022\\\/09\\\/978-3-938513-08-8-72dpi.jpg\"},{\"@type\":\"BreadcrumbList\",\"@id\":\"https:\\\/\\\/wieseneck-hiddensee.de\\\/literatur-tip\\\/#breadcrumb\",\"itemListElement\":[{\"@type\":\"ListItem\",\"position\":1,\"name\":\"Startseite\",\"item\":\"https:\\\/\\\/wieseneck-hiddensee.de\\\/\"},{\"@type\":\"ListItem\",\"position\":2,\"name\":\"Literatur-Tip\"}]},{\"@type\":\"WebSite\",\"@id\":\"https:\\\/\\\/wieseneck-hiddensee.de\\\/#website\",\"url\":\"https:\\\/\\\/wieseneck-hiddensee.de\\\/\",\"name\":\"wieseneck-hiddensee\",\"description\":\"\",\"publisher\":{\"@id\":\"https:\\\/\\\/wieseneck-hiddensee.de\\\/#organization\"},\"potentialAction\":[{\"@type\":\"SearchAction\",\"target\":{\"@type\":\"EntryPoint\",\"urlTemplate\":\"https:\\\/\\\/wieseneck-hiddensee.de\\\/?s={search_term_string}\"},\"query-input\":{\"@type\":\"PropertyValueSpecification\",\"valueRequired\":true,\"valueName\":\"search_term_string\"}}],\"inLanguage\":\"es\"},{\"@type\":\"Organization\",\"@id\":\"https:\\\/\\\/wieseneck-hiddensee.de\\\/#organization\",\"name\":\"wieseneck-hiddensee\",\"url\":\"https:\\\/\\\/wieseneck-hiddensee.de\\\/\",\"logo\":{\"@type\":\"ImageObject\",\"inLanguage\":\"es\",\"@id\":\"https:\\\/\\\/wieseneck-hiddensee.de\\\/#\\\/schema\\\/logo\\\/image\\\/\",\"url\":\"https:\\\/\\\/wieseneck-hiddensee.de\\\/wp-content\\\/uploads\\\/2020\\\/06\\\/cropped-wieseneckillu-3web.jpg\",\"contentUrl\":\"https:\\\/\\\/wieseneck-hiddensee.de\\\/wp-content\\\/uploads\\\/2020\\\/06\\\/cropped-wieseneckillu-3web.jpg\",\"width\":563,\"height\":300,\"caption\":\"wieseneck-hiddensee\"},\"image\":{\"@id\":\"https:\\\/\\\/wieseneck-hiddensee.de\\\/#\\\/schema\\\/logo\\\/image\\\/\"}}]}<\/script>\n<!-- \/ Yoast SEO plugin. -->","yoast_head_json":{"title":"Consejo de Literatura - wieseneck-hiddensee","robots":{"index":"index","follow":"follow","max-snippet":"max-snippet:-1","max-image-preview":"max-image-preview:large","max-video-preview":"max-video-preview:-1"},"canonical":"https:\/\/wieseneck-hiddensee.de\/es\/literatur-tip\/","og_locale":"es_ES","og_type":"article","og_title":"Literatur-Tip - wieseneck-hiddensee","og_description":"Gewaschenes Seelchen &#8211; Hiddensee. Eine Erinnerung F\u00fcnfundvierzig Jahre nach seinen ersten Besuchen auf dem S\u00f6te L\u00e4nneken besteigt Autor Matt. M\u00fcncheberg, geboren 1966 in Berlin-Friedrichshain, erneut den Dampfer, der ihn von Stralsund \u00fcber Neuendorf und Vitte &hellip;","og_url":"https:\/\/wieseneck-hiddensee.de\/es\/literatur-tip\/","og_site_name":"wieseneck-hiddensee","article_modified_time":"2022-09-30T07:42:06+00:00","og_image":[{"url":"https:\/\/wieseneck-hiddensee.de\/wp-content\/uploads\/2022\/09\/978-3-938513-08-8-72dpi.jpg","type":"","width":"","height":""}],"twitter_card":"summary_large_image","twitter_misc":{"Tiempo de lectura":"2 minutos"},"schema":{"@context":"https:\/\/schema.org","@graph":[{"@type":"WebPage","@id":"https:\/\/wieseneck-hiddensee.de\/literatur-tip\/","url":"https:\/\/wieseneck-hiddensee.de\/literatur-tip\/","name":"Consejo de Literatura - wieseneck-hiddensee","isPartOf":{"@id":"https:\/\/wieseneck-hiddensee.de\/#website"},"primaryImageOfPage":{"@id":"https:\/\/wieseneck-hiddensee.de\/literatur-tip\/#primaryimage"},"image":{"@id":"https:\/\/wieseneck-hiddensee.de\/literatur-tip\/#primaryimage"},"thumbnailUrl":"https:\/\/wieseneck-hiddensee.de\/wp-content\/uploads\/2022\/09\/978-3-938513-08-8-72dpi.jpg","datePublished":"2022-09-30T07:35:14+00:00","dateModified":"2022-09-30T07:42:06+00:00","breadcrumb":{"@id":"https:\/\/wieseneck-hiddensee.de\/literatur-tip\/#breadcrumb"},"inLanguage":"es","potentialAction":[{"@type":"ReadAction","target":["https:\/\/wieseneck-hiddensee.de\/literatur-tip\/"]}]},{"@type":"ImageObject","inLanguage":"es","@id":"https:\/\/wieseneck-hiddensee.de\/literatur-tip\/#primaryimage","url":"https:\/\/wieseneck-hiddensee.de\/wp-content\/uploads\/2022\/09\/978-3-938513-08-8-72dpi.jpg","contentUrl":"https:\/\/wieseneck-hiddensee.de\/wp-content\/uploads\/2022\/09\/978-3-938513-08-8-72dpi.jpg"},{"@type":"BreadcrumbList","@id":"https:\/\/wieseneck-hiddensee.de\/literatur-tip\/#breadcrumb","itemListElement":[{"@type":"ListItem","position":1,"name":"Startseite","item":"https:\/\/wieseneck-hiddensee.de\/"},{"@type":"ListItem","position":2,"name":"Literatur-Tip"}]},{"@type":"WebSite","@id":"https:\/\/wieseneck-hiddensee.de\/#website","url":"https:\/\/wieseneck-hiddensee.de\/","name":"wieseneck-hiddensee","description":"","publisher":{"@id":"https:\/\/wieseneck-hiddensee.de\/#organization"},"potentialAction":[{"@type":"SearchAction","target":{"@type":"EntryPoint","urlTemplate":"https:\/\/wieseneck-hiddensee.de\/?s={search_term_string}"},"query-input":{"@type":"PropertyValueSpecification","valueRequired":true,"valueName":"search_term_string"}}],"inLanguage":"es"},{"@type":"Organization","@id":"https:\/\/wieseneck-hiddensee.de\/#organization","name":"wieseneck-hiddensee","url":"https:\/\/wieseneck-hiddensee.de\/","logo":{"@type":"ImageObject","inLanguage":"es","@id":"https:\/\/wieseneck-hiddensee.de\/#\/schema\/logo\/image\/","url":"https:\/\/wieseneck-hiddensee.de\/wp-content\/uploads\/2020\/06\/cropped-wieseneckillu-3web.jpg","contentUrl":"https:\/\/wieseneck-hiddensee.de\/wp-content\/uploads\/2020\/06\/cropped-wieseneckillu-3web.jpg","width":563,"height":300,"caption":"wieseneck-hiddensee"},"image":{"@id":"https:\/\/wieseneck-hiddensee.de\/#\/schema\/logo\/image\/"}}]}},"_links":{"self":[{"href":"https:\/\/wieseneck-hiddensee.de\/es\/wp-json\/wp\/v2\/pages\/1755","targetHints":{"allow":["GET"]}}],"collection":[{"href":"https:\/\/wieseneck-hiddensee.de\/es\/wp-json\/wp\/v2\/pages"}],"about":[{"href":"https:\/\/wieseneck-hiddensee.de\/es\/wp-json\/wp\/v2\/types\/page"}],"author":[{"embeddable":true,"href":"https:\/\/wieseneck-hiddensee.de\/es\/wp-json\/wp\/v2\/users\/3"}],"replies":[{"embeddable":true,"href":"https:\/\/wieseneck-hiddensee.de\/es\/wp-json\/wp\/v2\/comments?post=1755"}],"version-history":[{"count":4,"href":"https:\/\/wieseneck-hiddensee.de\/es\/wp-json\/wp\/v2\/pages\/1755\/revisions"}],"predecessor-version":[{"id":1760,"href":"https:\/\/wieseneck-hiddensee.de\/es\/wp-json\/wp\/v2\/pages\/1755\/revisions\/1760"}],"wp:attachment":[{"href":"https:\/\/wieseneck-hiddensee.de\/es\/wp-json\/wp\/v2\/media?parent=1755"}],"wp:term":[{"taxonomy":"folder","embeddable":true,"href":"https:\/\/wieseneck-hiddensee.de\/es\/wp-json\/wp\/v2\/folder?post=1755"}],"curies":[{"name":"wp","href":"https:\/\/api.w.org\/{rel}","templated":true}]}}