{"id":154,"date":"2020-06-13T14:25:47","date_gmt":"2020-06-13T12:25:47","guid":{"rendered":"https:\/\/wp.wieseneck-hiddensee.de\/?page_id=154"},"modified":"2025-05-30T07:38:39","modified_gmt":"2025-05-30T05:38:39","slug":"resevierunganfrage","status":"publish","type":"page","link":"https:\/\/wieseneck-hiddensee.de\/es\/resevierunganfrage\/","title":{"rendered":"Solicitud de reserva"},"content":{"rendered":"<div data-elementor-type=\"wp-page\" data-elementor-id=\"154\" class=\"elementor elementor-154\">\n\t\t\t\t\t\t<section class=\"elementor-section elementor-top-section elementor-element elementor-element-e00cf6b elementor-section-boxed elementor-section-height-default elementor-section-height-default\" data-id=\"e00cf6b\" data-element_type=\"section\" data-e-type=\"section\">\n\t\t\t\t\t\t<div class=\"elementor-container elementor-column-gap-default\">\n\t\t\t\t\t<div class=\"elementor-column elementor-col-100 elementor-top-column elementor-element elementor-element-cd0e260\" data-id=\"cd0e260\" data-element_type=\"column\" data-e-type=\"column\">\n\t\t\t<div class=\"elementor-widget-wrap elementor-element-populated\">\n\t\t\t\t\t\t<div class=\"elementor-element elementor-element-aab676c elementor-widget-divider--view-line elementor-widget elementor-widget-divider\" data-id=\"aab676c\" data-element_type=\"widget\" data-e-type=\"widget\" data-widget_type=\"divider.default\">\n\t\t\t\t<div class=\"elementor-widget-container\">\n\t\t\t\t\t\t\t<div class=\"elementor-divider\">\n\t\t\t<span class=\"elementor-divider-separator\">\n\t\t\t\t\t\t<\/span>\n\t\t<\/div>\n\t\t\t\t\t\t<\/div>\n\t\t\t\t<\/div>\n\t\t\t\t<div class=\"elementor-element elementor-element-322887f6 elementor-widget elementor-widget-image\" data-id=\"322887f6\" data-element_type=\"widget\" data-e-type=\"widget\" data-widget_type=\"image.default\">\n\t\t\t\t<div class=\"elementor-widget-container\">\n\t\t\t\t\t\t\t\t\t\t\t\t\t\t\t<img fetchpriority=\"high\" decoding=\"async\" width=\"1600\" height=\"500\" src=\"https:\/\/wieseneck-hiddensee.de\/wp-content\/uploads\/2020\/06\/wieseneck_pension.jpg\" class=\"attachment-full size-full wp-image-156\" alt=\"\" srcset=\"https:\/\/wieseneck-hiddensee.de\/wp-content\/uploads\/2020\/06\/wieseneck_pension.jpg 1600w, https:\/\/wieseneck-hiddensee.de\/wp-content\/uploads\/2020\/06\/wieseneck_pension-300x94.jpg 300w, https:\/\/wieseneck-hiddensee.de\/wp-content\/uploads\/2020\/06\/wieseneck_pension-1024x320.jpg 1024w, https:\/\/wieseneck-hiddensee.de\/wp-content\/uploads\/2020\/06\/wieseneck_pension-768x240.jpg 768w, https:\/\/wieseneck-hiddensee.de\/wp-content\/uploads\/2020\/06\/wieseneck_pension-1536x480.jpg 1536w, https:\/\/wieseneck-hiddensee.de\/wp-content\/uploads\/2020\/06\/wieseneck_pension-512x160.jpg 512w\" sizes=\"(max-width: 1600px) 100vw, 1600px\" \/>\t\t\t\t\t\t\t\t\t\t\t\t\t\t\t<\/div>\n\t\t\t\t<\/div>\n\t\t\t\t<div class=\"elementor-element elementor-element-8fb5129 elementor-widget elementor-widget-heading\" data-id=\"8fb5129\" data-element_type=\"widget\" data-e-type=\"widget\" data-widget_type=\"heading.default\">\n\t\t\t\t<div class=\"elementor-widget-container\">\n\t\t\t\t\t<h5 class=\"elementor-heading-title elementor-size-small\">Solicitud de reserva (pensi\u00f3n):<\/h5>\t\t\t\t<\/div>\n\t\t\t\t<\/div>\n\t\t\t\t<section class=\"elementor-section elementor-inner-section elementor-element elementor-element-02eb698 elementor-section-content-top elementor-section-boxed elementor-section-height-default elementor-section-height-default\" data-id=\"02eb698\" data-element_type=\"section\" data-e-type=\"section\">\n\t\t\t\t\t\t<div class=\"elementor-container elementor-column-gap-no\">\n\t\t\t\t\t<div class=\"elementor-column elementor-col-50 elementor-inner-column elementor-element elementor-element-c66157f\" data-id=\"c66157f\" data-element_type=\"column\" data-e-type=\"column\">\n\t\t\t<div class=\"elementor-widget-wrap elementor-element-populated\">\n\t\t\t\t\t\t<div class=\"elementor-element elementor-element-36af50a elementor-widget elementor-widget-shortcode\" data-id=\"36af50a\" data-element_type=\"widget\" data-e-type=\"widget\" data-widget_type=\"shortcode.default\">\n\t\t\t\t<div class=\"elementor-widget-container\">\n\t\t\t\t\t\t\t<div class=\"elementor-shortcode\"><div class=\"forminator-ui forminator-custom-form forminator-custom-form-3101 forminator-design--default\" data-forminator-render=\"0\" data-form=\"forminator-module-3101\" data-uid=\"69dae1c8df685\"><br\/><\/div><form\n\t\t\t\tid=\"forminator-module-3101\"\n\t\t\t\tclass=\"forminator-ui forminator-custom-form forminator-custom-form-3101 forminator-design--default\"\n\t\t\t\tmethod=\"post\"\n\t\t\t\tdata-forminator-render=\"0\"\n\t\t\t\tdata-form-id=\"3101\"\n\t\t\t\t data-color-option=\"default\" data-design=\"default\" data-grid=\"open\" style=\"display: none;\"\n\t\t\t\tdata-uid=\"69dae1c8df685\" action=\"\"\n\t\t\t><div role=\"alert\" aria-live=\"polite\" class=\"forminator-response-message forminator-error\" aria-hidden=\"true\"><\/div><div class=\"forminator-row\"><div id=\"date-1\" class=\"forminator-field-date forminator-col forminator-col-6\"><div class=\"forminator-field\"><label for=\"forminator-field-date-1-picker_69dae1c8df685\" id=\"forminator-field-date-1-picker_69dae1c8df685-label\" class=\"forminator-label\">En <span class=\"forminator-required\">*<\/span><\/label><div class=\"forminator-input-with-icon\"><span class=\"forminator-icon-calendar\" aria-hidden=\"true\"><\/span><input autocomplete=\"off\" type=\"text\" size=\"1\" name=\"date-1\" value=\"\" placeholder=\"Seleccione la fecha\" id=\"forminator-field-date-1-picker_69dae1c8df685\" class=\"forminator-input forminator-datepicker\" data-required=\"1\" data-format=\"dd-mm-yy\" data-restrict-type=\"\" data-restrict=\"\" data-start-year=\"1926\" data-end-year=\"2126\" data-past-dates=\"enable\" data-start-of-week=\"1\" data-start-date=\"\" data-end-date=\"\" data-start-field=\"\" data-end-field=\"\" data-start-offset=\"\" data-end-offset=\"\" data-disable-date=\"\" data-disable-range=\"\" \/><\/div><\/div><\/div><div id=\"date-2\" class=\"forminator-field-date forminator-col forminator-col-6\"><div class=\"forminator-field\"><label for=\"forminator-field-date-2-picker_69dae1c8df685\" id=\"forminator-field-date-2-picker_69dae1c8df685-label\" class=\"forminator-label\">Hasta <span class=\"forminator-required\">*<\/span><\/label><div class=\"forminator-input-with-icon\"><span class=\"forminator-icon-calendar\" aria-hidden=\"true\"><\/span><input autocomplete=\"off\" type=\"text\" size=\"1\" name=\"date-2\" value=\"\" placeholder=\"Seleccione la fecha\" id=\"forminator-field-date-2-picker_69dae1c8df685\" class=\"forminator-input forminator-datepicker\" data-required=\"1\" data-format=\"dd-mm-yy\" data-restrict-type=\"\" data-restrict=\"\" data-start-year=\"1926\" data-end-year=\"2126\" data-past-dates=\"enable\" data-start-of-week=\"1\" data-start-date=\"\" data-end-date=\"\" data-start-field=\"date-1\" data-end-field=\"\" data-start-offset=\"+_1_days\" data-end-offset=\"\" data-disable-date=\"\" data-disable-range=\"\" \/><\/div><\/div><\/div><\/div><div class=\"forminator-row\"><div id=\"number-3\" class=\"forminator-field-number forminator-col forminator-col-4\"><div class=\"forminator-field\"><label for=\"forminator-field-number-3_69dae1c8df685\" id=\"forminator-field-number-3_69dae1c8df685-label\" class=\"forminator-label\">N\u00famero de habitaciones <span class=\"forminator-required\">*<\/span><\/label><input name=\"number-3\" value=\"\" placeholder=\"z. B. 10\" id=\"forminator-field-number-3_69dae1c8df685\" class=\"forminator-input forminator-number--field\" inputmode=\"decimal\" data-required=\"1\" data-decimals=\"0\" aria-required=\"true\" data-inputmask=\"&#039;groupSeparator&#039;: &#039;&#039;, &#039;radixPoint&#039;: &#039;&#039;, &#039;digits&#039;: &#039;0&#039;\" data-hidden-behavior=\"zero\" type=\"number\" step=\"any\" min=\"1\" max=\"150\" \/><\/div><\/div><div id=\"number-1\" class=\"forminator-field-number forminator-col forminator-col-4\"><div class=\"forminator-field\"><label for=\"forminator-field-number-1_69dae1c8df685\" id=\"forminator-field-number-1_69dae1c8df685-label\" class=\"forminator-label\">Cu\u00e1ntos adultos <span class=\"forminator-required\">*<\/span><\/label><input name=\"number-1\" value=\"\" placeholder=\"z. B. 10\" id=\"forminator-field-number-1_69dae1c8df685\" class=\"forminator-input forminator-number--field\" inputmode=\"decimal\" data-required=\"1\" data-decimals=\"0\" aria-required=\"true\" data-inputmask=\"&#039;groupSeparator&#039;: &#039;&#039;, &#039;radixPoint&#039;: &#039;&#039;, &#039;digits&#039;: &#039;0&#039;\" data-hidden-behavior=\"zero\" type=\"number\" step=\"any\" min=\"1\" max=\"150\" \/><\/div><\/div><div id=\"number-2\" class=\"forminator-field-number forminator-col forminator-col-4\"><div class=\"forminator-field\"><label for=\"forminator-field-number-2_69dae1c8df685\" id=\"forminator-field-number-2_69dae1c8df685-label\" class=\"forminator-label\">Cu\u00e1ntos ni\u00f1os<\/label><input name=\"number-2\" value=\"\" placeholder=\"z. B. 10\" id=\"forminator-field-number-2_69dae1c8df685\" class=\"forminator-input forminator-number--field\" inputmode=\"decimal\" data-required=\"\" data-decimals=\"0\" aria-required=\"false\" data-inputmask=\"&#039;groupSeparator&#039;: &#039;&#039;, &#039;radixPoint&#039;: &#039;&#039;, &#039;digits&#039;: &#039;0&#039;\" data-hidden-behavior=\"zero\" type=\"number\" step=\"any\" min=\"0\" max=\"6\" \/><\/div><\/div><\/div><div class=\"forminator-row\"><div id=\"name-1\" class=\"forminator-field-name forminator-col forminator-col-12\"><div class=\"forminator-field\"><label for=\"forminator-field-name-1_69dae1c8df685\" id=\"forminator-field-name-1_69dae1c8df685-label\" class=\"forminator-label\">Nombre <span class=\"forminator-required\">*<\/span><\/label><input type=\"text\" name=\"name-1\" value=\"\" placeholder=\"z. por ejemplo, Max Mustermann\" id=\"forminator-field-name-1_69dae1c8df685\" class=\"forminator-input forminator-name--field\" aria-required=\"true\" autocomplete=\"name\" \/><\/div><\/div><\/div><div class=\"forminator-row\"><div id=\"email-1\" class=\"forminator-field-email forminator-col forminator-col-12\"><div class=\"forminator-field\"><label for=\"forminator-field-email-1_69dae1c8df685\" id=\"forminator-field-email-1_69dae1c8df685-label\" class=\"forminator-label\">direcci\u00f3n de correo electr\u00f3nico <span class=\"forminator-required\">*<\/span><\/label><input type=\"email\" name=\"email-1\" value=\"\" placeholder=\"z. E.G. max@mustermann.de\" id=\"forminator-field-email-1_69dae1c8df685\" class=\"forminator-input forminator-email--field\" data-required=\"1\" aria-required=\"true\" autocomplete=\"email\" \/><\/div><\/div><\/div><div class=\"forminator-row\"><div id=\"phone-1\" class=\"forminator-field-phone forminator-col forminator-col-12\"><div class=\"forminator-field\"><label for=\"forminator-field-phone-1_69dae1c8df685\" id=\"forminator-field-phone-1_69dae1c8df685-label\" class=\"forminator-label\">Tel\u00e9fono <span class=\"forminator-required\">*<\/span><\/label><input type=\"text\" name=\"phone-1\" value=\"\" placeholder=\"z. B.: +49 123 4567 89\" id=\"forminator-field-phone-1_69dae1c8df685\" class=\"forminator-input forminator-field--phone\" data-required=\"1\" aria-required=\"true\" autocomplete=\"off\" \/><\/div><\/div><\/div><div class=\"forminator-row\"><div id=\"textarea-1\" class=\"forminator-field-textarea forminator-col forminator-col-12\"><div class=\"forminator-field\"><label for=\"forminator-field-textarea-1_69dae1c8df685\" id=\"forminator-field-textarea-1_69dae1c8df685-label\" class=\"forminator-label\">Deseos\/comentarios<\/label><textarea name=\"textarea-1\" placeholder=\"z. p.ej. marcador de textoPuede a\u00f1adir una nueva l\u00ednea\" id=\"forminator-field-textarea-1_69dae1c8df685\" class=\"forminator-textarea\" rows=\"6\" style=\"min-height:140px;\" ><\/textarea><\/div><\/div><\/div><div class=\"forminator-row\"><div id=\"consent-1\" class=\"forminator-field-consent forminator-col forminator-col-12\"><div class=\"forminator-field\"><label for=\"forminator-field-consent-1_69dae1c8df685\" id=\"forminator-field-consent-1_69dae1c8df685-label\" class=\"forminator-label\">Protecci\u00f3n de datos por consentimiento <span class=\"forminator-required\">*<\/span><\/label><div class=\"forminator-checkbox__wrapper\"><label id=\"forminator-field-consent-1_69dae1c8df685__label\" class=\"forminator-checkbox forminator-consent\"><input type=\"checkbox\" name=\"consent-1\" id=\"forminator-field-consent-1_69dae1c8df685\" value=\"checked\" aria-labelledby=\"forminator-field-consent-1_69dae1c8df685-label\" aria-describedby=\"forminator-field-consent-1_69dae1c8df685__description\" data-required=\"true\" aria-required=\"true\" \/><span class=\"forminator-checkbox-box\" aria-hidden=\"true\"><\/span><\/label><div id=\"forminator-field-consent-1_69dae1c8df685__description\" class=\"forminator-checkbox__label forminator-consent__label\"><p>Acepto el almacenamiento de mis datos con el fin de tramitar la reserva. Mis datos NO se transmitir\u00e1n a terceros.<\/p><\/div><\/div><\/div><\/div><\/div><input type=\"hidden\" name=\"referer_url\" value=\"\" \/><div class=\"forminator-row forminator-row-last\"><div class=\"forminator-col\"><div class=\"forminator-field\"><button class=\"forminator-button forminator-button-submit\">Enviar mensaje<\/button><\/div><\/div><\/div><input type=\"hidden\" id=\"forminator_nonce\" name=\"forminator_nonce\" value=\"5888265bfd\" \/><input type=\"hidden\" name=\"_wp_http_referer\" value=\"\/es\/wp-json\/wp\/v2\/pages\/154\" \/><input type=\"hidden\" name=\"form_id\" value=\"3101\"><input type=\"hidden\" name=\"page_id\" value=\"154\"><input type=\"hidden\" name=\"form_type\" value=\"default\"><input type=\"hidden\" name=\"current_url\" value=\"https:\/\/wieseneck-hiddensee.de\/es\/resevierunganfrage\/\"><input type=\"hidden\" name=\"render_id\" value=\"0\"><input type=\"hidden\" name=\"action\" value=\"forminator_submit_form_custom-forms\"><input type=\"hidden\" name=\"trp-form-language\" value=\"es\"\/><\/form><\/div>\n\t\t\t\t\t\t<\/div>\n\t\t\t\t<\/div>\n\t\t\t\t\t<\/div>\n\t\t<\/div>\n\t\t\t\t<div class=\"elementor-column elementor-col-50 elementor-inner-column elementor-element elementor-element-c20956f\" data-id=\"c20956f\" data-element_type=\"column\" data-e-type=\"column\">\n\t\t\t<div class=\"elementor-widget-wrap elementor-element-populated\">\n\t\t\t\t\t\t<div class=\"elementor-element elementor-element-7a1a6d9 elementor-widget elementor-widget-text-editor\" data-id=\"7a1a6d9\" data-element_type=\"widget\" data-e-type=\"widget\" data-widget_type=\"text-editor.default\">\n\t\t\t\t<div class=\"elementor-widget-container\">\n\t\t\t\t\t\t\t\t\t<div data-id=\"eea943c\" data-element_type=\"widget\" data-widget_type=\"heading.default\"><h5 style=\"text-align: center;\"><span style=\"font-size: 1.79em;\">Ofertas de la Pensi\u00f3n Wieseneck<\/span><\/h5><\/div><div data-id=\"1885ce0\" data-element_type=\"widget\" data-widget_type=\"text-editor.default\"><div style=\"text-align: center;\"><h3 style=\"text-align: center;\">OTO\u00d1O+INVIERNO+PRIMAVERA<\/h3><p style=\"text-align: center;\"><strong>03.11. - 16.11.2025<\/strong><br \/><strong>05.01.2026 hasta 27.03.2026<\/strong><\/p><p style=\"text-align: center;\"><strong>* 3 noches con desayuno<br \/>para 2 personas desde 255,00<\/strong><\/p><p style=\"text-align: center;\"><strong>\u00a0<\/strong><strong>* 5 noches con desayuno\u00a0<\/strong><\/p><p style=\"text-align: center;\"><strong>para 2 personas a partir de 400,00<\/strong><\/p><p style=\"font-style: normal; font-variant-ligatures: normal; font-variant-caps: normal; font-weight: 400; font-size: 19.2px; font-family: Roboto, sans-serif;\"><strong><span style=\"color: #339966;\">\u00a0<\/span><\/strong><\/p><\/div><\/div>\t\t\t\t\t\t\t\t<\/div>\n\t\t\t\t<\/div>\n\t\t\t\t<div class=\"elementor-element elementor-element-a6f3833 elementor-widget elementor-widget-text-editor\" data-id=\"a6f3833\" data-element_type=\"widget\" data-e-type=\"widget\" data-widget_type=\"text-editor.default\">\n\t\t\t\t<div class=\"elementor-widget-container\">\n\t\t\t\t\t\t\t\t\t<p style=\"text-align: center;\"><span style=\"color: #008000;\">\u00a0<\/span><\/p><p style=\"text-align: center;\"><span style=\"color: #008000;\">Debido a la situaci\u00f3n actual, recomendamos a nuestros hu\u00e9spedes que contraten un seguro de cancelaci\u00f3n de viajes.<\/span><\/p>\t\t\t\t\t\t\t\t<\/div>\n\t\t\t\t<\/div>\n\t\t\t\t\t<\/div>\n\t\t<\/div>\n\t\t\t\t\t<\/div>\n\t\t<\/section>\n\t\t\t\t\t<\/div>\n\t\t<\/div>\n\t\t\t\t\t<\/div>\n\t\t<\/section>\n\t\t\t\t<section class=\"elementor-section elementor-top-section elementor-element elementor-element-15056b78 elementor-section-boxed elementor-section-height-default elementor-section-height-default\" data-id=\"15056b78\" data-element_type=\"section\" data-e-type=\"section\">\n\t\t\t\t\t\t<div class=\"elementor-container elementor-column-gap-no\">\n\t\t\t\t\t<div class=\"elementor-column elementor-col-100 elementor-top-column elementor-element elementor-element-38e12753\" data-id=\"38e12753\" data-element_type=\"column\" data-e-type=\"column\">\n\t\t\t<div class=\"elementor-widget-wrap\">\n\t\t\t\t\t\t\t<\/div>\n\t\t<\/div>\n\t\t\t\t\t<\/div>\n\t\t<\/section>\n\t\t\t\t<\/div>","protected":false},"excerpt":{"rendered":"<p>Buchungsanfrage (Pension): Angebote der Pension Wieseneck HERBST+WINTER+FR\u00dcHLING 03.11. \u2013 16.11.202505.01.2026 bis zum 27.03.2026 * 3 \u00dcbernachtungen mit Fr\u00fchst\u00fcckf\u00fcr 2 Personen ab 255,00 \u20ac \u00a0* 5 \u00dcbernachtungen\u00a0mit Fr\u00fchst\u00fcck\u00a0 f\u00fcr 2 Personen ab 400,00 \u20ac \u00a0 \u00a0 &hellip;<\/p>","protected":false},"author":3,"featured_media":0,"parent":0,"menu_order":0,"comment_status":"closed","ping_status":"closed","template":"elementor_header_footer","meta":{"footnotes":""},"folder":[],"class_list":["post-154","page","type-page","status-publish","hentry"],"yoast_head":"<!-- This site is optimized with the Yoast SEO plugin v27.3 - https:\/\/yoast.com\/product\/yoast-seo-wordpress\/ -->\n<title>Resevierunganfrage - wieseneck-hiddensee<\/title>\n<meta name=\"robots\" content=\"index, follow, max-snippet:-1, max-image-preview:large, max-video-preview:-1\" \/>\n<link rel=\"canonical\" href=\"https:\/\/wieseneck-hiddensee.de\/es\/resevierunganfrage\/\" \/>\n<meta property=\"og:locale\" content=\"es_ES\" \/>\n<meta property=\"og:type\" content=\"article\" \/>\n<meta property=\"og:title\" content=\"Resevierunganfrage - wieseneck-hiddensee\" \/>\n<meta property=\"og:description\" content=\"Buchungsanfrage (Pension): Angebote der Pension Wieseneck HERBST+WINTER+FR\u00dcHLING 03.11. \u2013 16.11.202505.01.2026 bis zum 27.03.2026 * 3 \u00dcbernachtungen mit Fr\u00fchst\u00fcckf\u00fcr 2 Personen ab 255,00 \u20ac \u00a0* 5 \u00dcbernachtungen\u00a0mit Fr\u00fchst\u00fcck\u00a0 f\u00fcr 2 Personen ab 400,00 \u20ac \u00a0 \u00a0 &hellip;\" \/>\n<meta property=\"og:url\" content=\"https:\/\/wieseneck-hiddensee.de\/es\/resevierunganfrage\/\" \/>\n<meta property=\"og:site_name\" content=\"wieseneck-hiddensee\" \/>\n<meta property=\"article:modified_time\" content=\"2025-05-30T05:38:39+00:00\" \/>\n<meta property=\"og:image\" content=\"https:\/\/wieseneck-hiddensee.de\/wp-content\/uploads\/2020\/06\/wieseneck_pension.jpg\" \/>\n\t<meta property=\"og:image:width\" content=\"1600\" \/>\n\t<meta property=\"og:image:height\" content=\"500\" \/>\n\t<meta property=\"og:image:type\" content=\"image\/jpeg\" \/>\n<meta name=\"twitter:card\" content=\"summary_large_image\" \/>\n<meta name=\"twitter:label1\" content=\"Tiempo de lectura\" \/>\n\t<meta name=\"twitter:data1\" content=\"1 minuto\" \/>\n<script type=\"application\/ld+json\" class=\"yoast-schema-graph\">{\"@context\":\"https:\\\/\\\/schema.org\",\"@graph\":[{\"@type\":\"WebPage\",\"@id\":\"https:\\\/\\\/wieseneck-hiddensee.de\\\/resevierunganfrage\\\/\",\"url\":\"https:\\\/\\\/wieseneck-hiddensee.de\\\/resevierunganfrage\\\/\",\"name\":\"Resevierunganfrage - wieseneck-hiddensee\",\"isPartOf\":{\"@id\":\"https:\\\/\\\/wieseneck-hiddensee.de\\\/#website\"},\"primaryImageOfPage\":{\"@id\":\"https:\\\/\\\/wieseneck-hiddensee.de\\\/resevierunganfrage\\\/#primaryimage\"},\"image\":{\"@id\":\"https:\\\/\\\/wieseneck-hiddensee.de\\\/resevierunganfrage\\\/#primaryimage\"},\"thumbnailUrl\":\"https:\\\/\\\/wieseneck-hiddensee.de\\\/wp-content\\\/uploads\\\/2020\\\/06\\\/wieseneck_pension.jpg\",\"datePublished\":\"2020-06-13T12:25:47+00:00\",\"dateModified\":\"2025-05-30T05:38:39+00:00\",\"breadcrumb\":{\"@id\":\"https:\\\/\\\/wieseneck-hiddensee.de\\\/resevierunganfrage\\\/#breadcrumb\"},\"inLanguage\":\"es\",\"potentialAction\":[{\"@type\":\"ReadAction\",\"target\":[\"https:\\\/\\\/wieseneck-hiddensee.de\\\/resevierunganfrage\\\/\"]}]},{\"@type\":\"ImageObject\",\"inLanguage\":\"es\",\"@id\":\"https:\\\/\\\/wieseneck-hiddensee.de\\\/resevierunganfrage\\\/#primaryimage\",\"url\":\"https:\\\/\\\/wieseneck-hiddensee.de\\\/wp-content\\\/uploads\\\/2020\\\/06\\\/wieseneck_pension.jpg\",\"contentUrl\":\"https:\\\/\\\/wieseneck-hiddensee.de\\\/wp-content\\\/uploads\\\/2020\\\/06\\\/wieseneck_pension.jpg\"},{\"@type\":\"BreadcrumbList\",\"@id\":\"https:\\\/\\\/wieseneck-hiddensee.de\\\/resevierunganfrage\\\/#breadcrumb\",\"itemListElement\":[{\"@type\":\"ListItem\",\"position\":1,\"name\":\"Startseite\",\"item\":\"https:\\\/\\\/wieseneck-hiddensee.de\\\/\"},{\"@type\":\"ListItem\",\"position\":2,\"name\":\"Resevierunganfrage\"}]},{\"@type\":\"WebSite\",\"@id\":\"https:\\\/\\\/wieseneck-hiddensee.de\\\/#website\",\"url\":\"https:\\\/\\\/wieseneck-hiddensee.de\\\/\",\"name\":\"wieseneck-hiddensee\",\"description\":\"\",\"publisher\":{\"@id\":\"https:\\\/\\\/wieseneck-hiddensee.de\\\/#organization\"},\"potentialAction\":[{\"@type\":\"SearchAction\",\"target\":{\"@type\":\"EntryPoint\",\"urlTemplate\":\"https:\\\/\\\/wieseneck-hiddensee.de\\\/?s={search_term_string}\"},\"query-input\":{\"@type\":\"PropertyValueSpecification\",\"valueRequired\":true,\"valueName\":\"search_term_string\"}}],\"inLanguage\":\"es\"},{\"@type\":\"Organization\",\"@id\":\"https:\\\/\\\/wieseneck-hiddensee.de\\\/#organization\",\"name\":\"wieseneck-hiddensee\",\"url\":\"https:\\\/\\\/wieseneck-hiddensee.de\\\/\",\"logo\":{\"@type\":\"ImageObject\",\"inLanguage\":\"es\",\"@id\":\"https:\\\/\\\/wieseneck-hiddensee.de\\\/#\\\/schema\\\/logo\\\/image\\\/\",\"url\":\"https:\\\/\\\/wieseneck-hiddensee.de\\\/wp-content\\\/uploads\\\/2020\\\/06\\\/cropped-wieseneckillu-3web.jpg\",\"contentUrl\":\"https:\\\/\\\/wieseneck-hiddensee.de\\\/wp-content\\\/uploads\\\/2020\\\/06\\\/cropped-wieseneckillu-3web.jpg\",\"width\":563,\"height\":300,\"caption\":\"wieseneck-hiddensee\"},\"image\":{\"@id\":\"https:\\\/\\\/wieseneck-hiddensee.de\\\/#\\\/schema\\\/logo\\\/image\\\/\"}}]}<\/script>\n<!-- \/ Yoast SEO plugin. -->","yoast_head_json":{"title":"Solicitud de reserva - wieseneck-hiddensee","robots":{"index":"index","follow":"follow","max-snippet":"max-snippet:-1","max-image-preview":"max-image-preview:large","max-video-preview":"max-video-preview:-1"},"canonical":"https:\/\/wieseneck-hiddensee.de\/es\/resevierunganfrage\/","og_locale":"es_ES","og_type":"article","og_title":"Resevierunganfrage - wieseneck-hiddensee","og_description":"Buchungsanfrage (Pension): Angebote der Pension Wieseneck HERBST+WINTER+FR\u00dcHLING 03.11. \u2013 16.11.202505.01.2026 bis zum 27.03.2026 * 3 \u00dcbernachtungen mit Fr\u00fchst\u00fcckf\u00fcr 2 Personen ab 255,00 \u20ac \u00a0* 5 \u00dcbernachtungen\u00a0mit Fr\u00fchst\u00fcck\u00a0 f\u00fcr 2 Personen ab 400,00 \u20ac \u00a0 \u00a0 &hellip;","og_url":"https:\/\/wieseneck-hiddensee.de\/es\/resevierunganfrage\/","og_site_name":"wieseneck-hiddensee","article_modified_time":"2025-05-30T05:38:39+00:00","og_image":[{"width":1600,"height":500,"url":"https:\/\/wieseneck-hiddensee.de\/wp-content\/uploads\/2020\/06\/wieseneck_pension.jpg","type":"image\/jpeg"}],"twitter_card":"summary_large_image","twitter_misc":{"Tiempo de lectura":"1 minuto"},"schema":{"@context":"https:\/\/schema.org","@graph":[{"@type":"WebPage","@id":"https:\/\/wieseneck-hiddensee.de\/resevierunganfrage\/","url":"https:\/\/wieseneck-hiddensee.de\/resevierunganfrage\/","name":"Solicitud de reserva - wieseneck-hiddensee","isPartOf":{"@id":"https:\/\/wieseneck-hiddensee.de\/#website"},"primaryImageOfPage":{"@id":"https:\/\/wieseneck-hiddensee.de\/resevierunganfrage\/#primaryimage"},"image":{"@id":"https:\/\/wieseneck-hiddensee.de\/resevierunganfrage\/#primaryimage"},"thumbnailUrl":"https:\/\/wieseneck-hiddensee.de\/wp-content\/uploads\/2020\/06\/wieseneck_pension.jpg","datePublished":"2020-06-13T12:25:47+00:00","dateModified":"2025-05-30T05:38:39+00:00","breadcrumb":{"@id":"https:\/\/wieseneck-hiddensee.de\/resevierunganfrage\/#breadcrumb"},"inLanguage":"es","potentialAction":[{"@type":"ReadAction","target":["https:\/\/wieseneck-hiddensee.de\/resevierunganfrage\/"]}]},{"@type":"ImageObject","inLanguage":"es","@id":"https:\/\/wieseneck-hiddensee.de\/resevierunganfrage\/#primaryimage","url":"https:\/\/wieseneck-hiddensee.de\/wp-content\/uploads\/2020\/06\/wieseneck_pension.jpg","contentUrl":"https:\/\/wieseneck-hiddensee.de\/wp-content\/uploads\/2020\/06\/wieseneck_pension.jpg"},{"@type":"BreadcrumbList","@id":"https:\/\/wieseneck-hiddensee.de\/resevierunganfrage\/#breadcrumb","itemListElement":[{"@type":"ListItem","position":1,"name":"Startseite","item":"https:\/\/wieseneck-hiddensee.de\/"},{"@type":"ListItem","position":2,"name":"Resevierunganfrage"}]},{"@type":"WebSite","@id":"https:\/\/wieseneck-hiddensee.de\/#website","url":"https:\/\/wieseneck-hiddensee.de\/","name":"wieseneck-hiddensee","description":"","publisher":{"@id":"https:\/\/wieseneck-hiddensee.de\/#organization"},"potentialAction":[{"@type":"SearchAction","target":{"@type":"EntryPoint","urlTemplate":"https:\/\/wieseneck-hiddensee.de\/?s={search_term_string}"},"query-input":{"@type":"PropertyValueSpecification","valueRequired":true,"valueName":"search_term_string"}}],"inLanguage":"es"},{"@type":"Organization","@id":"https:\/\/wieseneck-hiddensee.de\/#organization","name":"wieseneck-hiddensee","url":"https:\/\/wieseneck-hiddensee.de\/","logo":{"@type":"ImageObject","inLanguage":"es","@id":"https:\/\/wieseneck-hiddensee.de\/#\/schema\/logo\/image\/","url":"https:\/\/wieseneck-hiddensee.de\/wp-content\/uploads\/2020\/06\/cropped-wieseneckillu-3web.jpg","contentUrl":"https:\/\/wieseneck-hiddensee.de\/wp-content\/uploads\/2020\/06\/cropped-wieseneckillu-3web.jpg","width":563,"height":300,"caption":"wieseneck-hiddensee"},"image":{"@id":"https:\/\/wieseneck-hiddensee.de\/#\/schema\/logo\/image\/"}}]}},"_links":{"self":[{"href":"https:\/\/wieseneck-hiddensee.de\/es\/wp-json\/wp\/v2\/pages\/154","targetHints":{"allow":["GET"]}}],"collection":[{"href":"https:\/\/wieseneck-hiddensee.de\/es\/wp-json\/wp\/v2\/pages"}],"about":[{"href":"https:\/\/wieseneck-hiddensee.de\/es\/wp-json\/wp\/v2\/types\/page"}],"author":[{"embeddable":true,"href":"https:\/\/wieseneck-hiddensee.de\/es\/wp-json\/wp\/v2\/users\/3"}],"replies":[{"embeddable":true,"href":"https:\/\/wieseneck-hiddensee.de\/es\/wp-json\/wp\/v2\/comments?post=154"}],"version-history":[{"count":101,"href":"https:\/\/wieseneck-hiddensee.de\/es\/wp-json\/wp\/v2\/pages\/154\/revisions"}],"predecessor-version":[{"id":3804,"href":"https:\/\/wieseneck-hiddensee.de\/es\/wp-json\/wp\/v2\/pages\/154\/revisions\/3804"}],"wp:attachment":[{"href":"https:\/\/wieseneck-hiddensee.de\/es\/wp-json\/wp\/v2\/media?parent=154"}],"wp:term":[{"taxonomy":"folder","embeddable":true,"href":"https:\/\/wieseneck-hiddensee.de\/es\/wp-json\/wp\/v2\/folder?post=154"}],"curies":[{"name":"wp","href":"https:\/\/api.w.org\/{rel}","templated":true}]}}