{"id":1755,"date":"2022-09-30T09:35:14","date_gmt":"2022-09-30T07:35:14","guid":{"rendered":"https:\/\/wieseneck-hiddensee.de\/?page_id=1755"},"modified":"2022-09-30T09:42:06","modified_gmt":"2022-09-30T07:42:06","slug":"literatur-tip","status":"publish","type":"page","link":"https:\/\/wieseneck-hiddensee.de\/en\/literatur-tip\/","title":{"rendered":"Literature Tip"},"content":{"rendered":"<div data-elementor-type=\"wp-page\" data-elementor-id=\"1755\" class=\"elementor elementor-1755\">\n\t\t\t\t\t\t<section class=\"elementor-section elementor-top-section elementor-element elementor-element-6f7fe307 elementor-section-boxed elementor-section-height-default elementor-section-height-default\" data-id=\"6f7fe307\" data-element_type=\"section\" data-e-type=\"section\">\n\t\t\t\t\t\t<div class=\"elementor-container elementor-column-gap-default\">\n\t\t\t\t\t<div class=\"elementor-column elementor-col-100 elementor-top-column elementor-element elementor-element-64c9630a\" data-id=\"64c9630a\" data-element_type=\"column\" data-e-type=\"column\">\n\t\t\t<div class=\"elementor-widget-wrap elementor-element-populated\">\n\t\t\t\t\t\t<div class=\"elementor-element elementor-element-38dc3aa2 elementor-widget-divider--view-line elementor-widget elementor-widget-divider\" data-id=\"38dc3aa2\" data-element_type=\"widget\" data-e-type=\"widget\" data-widget_type=\"divider.default\">\n\t\t\t\t<div class=\"elementor-widget-container\">\n\t\t\t\t\t\t\t<div class=\"elementor-divider\">\n\t\t\t<span class=\"elementor-divider-separator\">\n\t\t\t\t\t\t<\/span>\n\t\t<\/div>\n\t\t\t\t\t\t<\/div>\n\t\t\t\t<\/div>\n\t\t\t\t<section class=\"elementor-section elementor-inner-section elementor-element elementor-element-14a9cf73 elementor-section-boxed elementor-section-height-default elementor-section-height-default\" data-id=\"14a9cf73\" data-element_type=\"section\" data-e-type=\"section\">\n\t\t\t\t\t\t<div class=\"elementor-container elementor-column-gap-default\">\n\t\t\t\t\t<div class=\"elementor-column elementor-col-50 elementor-inner-column elementor-element elementor-element-67d3f75d\" data-id=\"67d3f75d\" data-element_type=\"column\" data-e-type=\"column\">\n\t\t\t<div class=\"elementor-widget-wrap elementor-element-populated\">\n\t\t\t\t\t\t<div class=\"elementor-element elementor-element-e8ec108 elementor-widget elementor-widget-text-editor\" data-id=\"e8ec108\" data-element_type=\"widget\" data-e-type=\"widget\" data-widget_type=\"text-editor.default\">\n\t\t\t\t<div class=\"elementor-widget-container\">\n\t\t\t\t\t\t\t\t\t<p><strong>Washed soul - Hiddensee. A memory<\/strong><\/p><p>Forty-five years after his first visits to the <em>S\u00f6te L\u00e4nneken<\/em> author Matt. M\u00fcncheberg, born in 1966 in Berlin-Friedrichshain, once again boards the steamer that will take him from Stralsund via Neuendorf and Vitte back to Kloster. He is curious and full of childlike anticipation: what or whom will he recognize, will the familiar, the familiar predominate, or the new, the strange? So he embarks on a journey that, after four and a half decades of a sometimes crazy but basically happy life, leads him back to the island of Hiddensee, with which he has always associated the colors gray, green, blue and orange, and which for him had always meant the presence of beautiful, quiet, clever people. Actually, and he realizes this from the moment he first steps onto the ferry and then finally back onto island land, he had embarked, unconsciously at first, then fully intentionally, on an exciting, intense and very personal journey to himself, his past, his friends and his family, which was to take him back to the year 1634. What spot on earth could be better suited for this?<\/p><p>After studying education in Leipzig, which he did not complete during the GDR era, M\u00fcncheberg studied law, journalism and communications management after the so-called Wende and has worked for many years as a journalist, author and PR consultant. Up to now, his works have been published in the Todome-Edition of the Mari-Team-Verlag Berlin: Roter Regen - Versuch, der Unf\u00e4higkeit eine Form zu geben, and Gauguin's Dog - Cruise to Hiva Oa, available in bookstores or directly from the publisher: <em>todome@web.de<\/em>.\u00a0\u00a0<\/p><p><em>Matt. M\u00fcncheberg, Washed Soul - Hiddensee. Eine Erinnerung, paperback, todome edition of Mari Team Verlag, Berlin. 122 pages, with three illustrations. With a foreword by Thomas Kunst. ISBN 978-3-938513-08-8, price 12,95 \u20ac (D), 13,40 \u20ac (AT), CHF 16,95. <\/em><\/p><p>\u00a0<\/p>\t\t\t\t\t\t\t\t<\/div>\n\t\t\t\t<\/div>\n\t\t\t\t\t<\/div>\n\t\t<\/div>\n\t\t\t\t<div class=\"elementor-column elementor-col-50 elementor-inner-column elementor-element elementor-element-3edeb32b\" data-id=\"3edeb32b\" data-element_type=\"column\" data-e-type=\"column\">\n\t\t\t<div class=\"elementor-widget-wrap elementor-element-populated\">\n\t\t\t\t\t\t<div class=\"elementor-element elementor-element-149ce2fe elementor-widget elementor-widget-image\" data-id=\"149ce2fe\" data-element_type=\"widget\" data-e-type=\"widget\" data-widget_type=\"image.default\">\n\t\t\t\t<div class=\"elementor-widget-container\">\n\t\t\t\t\t\t\t\t\t\t\t\t\t\t\t<img fetchpriority=\"high\" decoding=\"async\" width=\"439\" height=\"700\" src=\"https:\/\/wieseneck-hiddensee.de\/wp-content\/uploads\/2022\/09\/978-3-938513-08-8-72dpi.jpg\" class=\"attachment-large size-large wp-image-1751\" alt=\"\" srcset=\"https:\/\/wieseneck-hiddensee.de\/wp-content\/uploads\/2022\/09\/978-3-938513-08-8-72dpi.jpg 439w, https:\/\/wieseneck-hiddensee.de\/wp-content\/uploads\/2022\/09\/978-3-938513-08-8-72dpi-188x300.jpg 188w, https:\/\/wieseneck-hiddensee.de\/wp-content\/uploads\/2022\/09\/978-3-938513-08-8-72dpi-8x12.jpg 8w\" sizes=\"(max-width: 439px) 100vw, 439px\" \/>\t\t\t\t\t\t\t\t\t\t\t\t\t\t\t<\/div>\n\t\t\t\t<\/div>\n\t\t\t\t\t<\/div>\n\t\t<\/div>\n\t\t\t\t\t<\/div>\n\t\t<\/section>\n\t\t\t\t<div class=\"elementor-element elementor-element-134c4198 elementor-widget-divider--view-line elementor-widget elementor-widget-divider\" data-id=\"134c4198\" data-element_type=\"widget\" data-e-type=\"widget\" data-widget_type=\"divider.default\">\n\t\t\t\t<div class=\"elementor-widget-container\">\n\t\t\t\t\t\t\t<div class=\"elementor-divider\">\n\t\t\t<span class=\"elementor-divider-separator\">\n\t\t\t\t\t\t<\/span>\n\t\t<\/div>\n\t\t\t\t\t\t<\/div>\n\t\t\t\t<\/div>\n\t\t\t\t\t<\/div>\n\t\t<\/div>\n\t\t\t\t\t<\/div>\n\t\t<\/section>\n\t\t\t\t<\/div>","protected":false},"excerpt":{"rendered":"<p>Washed soul - Hiddensee. A Memoir Forty-five years after his first visits to S\u00f6te L\u00e4nneken, author Matt. M\u00fcncheberg, born in 1966 in Berlin-Friedrichshain, once again boards the steamer that took him from Stralsund via Neuendorf and Vitte ...<\/p>","protected":false},"author":3,"featured_media":0,"parent":0,"menu_order":0,"comment_status":"closed","ping_status":"closed","template":"","meta":{"footnotes":""},"folder":[],"class_list":["post-1755","page","type-page","status-publish","hentry"],"yoast_head":"<!-- This site is optimized with the Yoast SEO plugin v27.5 - https:\/\/yoast.com\/product\/yoast-seo-wordpress\/ -->\n<title>Literatur-Tip - wieseneck-hiddensee<\/title>\n<meta name=\"robots\" content=\"index, follow, max-snippet:-1, max-image-preview:large, max-video-preview:-1\" \/>\n<link rel=\"canonical\" href=\"https:\/\/wieseneck-hiddensee.de\/en\/literatur-tip\/\" \/>\n<meta property=\"og:locale\" content=\"en_GB\" \/>\n<meta property=\"og:type\" content=\"article\" \/>\n<meta property=\"og:title\" content=\"Literatur-Tip - wieseneck-hiddensee\" \/>\n<meta property=\"og:description\" content=\"Gewaschenes Seelchen &#8211; Hiddensee. Eine Erinnerung F\u00fcnfundvierzig Jahre nach seinen ersten Besuchen auf dem S\u00f6te L\u00e4nneken besteigt Autor Matt. M\u00fcncheberg, geboren 1966 in Berlin-Friedrichshain, erneut den Dampfer, der ihn von Stralsund \u00fcber Neuendorf und Vitte &hellip;\" \/>\n<meta property=\"og:url\" content=\"https:\/\/wieseneck-hiddensee.de\/en\/literatur-tip\/\" \/>\n<meta property=\"og:site_name\" content=\"wieseneck-hiddensee\" \/>\n<meta property=\"article:modified_time\" content=\"2022-09-30T07:42:06+00:00\" \/>\n<meta property=\"og:image\" content=\"https:\/\/wieseneck-hiddensee.de\/wp-content\/uploads\/2022\/09\/978-3-938513-08-8-72dpi.jpg\" \/>\n<meta name=\"twitter:card\" content=\"summary_large_image\" \/>\n<meta name=\"twitter:label1\" content=\"Estimated reading time\" \/>\n\t<meta name=\"twitter:data1\" content=\"2 minutes\" \/>\n<script type=\"application\/ld+json\" class=\"yoast-schema-graph\">{\"@context\":\"https:\\\/\\\/schema.org\",\"@graph\":[{\"@type\":\"WebPage\",\"@id\":\"https:\\\/\\\/wieseneck-hiddensee.de\\\/literatur-tip\\\/\",\"url\":\"https:\\\/\\\/wieseneck-hiddensee.de\\\/literatur-tip\\\/\",\"name\":\"Literatur-Tip - wieseneck-hiddensee\",\"isPartOf\":{\"@id\":\"https:\\\/\\\/wieseneck-hiddensee.de\\\/#website\"},\"primaryImageOfPage\":{\"@id\":\"https:\\\/\\\/wieseneck-hiddensee.de\\\/literatur-tip\\\/#primaryimage\"},\"image\":{\"@id\":\"https:\\\/\\\/wieseneck-hiddensee.de\\\/literatur-tip\\\/#primaryimage\"},\"thumbnailUrl\":\"https:\\\/\\\/wieseneck-hiddensee.de\\\/wp-content\\\/uploads\\\/2022\\\/09\\\/978-3-938513-08-8-72dpi.jpg\",\"datePublished\":\"2022-09-30T07:35:14+00:00\",\"dateModified\":\"2022-09-30T07:42:06+00:00\",\"breadcrumb\":{\"@id\":\"https:\\\/\\\/wieseneck-hiddensee.de\\\/literatur-tip\\\/#breadcrumb\"},\"inLanguage\":\"en-GB\",\"potentialAction\":[{\"@type\":\"ReadAction\",\"target\":[\"https:\\\/\\\/wieseneck-hiddensee.de\\\/literatur-tip\\\/\"]}]},{\"@type\":\"ImageObject\",\"inLanguage\":\"en-GB\",\"@id\":\"https:\\\/\\\/wieseneck-hiddensee.de\\\/literatur-tip\\\/#primaryimage\",\"url\":\"https:\\\/\\\/wieseneck-hiddensee.de\\\/wp-content\\\/uploads\\\/2022\\\/09\\\/978-3-938513-08-8-72dpi.jpg\",\"contentUrl\":\"https:\\\/\\\/wieseneck-hiddensee.de\\\/wp-content\\\/uploads\\\/2022\\\/09\\\/978-3-938513-08-8-72dpi.jpg\"},{\"@type\":\"BreadcrumbList\",\"@id\":\"https:\\\/\\\/wieseneck-hiddensee.de\\\/literatur-tip\\\/#breadcrumb\",\"itemListElement\":[{\"@type\":\"ListItem\",\"position\":1,\"name\":\"Startseite\",\"item\":\"https:\\\/\\\/wieseneck-hiddensee.de\\\/\"},{\"@type\":\"ListItem\",\"position\":2,\"name\":\"Literatur-Tip\"}]},{\"@type\":\"WebSite\",\"@id\":\"https:\\\/\\\/wieseneck-hiddensee.de\\\/#website\",\"url\":\"https:\\\/\\\/wieseneck-hiddensee.de\\\/\",\"name\":\"wieseneck-hiddensee\",\"description\":\"\",\"publisher\":{\"@id\":\"https:\\\/\\\/wieseneck-hiddensee.de\\\/#organization\"},\"potentialAction\":[{\"@type\":\"SearchAction\",\"target\":{\"@type\":\"EntryPoint\",\"urlTemplate\":\"https:\\\/\\\/wieseneck-hiddensee.de\\\/?s={search_term_string}\"},\"query-input\":{\"@type\":\"PropertyValueSpecification\",\"valueRequired\":true,\"valueName\":\"search_term_string\"}}],\"inLanguage\":\"en-GB\"},{\"@type\":\"Organization\",\"@id\":\"https:\\\/\\\/wieseneck-hiddensee.de\\\/#organization\",\"name\":\"wieseneck-hiddensee\",\"url\":\"https:\\\/\\\/wieseneck-hiddensee.de\\\/\",\"logo\":{\"@type\":\"ImageObject\",\"inLanguage\":\"en-GB\",\"@id\":\"https:\\\/\\\/wieseneck-hiddensee.de\\\/#\\\/schema\\\/logo\\\/image\\\/\",\"url\":\"https:\\\/\\\/wieseneck-hiddensee.de\\\/wp-content\\\/uploads\\\/2020\\\/06\\\/cropped-wieseneckillu-3web.jpg\",\"contentUrl\":\"https:\\\/\\\/wieseneck-hiddensee.de\\\/wp-content\\\/uploads\\\/2020\\\/06\\\/cropped-wieseneckillu-3web.jpg\",\"width\":563,\"height\":300,\"caption\":\"wieseneck-hiddensee\"},\"image\":{\"@id\":\"https:\\\/\\\/wieseneck-hiddensee.de\\\/#\\\/schema\\\/logo\\\/image\\\/\"}}]}<\/script>\n<!-- \/ Yoast SEO plugin. -->","yoast_head_json":{"title":"Literature tip - wieseneck-hiddensee","robots":{"index":"index","follow":"follow","max-snippet":"max-snippet:-1","max-image-preview":"max-image-preview:large","max-video-preview":"max-video-preview:-1"},"canonical":"https:\/\/wieseneck-hiddensee.de\/en\/literatur-tip\/","og_locale":"en_GB","og_type":"article","og_title":"Literatur-Tip - wieseneck-hiddensee","og_description":"Gewaschenes Seelchen &#8211; Hiddensee. Eine Erinnerung F\u00fcnfundvierzig Jahre nach seinen ersten Besuchen auf dem S\u00f6te L\u00e4nneken besteigt Autor Matt. M\u00fcncheberg, geboren 1966 in Berlin-Friedrichshain, erneut den Dampfer, der ihn von Stralsund \u00fcber Neuendorf und Vitte &hellip;","og_url":"https:\/\/wieseneck-hiddensee.de\/en\/literatur-tip\/","og_site_name":"wieseneck-hiddensee","article_modified_time":"2022-09-30T07:42:06+00:00","og_image":[{"url":"https:\/\/wieseneck-hiddensee.de\/wp-content\/uploads\/2022\/09\/978-3-938513-08-8-72dpi.jpg","type":"","width":"","height":""}],"twitter_card":"summary_large_image","twitter_misc":{"Estimated reading time":"2 minutes"},"schema":{"@context":"https:\/\/schema.org","@graph":[{"@type":"WebPage","@id":"https:\/\/wieseneck-hiddensee.de\/literatur-tip\/","url":"https:\/\/wieseneck-hiddensee.de\/literatur-tip\/","name":"Literature tip - wieseneck-hiddensee","isPartOf":{"@id":"https:\/\/wieseneck-hiddensee.de\/#website"},"primaryImageOfPage":{"@id":"https:\/\/wieseneck-hiddensee.de\/literatur-tip\/#primaryimage"},"image":{"@id":"https:\/\/wieseneck-hiddensee.de\/literatur-tip\/#primaryimage"},"thumbnailUrl":"https:\/\/wieseneck-hiddensee.de\/wp-content\/uploads\/2022\/09\/978-3-938513-08-8-72dpi.jpg","datePublished":"2022-09-30T07:35:14+00:00","dateModified":"2022-09-30T07:42:06+00:00","breadcrumb":{"@id":"https:\/\/wieseneck-hiddensee.de\/literatur-tip\/#breadcrumb"},"inLanguage":"en-GB","potentialAction":[{"@type":"ReadAction","target":["https:\/\/wieseneck-hiddensee.de\/literatur-tip\/"]}]},{"@type":"ImageObject","inLanguage":"en-GB","@id":"https:\/\/wieseneck-hiddensee.de\/literatur-tip\/#primaryimage","url":"https:\/\/wieseneck-hiddensee.de\/wp-content\/uploads\/2022\/09\/978-3-938513-08-8-72dpi.jpg","contentUrl":"https:\/\/wieseneck-hiddensee.de\/wp-content\/uploads\/2022\/09\/978-3-938513-08-8-72dpi.jpg"},{"@type":"BreadcrumbList","@id":"https:\/\/wieseneck-hiddensee.de\/literatur-tip\/#breadcrumb","itemListElement":[{"@type":"ListItem","position":1,"name":"Startseite","item":"https:\/\/wieseneck-hiddensee.de\/"},{"@type":"ListItem","position":2,"name":"Literatur-Tip"}]},{"@type":"WebSite","@id":"https:\/\/wieseneck-hiddensee.de\/#website","url":"https:\/\/wieseneck-hiddensee.de\/","name":"wieseneck-hiddensee","description":"","publisher":{"@id":"https:\/\/wieseneck-hiddensee.de\/#organization"},"potentialAction":[{"@type":"SearchAction","target":{"@type":"EntryPoint","urlTemplate":"https:\/\/wieseneck-hiddensee.de\/?s={search_term_string}"},"query-input":{"@type":"PropertyValueSpecification","valueRequired":true,"valueName":"search_term_string"}}],"inLanguage":"en-GB"},{"@type":"Organization","@id":"https:\/\/wieseneck-hiddensee.de\/#organization","name":"wieseneck-hiddensee","url":"https:\/\/wieseneck-hiddensee.de\/","logo":{"@type":"ImageObject","inLanguage":"en-GB","@id":"https:\/\/wieseneck-hiddensee.de\/#\/schema\/logo\/image\/","url":"https:\/\/wieseneck-hiddensee.de\/wp-content\/uploads\/2020\/06\/cropped-wieseneckillu-3web.jpg","contentUrl":"https:\/\/wieseneck-hiddensee.de\/wp-content\/uploads\/2020\/06\/cropped-wieseneckillu-3web.jpg","width":563,"height":300,"caption":"wieseneck-hiddensee"},"image":{"@id":"https:\/\/wieseneck-hiddensee.de\/#\/schema\/logo\/image\/"}}]}},"_links":{"self":[{"href":"https:\/\/wieseneck-hiddensee.de\/en\/wp-json\/wp\/v2\/pages\/1755","targetHints":{"allow":["GET"]}}],"collection":[{"href":"https:\/\/wieseneck-hiddensee.de\/en\/wp-json\/wp\/v2\/pages"}],"about":[{"href":"https:\/\/wieseneck-hiddensee.de\/en\/wp-json\/wp\/v2\/types\/page"}],"author":[{"embeddable":true,"href":"https:\/\/wieseneck-hiddensee.de\/en\/wp-json\/wp\/v2\/users\/3"}],"replies":[{"embeddable":true,"href":"https:\/\/wieseneck-hiddensee.de\/en\/wp-json\/wp\/v2\/comments?post=1755"}],"version-history":[{"count":4,"href":"https:\/\/wieseneck-hiddensee.de\/en\/wp-json\/wp\/v2\/pages\/1755\/revisions"}],"predecessor-version":[{"id":1760,"href":"https:\/\/wieseneck-hiddensee.de\/en\/wp-json\/wp\/v2\/pages\/1755\/revisions\/1760"}],"wp:attachment":[{"href":"https:\/\/wieseneck-hiddensee.de\/en\/wp-json\/wp\/v2\/media?parent=1755"}],"wp:term":[{"taxonomy":"folder","embeddable":true,"href":"https:\/\/wieseneck-hiddensee.de\/en\/wp-json\/wp\/v2\/folder?post=1755"}],"curies":[{"name":"wp","href":"https:\/\/api.w.org\/{rel}","templated":true}]}}