{"id":161,"date":"2020-06-13T14:52:00","date_gmt":"2020-06-13T12:52:00","guid":{"rendered":"https:\/\/wp.wieseneck-hiddensee.de\/?page_id=161"},"modified":"2026-04-03T14:58:43","modified_gmt":"2026-04-03T12:58:43","slug":"angebote","status":"publish","type":"page","link":"https:\/\/wieseneck-hiddensee.de\/en\/angebote\/","title":{"rendered":"Offers"},"content":{"rendered":"<div data-elementor-type=\"wp-page\" data-elementor-id=\"161\" class=\"elementor elementor-161\">\n\t\t\t\t\t\t<section class=\"elementor-section elementor-top-section elementor-element elementor-element-231ab4db elementor-section-boxed elementor-section-height-default elementor-section-height-default\" data-id=\"231ab4db\" data-element_type=\"section\" data-e-type=\"section\">\n\t\t\t\t\t\t<div class=\"elementor-container elementor-column-gap-no\">\n\t\t\t\t\t<div class=\"elementor-column elementor-col-100 elementor-top-column elementor-element elementor-element-6a687669\" data-id=\"6a687669\" data-element_type=\"column\" data-e-type=\"column\">\n\t\t\t<div class=\"elementor-widget-wrap elementor-element-populated\">\n\t\t\t\t\t\t<div class=\"elementor-element elementor-element-7b13d169 elementor-widget elementor-widget-image\" data-id=\"7b13d169\" data-element_type=\"widget\" data-e-type=\"widget\" data-widget_type=\"image.default\">\n\t\t\t\t<div class=\"elementor-widget-container\">\n\t\t\t\t\t\t\t\t\t\t\t\t\t\t\t<img fetchpriority=\"high\" decoding=\"async\" width=\"1600\" height=\"500\" src=\"https:\/\/wieseneck-hiddensee.de\/wp-content\/uploads\/2020\/06\/WieseneckAngeboteHerbstFruehjar.jpg\" class=\"attachment-full size-full wp-image-163\" alt=\"\" srcset=\"https:\/\/wieseneck-hiddensee.de\/wp-content\/uploads\/2020\/06\/WieseneckAngeboteHerbstFruehjar.jpg 1600w, https:\/\/wieseneck-hiddensee.de\/wp-content\/uploads\/2020\/06\/WieseneckAngeboteHerbstFruehjar-300x94.jpg 300w, https:\/\/wieseneck-hiddensee.de\/wp-content\/uploads\/2020\/06\/WieseneckAngeboteHerbstFruehjar-1024x320.jpg 1024w, https:\/\/wieseneck-hiddensee.de\/wp-content\/uploads\/2020\/06\/WieseneckAngeboteHerbstFruehjar-768x240.jpg 768w, https:\/\/wieseneck-hiddensee.de\/wp-content\/uploads\/2020\/06\/WieseneckAngeboteHerbstFruehjar-1536x480.jpg 1536w, https:\/\/wieseneck-hiddensee.de\/wp-content\/uploads\/2020\/06\/WieseneckAngeboteHerbstFruehjar-512x160.jpg 512w\" sizes=\"(max-width: 1600px) 100vw, 1600px\" \/>\t\t\t\t\t\t\t\t\t\t\t\t\t\t\t<\/div>\n\t\t\t\t<\/div>\n\t\t\t\t\t<\/div>\n\t\t<\/div>\n\t\t\t\t\t<\/div>\n\t\t<\/section>\n\t\t\t\t<section class=\"elementor-section elementor-top-section elementor-element elementor-element-9a29f15 elementor-section-boxed elementor-section-height-default elementor-section-height-default\" data-id=\"9a29f15\" data-element_type=\"section\" data-e-type=\"section\">\n\t\t\t\t\t\t<div class=\"elementor-container elementor-column-gap-default\">\n\t\t\t\t\t<div class=\"elementor-column elementor-col-100 elementor-top-column elementor-element elementor-element-49594c6\" data-id=\"49594c6\" data-element_type=\"column\" data-e-type=\"column\">\n\t\t\t<div class=\"elementor-widget-wrap elementor-element-populated\">\n\t\t\t\t\t\t<div class=\"elementor-element elementor-element-60f69c3 elementor-widget-divider--view-line elementor-widget elementor-widget-divider\" data-id=\"60f69c3\" data-element_type=\"widget\" data-e-type=\"widget\" data-widget_type=\"divider.default\">\n\t\t\t\t<div class=\"elementor-widget-container\">\n\t\t\t\t\t\t\t<div class=\"elementor-divider\">\n\t\t\t<span class=\"elementor-divider-separator\">\n\t\t\t\t\t\t<\/span>\n\t\t<\/div>\n\t\t\t\t\t\t<\/div>\n\t\t\t\t<\/div>\n\t\t\t\t\t<\/div>\n\t\t<\/div>\n\t\t\t\t\t<\/div>\n\t\t<\/section>\n\t\t\t\t<section class=\"elementor-section elementor-top-section elementor-element elementor-element-404fe468 elementor-section-boxed elementor-section-height-default elementor-section-height-default\" data-id=\"404fe468\" data-element_type=\"section\" data-e-type=\"section\">\n\t\t\t\t\t\t<div class=\"elementor-container elementor-column-gap-default\">\n\t\t\t\t\t<div class=\"elementor-column elementor-col-66 elementor-top-column elementor-element elementor-element-469eb148\" data-id=\"469eb148\" data-element_type=\"column\" data-e-type=\"column\">\n\t\t\t<div class=\"elementor-widget-wrap elementor-element-populated\">\n\t\t\t\t\t\t<div class=\"elementor-element elementor-element-eea943c elementor-widget elementor-widget-heading\" data-id=\"eea943c\" data-element_type=\"widget\" data-e-type=\"widget\" data-widget_type=\"heading.default\">\n\t\t\t\t<div class=\"elementor-widget-container\">\n\t\t\t\t\t<h4 class=\"elementor-heading-title elementor-size-default\">Unser Fr\u00fchlingsangebot:<\/h4>\t\t\t\t<\/div>\n\t\t\t\t<\/div>\n\t\t\t\t<div class=\"elementor-element elementor-element-1885ce0 elementor-widget__width-initial elementor-widget elementor-widget-text-editor\" data-id=\"1885ce0\" data-element_type=\"widget\" data-e-type=\"widget\" data-widget_type=\"text-editor.default\">\n\t\t\t\t<div class=\"elementor-widget-container\">\n\t\t\t\t\t\t\t\t\t<div data-id=\"\\&quot;1885ce0\\&quot;\" data-element_type=\"\\&quot;widget\\&quot;\" data-widget_type=\"\\&quot;text-editor.default\\&quot;\"><div><div>04.04.2026 bis zum 30.04.2026<\/div><p>3 \u00dcbernachtungen + Fr\u00fchst\u00fcck<\/p><p>f\u00fcr 2 Personen ab 260,- \u20ac<\/p><p>5 nights with breakfast<\/p><p>f\u00fcr 2 Personen ab 420,- \u20ac<\/p><\/div><\/div>\t\t\t\t\t\t\t\t<\/div>\n\t\t\t\t<\/div>\n\t\t\t\t\t<\/div>\n\t\t<\/div>\n\t\t\t\t<div class=\"elementor-column elementor-col-33 elementor-top-column elementor-element elementor-element-5cc1ff09 elementor-invisible\" data-id=\"5cc1ff09\" data-element_type=\"column\" data-e-type=\"column\" data-settings=\"{&quot;animation&quot;:&quot;fadeInRight&quot;}\">\n\t\t\t<div class=\"elementor-widget-wrap elementor-element-populated\">\n\t\t\t\t\t\t<div class=\"elementor-element elementor-element-551a6e38 elementor-widget elementor-widget-text-editor\" data-id=\"551a6e38\" data-element_type=\"widget\" data-e-type=\"widget\" data-widget_type=\"text-editor.default\">\n\t\t\t\t<div class=\"elementor-widget-container\">\n\t\t\t\t\t\t\t\t\t<p><span style=\"color: #ffffff;\"><a style=\"color: #ffffff;\" href=\"https:\/\/wieseneck-hiddensee.de\/en\/resevierunganfrage\/\">Reservation request<\/a><\/span><\/p>\t\t\t\t\t\t\t\t<\/div>\n\t\t\t\t<\/div>\n\t\t\t\t<div class=\"elementor-element elementor-element-54313011 elementor-widget elementor-widget-text-editor\" data-id=\"54313011\" data-element_type=\"widget\" data-e-type=\"widget\" data-widget_type=\"text-editor.default\">\n\t\t\t\t<div class=\"elementor-widget-container\">\n\t\t\t\t\t\t\t\t\t<h4>Wieseneck Newsletter<\/h4><p>Current info<br \/>Rooms available at short notice<br \/>Culture Tips<\/p>\t\t\t\t\t\t\t\t<\/div>\n\t\t\t\t<\/div>\n\t\t\t\t\t<\/div>\n\t\t<\/div>\n\t\t\t\t\t<\/div>\n\t\t<\/section>\n\t\t\t\t<\/div>","protected":false},"excerpt":{"rendered":"<p>Unser Fr\u00fchlingsangebot: 04.04.2026 bis zum 30.04.2026 3 \u00dcbernachtungen + Fr\u00fchst\u00fcck f\u00fcr 2 Personen ab 260,- \u20ac 5 \u00dcbernachtungen mit Fr\u00fchst\u00fcck f\u00fcr 2 Personen ab 420,- \u20ac Reservierungsanfrage Wieseneck-Newsletter Aktuelle InfosKurzfristig freie Zimmer \u00adKultur-Tips<\/p>","protected":false},"author":3,"featured_media":163,"parent":0,"menu_order":0,"comment_status":"closed","ping_status":"closed","template":"elementor_header_footer","meta":{"footnotes":""},"folder":[],"class_list":["post-161","page","type-page","status-publish","has-post-thumbnail","hentry"],"yoast_head":"<!-- This site is optimized with the Yoast SEO plugin v27.4 - https:\/\/yoast.com\/product\/yoast-seo-wordpress\/ -->\n<title>Angebote - wieseneck-hiddensee<\/title>\n<meta name=\"robots\" content=\"index, follow, max-snippet:-1, max-image-preview:large, max-video-preview:-1\" \/>\n<link rel=\"canonical\" href=\"https:\/\/wieseneck-hiddensee.de\/en\/angebote\/\" \/>\n<meta property=\"og:locale\" content=\"en_GB\" \/>\n<meta property=\"og:type\" content=\"article\" \/>\n<meta property=\"og:title\" content=\"Angebote - wieseneck-hiddensee\" \/>\n<meta property=\"og:description\" content=\"Unser Fr\u00fchlingsangebot: 04.04.2026 bis zum 30.04.2026 3 \u00dcbernachtungen + Fr\u00fchst\u00fcck f\u00fcr 2 Personen ab 260,- \u20ac 5 \u00dcbernachtungen mit Fr\u00fchst\u00fcck f\u00fcr 2 Personen ab 420,- \u20ac Reservierungsanfrage Wieseneck-Newsletter Aktuelle InfosKurzfristig freie Zimmer \u00adKultur-Tips\" \/>\n<meta property=\"og:url\" content=\"https:\/\/wieseneck-hiddensee.de\/en\/angebote\/\" \/>\n<meta property=\"og:site_name\" content=\"wieseneck-hiddensee\" \/>\n<meta property=\"article:modified_time\" content=\"2026-04-03T12:58:43+00:00\" \/>\n<meta property=\"og:image\" content=\"https:\/\/wieseneck-hiddensee.de\/wp-content\/uploads\/2020\/06\/WieseneckAngeboteHerbstFruehjar.jpg\" \/>\n\t<meta property=\"og:image:width\" content=\"1600\" \/>\n\t<meta property=\"og:image:height\" content=\"500\" \/>\n\t<meta property=\"og:image:type\" content=\"image\/jpeg\" \/>\n<meta name=\"twitter:card\" content=\"summary_large_image\" \/>\n<meta name=\"twitter:label1\" content=\"Estimated reading time\" \/>\n\t<meta name=\"twitter:data1\" content=\"1 minute\" \/>\n<script type=\"application\/ld+json\" class=\"yoast-schema-graph\">{\"@context\":\"https:\\\/\\\/schema.org\",\"@graph\":[{\"@type\":\"WebPage\",\"@id\":\"https:\\\/\\\/wieseneck-hiddensee.de\\\/angebote\\\/\",\"url\":\"https:\\\/\\\/wieseneck-hiddensee.de\\\/angebote\\\/\",\"name\":\"Angebote - wieseneck-hiddensee\",\"isPartOf\":{\"@id\":\"https:\\\/\\\/wieseneck-hiddensee.de\\\/#website\"},\"primaryImageOfPage\":{\"@id\":\"https:\\\/\\\/wieseneck-hiddensee.de\\\/angebote\\\/#primaryimage\"},\"image\":{\"@id\":\"https:\\\/\\\/wieseneck-hiddensee.de\\\/angebote\\\/#primaryimage\"},\"thumbnailUrl\":\"https:\\\/\\\/wieseneck-hiddensee.de\\\/wp-content\\\/uploads\\\/2020\\\/06\\\/WieseneckAngeboteHerbstFruehjar.jpg\",\"datePublished\":\"2020-06-13T12:52:00+00:00\",\"dateModified\":\"2026-04-03T12:58:43+00:00\",\"breadcrumb\":{\"@id\":\"https:\\\/\\\/wieseneck-hiddensee.de\\\/angebote\\\/#breadcrumb\"},\"inLanguage\":\"en-GB\",\"potentialAction\":[{\"@type\":\"ReadAction\",\"target\":[\"https:\\\/\\\/wieseneck-hiddensee.de\\\/angebote\\\/\"]}]},{\"@type\":\"ImageObject\",\"inLanguage\":\"en-GB\",\"@id\":\"https:\\\/\\\/wieseneck-hiddensee.de\\\/angebote\\\/#primaryimage\",\"url\":\"https:\\\/\\\/wieseneck-hiddensee.de\\\/wp-content\\\/uploads\\\/2020\\\/06\\\/WieseneckAngeboteHerbstFruehjar.jpg\",\"contentUrl\":\"https:\\\/\\\/wieseneck-hiddensee.de\\\/wp-content\\\/uploads\\\/2020\\\/06\\\/WieseneckAngeboteHerbstFruehjar.jpg\",\"width\":1600,\"height\":500},{\"@type\":\"BreadcrumbList\",\"@id\":\"https:\\\/\\\/wieseneck-hiddensee.de\\\/angebote\\\/#breadcrumb\",\"itemListElement\":[{\"@type\":\"ListItem\",\"position\":1,\"name\":\"Startseite\",\"item\":\"https:\\\/\\\/wieseneck-hiddensee.de\\\/\"},{\"@type\":\"ListItem\",\"position\":2,\"name\":\"Angebote\"}]},{\"@type\":\"WebSite\",\"@id\":\"https:\\\/\\\/wieseneck-hiddensee.de\\\/#website\",\"url\":\"https:\\\/\\\/wieseneck-hiddensee.de\\\/\",\"name\":\"wieseneck-hiddensee\",\"description\":\"\",\"publisher\":{\"@id\":\"https:\\\/\\\/wieseneck-hiddensee.de\\\/#organization\"},\"potentialAction\":[{\"@type\":\"SearchAction\",\"target\":{\"@type\":\"EntryPoint\",\"urlTemplate\":\"https:\\\/\\\/wieseneck-hiddensee.de\\\/?s={search_term_string}\"},\"query-input\":{\"@type\":\"PropertyValueSpecification\",\"valueRequired\":true,\"valueName\":\"search_term_string\"}}],\"inLanguage\":\"en-GB\"},{\"@type\":\"Organization\",\"@id\":\"https:\\\/\\\/wieseneck-hiddensee.de\\\/#organization\",\"name\":\"wieseneck-hiddensee\",\"url\":\"https:\\\/\\\/wieseneck-hiddensee.de\\\/\",\"logo\":{\"@type\":\"ImageObject\",\"inLanguage\":\"en-GB\",\"@id\":\"https:\\\/\\\/wieseneck-hiddensee.de\\\/#\\\/schema\\\/logo\\\/image\\\/\",\"url\":\"https:\\\/\\\/wieseneck-hiddensee.de\\\/wp-content\\\/uploads\\\/2020\\\/06\\\/cropped-wieseneckillu-3web.jpg\",\"contentUrl\":\"https:\\\/\\\/wieseneck-hiddensee.de\\\/wp-content\\\/uploads\\\/2020\\\/06\\\/cropped-wieseneckillu-3web.jpg\",\"width\":563,\"height\":300,\"caption\":\"wieseneck-hiddensee\"},\"image\":{\"@id\":\"https:\\\/\\\/wieseneck-hiddensee.de\\\/#\\\/schema\\\/logo\\\/image\\\/\"}}]}<\/script>\n<!-- \/ Yoast SEO plugin. -->","yoast_head_json":{"title":"offers - wieseneck-hiddensee","robots":{"index":"index","follow":"follow","max-snippet":"max-snippet:-1","max-image-preview":"max-image-preview:large","max-video-preview":"max-video-preview:-1"},"canonical":"https:\/\/wieseneck-hiddensee.de\/en\/angebote\/","og_locale":"en_GB","og_type":"article","og_title":"Angebote - wieseneck-hiddensee","og_description":"Unser Fr\u00fchlingsangebot: 04.04.2026 bis zum 30.04.2026 3 \u00dcbernachtungen + Fr\u00fchst\u00fcck f\u00fcr 2 Personen ab 260,- \u20ac 5 \u00dcbernachtungen mit Fr\u00fchst\u00fcck f\u00fcr 2 Personen ab 420,- \u20ac Reservierungsanfrage Wieseneck-Newsletter Aktuelle InfosKurzfristig freie Zimmer \u00adKultur-Tips","og_url":"https:\/\/wieseneck-hiddensee.de\/en\/angebote\/","og_site_name":"wieseneck-hiddensee","article_modified_time":"2026-04-03T12:58:43+00:00","og_image":[{"width":1600,"height":500,"url":"https:\/\/wieseneck-hiddensee.de\/wp-content\/uploads\/2020\/06\/WieseneckAngeboteHerbstFruehjar.jpg","type":"image\/jpeg"}],"twitter_card":"summary_large_image","twitter_misc":{"Estimated reading time":"1 minute"},"schema":{"@context":"https:\/\/schema.org","@graph":[{"@type":"WebPage","@id":"https:\/\/wieseneck-hiddensee.de\/angebote\/","url":"https:\/\/wieseneck-hiddensee.de\/angebote\/","name":"offers - wieseneck-hiddensee","isPartOf":{"@id":"https:\/\/wieseneck-hiddensee.de\/#website"},"primaryImageOfPage":{"@id":"https:\/\/wieseneck-hiddensee.de\/angebote\/#primaryimage"},"image":{"@id":"https:\/\/wieseneck-hiddensee.de\/angebote\/#primaryimage"},"thumbnailUrl":"https:\/\/wieseneck-hiddensee.de\/wp-content\/uploads\/2020\/06\/WieseneckAngeboteHerbstFruehjar.jpg","datePublished":"2020-06-13T12:52:00+00:00","dateModified":"2026-04-03T12:58:43+00:00","breadcrumb":{"@id":"https:\/\/wieseneck-hiddensee.de\/angebote\/#breadcrumb"},"inLanguage":"en-GB","potentialAction":[{"@type":"ReadAction","target":["https:\/\/wieseneck-hiddensee.de\/angebote\/"]}]},{"@type":"ImageObject","inLanguage":"en-GB","@id":"https:\/\/wieseneck-hiddensee.de\/angebote\/#primaryimage","url":"https:\/\/wieseneck-hiddensee.de\/wp-content\/uploads\/2020\/06\/WieseneckAngeboteHerbstFruehjar.jpg","contentUrl":"https:\/\/wieseneck-hiddensee.de\/wp-content\/uploads\/2020\/06\/WieseneckAngeboteHerbstFruehjar.jpg","width":1600,"height":500},{"@type":"BreadcrumbList","@id":"https:\/\/wieseneck-hiddensee.de\/angebote\/#breadcrumb","itemListElement":[{"@type":"ListItem","position":1,"name":"Startseite","item":"https:\/\/wieseneck-hiddensee.de\/"},{"@type":"ListItem","position":2,"name":"Angebote"}]},{"@type":"WebSite","@id":"https:\/\/wieseneck-hiddensee.de\/#website","url":"https:\/\/wieseneck-hiddensee.de\/","name":"wieseneck-hiddensee","description":"","publisher":{"@id":"https:\/\/wieseneck-hiddensee.de\/#organization"},"potentialAction":[{"@type":"SearchAction","target":{"@type":"EntryPoint","urlTemplate":"https:\/\/wieseneck-hiddensee.de\/?s={search_term_string}"},"query-input":{"@type":"PropertyValueSpecification","valueRequired":true,"valueName":"search_term_string"}}],"inLanguage":"en-GB"},{"@type":"Organization","@id":"https:\/\/wieseneck-hiddensee.de\/#organization","name":"wieseneck-hiddensee","url":"https:\/\/wieseneck-hiddensee.de\/","logo":{"@type":"ImageObject","inLanguage":"en-GB","@id":"https:\/\/wieseneck-hiddensee.de\/#\/schema\/logo\/image\/","url":"https:\/\/wieseneck-hiddensee.de\/wp-content\/uploads\/2020\/06\/cropped-wieseneckillu-3web.jpg","contentUrl":"https:\/\/wieseneck-hiddensee.de\/wp-content\/uploads\/2020\/06\/cropped-wieseneckillu-3web.jpg","width":563,"height":300,"caption":"wieseneck-hiddensee"},"image":{"@id":"https:\/\/wieseneck-hiddensee.de\/#\/schema\/logo\/image\/"}}]}},"_links":{"self":[{"href":"https:\/\/wieseneck-hiddensee.de\/en\/wp-json\/wp\/v2\/pages\/161","targetHints":{"allow":["GET"]}}],"collection":[{"href":"https:\/\/wieseneck-hiddensee.de\/en\/wp-json\/wp\/v2\/pages"}],"about":[{"href":"https:\/\/wieseneck-hiddensee.de\/en\/wp-json\/wp\/v2\/types\/page"}],"author":[{"embeddable":true,"href":"https:\/\/wieseneck-hiddensee.de\/en\/wp-json\/wp\/v2\/users\/3"}],"replies":[{"embeddable":true,"href":"https:\/\/wieseneck-hiddensee.de\/en\/wp-json\/wp\/v2\/comments?post=161"}],"version-history":[{"count":69,"href":"https:\/\/wieseneck-hiddensee.de\/en\/wp-json\/wp\/v2\/pages\/161\/revisions"}],"predecessor-version":[{"id":4217,"href":"https:\/\/wieseneck-hiddensee.de\/en\/wp-json\/wp\/v2\/pages\/161\/revisions\/4217"}],"wp:featuredmedia":[{"embeddable":true,"href":"https:\/\/wieseneck-hiddensee.de\/en\/wp-json\/wp\/v2\/media\/163"}],"wp:attachment":[{"href":"https:\/\/wieseneck-hiddensee.de\/en\/wp-json\/wp\/v2\/media?parent=161"}],"wp:term":[{"taxonomy":"folder","embeddable":true,"href":"https:\/\/wieseneck-hiddensee.de\/en\/wp-json\/wp\/v2\/folder?post=161"}],"curies":[{"name":"wp","href":"https:\/\/api.w.org\/{rel}","templated":true}]}}